{"id":1302,"date":"2016-11-16T08:00:45","date_gmt":"2016-11-16T08:00:45","guid":{"rendered":"http:\/\/localhost\/donald\/?page_id=1302"},"modified":"2024-11-12T15:07:56","modified_gmt":"2024-11-12T12:07:56","slug":"kurumsal","status":"publish","type":"page","link":"https:\/\/gpautomatic.com\/en\/kurumsal\/","title":{"rendered":"CORPORATE"},"content":{"rendered":"<div class=\"wpb-content-wrapper\"><section class=\"vc_row wpb_row vc_row-fluid vc_custom_1479284301730\"><div class=\"container\"><div class=\"row\"><div class=\"align-right wpb_column vc_column_container vc_col-sm-12\"><div class=\"vc_column-inner\"><div class=\"wpb_wrapper\">\n\t<div class=\"wpb_text_column wpb_content_element vc_custom_1725086012012\" >\n\t\t<div class=\"wpb_wrapper\">\n\t\t\t<h2 style=\"text-align: center;\">GP AUTOMATIC<\/h2>\n<h4 style=\"text-align: center;\"><strong><span class=\"sub-title color-theme\">ABOUT<\/span><\/strong><\/h4>\n\n\t\t<\/div>\n\t<\/div>\n\n\t<div class=\"wpb_text_column wpb_content_element vc_custom_1725086086756\" >\n\t\t<div class=\"wpb_wrapper\">\n\t\t\t<p style=\"text-align: left;\">With more than 30 years of experience, GP Automatic has become a leading company in the sector, specializing in shutters, blinds and pergola canopy systems. Always prioritizing customer satisfaction, GP Automatic makes a difference with modern solutions and high quality standards.<\/p>\n<p style=\"text-align: left;\">Our products aim to provide the best service to our customers with their durability, longevity and aesthetic design. Our team aims to add comfort and elegance to your living and working spaces by working meticulously to meet all kinds of shade system needs.<\/p>\n<p style=\"text-align: left;\">Our shutter, louver and pergola shade systems protect your spaces from the sun and give them an aesthetic appearance. With GP Automatic's strong position in the sector and customer-oriented approach, we continue to provide the best service. For your shade systems needs, choose GP Automatic, which offers quality, durability and aesthetics together.<\/p>\n\n\t\t<\/div>\n\t<\/div>\n<\/div><\/div><\/div><\/div><\/div><div class=\"clearfix\"><\/div><\/section><section class=\"vc_row wpb_row vc_row-fluid vc_custom_1479285384674\"><div class=\"container\"><div class=\"row\"><div class=\"wpb_column vc_column_container vc_col-sm-12\"><div class=\"vc_column-inner\"><div class=\"wpb_wrapper\">\n\t<div  class=\"wpb_single_image wpb_content_element vc_align_left wpb_content_element vc_custom_1725446363690\">\n\t\t\n\t\t<figure class=\"wpb_wrapper vc_figure\">\n\t\t\t<div class=\"vc_single_image-wrapper   vc_box_border_grey\"><img decoding=\"async\" width=\"1170\" height=\"658\" data-src=\"https:\/\/gpautomatic.com\/wp-content\/uploads\/2024\/09\/Fabrika_a.jpg\" class=\"vc_single_image-img attachment-full lazyload\" alt=\"\" title=\"Fabrika_a+\" src=\"data:image\/svg+xml;base64,PHN2ZyB3aWR0aD0iMSIgaGVpZ2h0PSIxIiB4bWxucz0iaHR0cDovL3d3dy53My5vcmcvMjAwMC9zdmciPjwvc3ZnPg==\" style=\"--smush-placeholder-width: 1170px; --smush-placeholder-aspect-ratio: 1170\/658;\" \/><\/div>\n\t\t<\/figure>\n\t<\/div>\n<\/div><\/div><\/div><\/div><\/div><div class=\"clearfix\"><\/div><div class=\"line-top-right w-680\"><\/div><\/section><section class=\"vc_row wpb_row vc_row-fluid vc_custom_1479288625546\"><div class=\"container\"><div class=\"row\"><div class=\"wpb_column vc_column_container vc_col-sm-12\"><div class=\"vc_column-inner\"><div class=\"wpb_wrapper\"><div class=\"vc_tta-container\" data-vc-action=\"collapse\"><div class=\"vc_general vc_tta vc_tta-tabs vc_tta-color-grey vc_tta-style-classic vc_tta-shape-rounded vc_tta-spacing-1  ot-tabs vc_tta-tabs-position-left vc_tta-controls-align-left  vc_custom_1479287792707\"><div class=\"vc_tta-tabs-container\"><ul class=\"vc_tta-tabs-list\"><li class=\"vc_tta-tab vc_active\" data-vc-tab><a href=\"#1479285992650-14ce9708-6d85\" data-vc-tabs data-vc-container=\".vc_tta\"><span class=\"vc_tta-title-text\">FACTORY INTERIOR<\/span><\/a><\/li><li class=\"vc_tta-tab\" data-vc-tab><a href=\"#1479285992691-81ad7c51-7ea3\" data-vc-tabs data-vc-container=\".vc_tta\"><span class=\"vc_tta-title-text\">FACTORY EXTERIOR<\/span><\/a><\/li><li class=\"vc_tta-tab\" data-vc-tab><a href=\"#1479286255822-73d31525-f424\" data-vc-tabs data-vc-container=\".vc_tta\"><span class=\"vc_tta-title-text\">WORK OFFICE<\/span><\/a><\/li><\/ul><\/div><div class=\"vc_tta-panels-container\"><div class=\"vc_tta-panels\"><div class=\"vc_tta-panel vc_active\" id=\"1479285992650-14ce9708-6d85\" data-vc-content=\".vc_tta-panel-body\"><div class=\"vc_tta-panel-heading\"><h4 class=\"vc_tta-panel-title\"><a href=\"#1479285992650-14ce9708-6d85\" data-vc-accordion data-vc-container=\".vc_tta-container\"><span class=\"vc_tta-title-text\">FACTORY INTERIOR<\/span><\/a><\/h4><\/div><div class=\"vc_tta-panel-body\">\n\t<div  class=\"wpb_single_image wpb_content_element vc_align_left wpb_content_element vc_custom_1725021709137\">\n\t\t\n\t\t<figure class=\"wpb_wrapper vc_figure\">\n\t\t\t<div class=\"vc_single_image-wrapper   vc_box_border_grey\"><img decoding=\"async\" width=\"1170\" height=\"400\" data-src=\"https:\/\/gpautomatic.com\/wp-content\/uploads\/2024\/08\/Fabrika_b.png\" class=\"vc_single_image-img attachment-full lazyload\" alt=\"\" title=\"Fabrika_b\" src=\"data:image\/svg+xml;base64,PHN2ZyB3aWR0aD0iMSIgaGVpZ2h0PSIxIiB4bWxucz0iaHR0cDovL3d3dy53My5vcmcvMjAwMC9zdmciPjwvc3ZnPg==\" style=\"--smush-placeholder-width: 1170px; --smush-placeholder-aspect-ratio: 1170\/400;\" \/><\/div>\n\t\t<\/figure>\n\t<\/div>\n\n\t<div class=\"wpb_text_column wpb_content_element\" >\n\t\t<div class=\"wpb_wrapper\">\n\t\t\t<p><strong>Modern Production Facilities<\/strong><\/p>\n<p>At GP Automatic, we ensure high quality standards in our modern production facilities equipped with advanced technology. Our interior has an efficient workflow, meticulously organized to produce the best products. Our exterior stands out with an environmentally friendly and aesthetic design. Every product produced here is a symbol of quality and durability.<\/p>\n\n\t\t<\/div>\n\t<\/div>\n<\/div><\/div><div class=\"vc_tta-panel\" id=\"1479285992691-81ad7c51-7ea3\" data-vc-content=\".vc_tta-panel-body\"><div class=\"vc_tta-panel-heading\"><h4 class=\"vc_tta-panel-title\"><a href=\"#1479285992691-81ad7c51-7ea3\" data-vc-accordion data-vc-container=\".vc_tta-container\"><span class=\"vc_tta-title-text\">FACTORY EXTERIOR<\/span><\/a><\/h4><\/div><div class=\"vc_tta-panel-body\">\n\t<div  class=\"wpb_single_image wpb_content_element vc_align_left wpb_content_element vc_custom_1725446812442\">\n\t\t\n\t\t<figure class=\"wpb_wrapper vc_figure\">\n\t\t\t<div class=\"vc_single_image-wrapper   vc_box_border_grey\"><img decoding=\"async\" width=\"1170\" height=\"400\" data-src=\"https:\/\/gpautomatic.com\/wp-content\/uploads\/2024\/09\/Fabrika_b.png\" class=\"vc_single_image-img attachment-full lazyload\" alt=\"\" title=\"Fabrika_b+\" src=\"data:image\/svg+xml;base64,PHN2ZyB3aWR0aD0iMSIgaGVpZ2h0PSIxIiB4bWxucz0iaHR0cDovL3d3dy53My5vcmcvMjAwMC9zdmciPjwvc3ZnPg==\" style=\"--smush-placeholder-width: 1170px; --smush-placeholder-aspect-ratio: 1170\/400;\" \/><\/div>\n\t\t<\/figure>\n\t<\/div>\n\n\t<div class=\"wpb_text_column wpb_content_element\" >\n\t\t<div class=\"wpb_wrapper\">\n\t\t\t<p><strong>Modern Production Facilities<\/strong><\/p>\n<p>At GP Automatic, we ensure high quality standards in our modern production facilities equipped with advanced technology. Our interior has an efficient workflow, meticulously organized to produce the best products. Our exterior stands out with an environmentally friendly and aesthetic design. Every product produced here is a symbol of quality and durability.<\/p>\n\n\t\t<\/div>\n\t<\/div>\n<\/div><\/div><div class=\"vc_tta-panel\" id=\"1479286255822-73d31525-f424\" data-vc-content=\".vc_tta-panel-body\"><div class=\"vc_tta-panel-heading\"><h4 class=\"vc_tta-panel-title\"><a href=\"#1479286255822-73d31525-f424\" data-vc-accordion data-vc-container=\".vc_tta-container\"><span class=\"vc_tta-title-text\">WORK OFFICE<\/span><\/a><\/h4><\/div><div class=\"vc_tta-panel-body\">\n\t<div  class=\"wpb_single_image wpb_content_element vc_align_left wpb_content_element vc_custom_1725087474515\">\n\t\t\n\t\t<figure class=\"wpb_wrapper vc_figure\">\n\t\t\t<div class=\"vc_single_image-wrapper   vc_box_border_grey\"><img decoding=\"async\" width=\"1171\" height=\"401\" data-src=\"https:\/\/gpautomatic.com\/wp-content\/uploads\/2024\/08\/Fabrika_d.png\" class=\"vc_single_image-img attachment-full lazyload\" alt=\"\" title=\"Fabrika_d\" src=\"data:image\/svg+xml;base64,PHN2ZyB3aWR0aD0iMSIgaGVpZ2h0PSIxIiB4bWxucz0iaHR0cDovL3d3dy53My5vcmcvMjAwMC9zdmciPjwvc3ZnPg==\" style=\"--smush-placeholder-width: 1171px; --smush-placeholder-aspect-ratio: 1171\/401;\" \/><\/div>\n\t\t<\/figure>\n\t<\/div>\n\n\t<div class=\"wpb_text_column wpb_content_element\" >\n\t\t<div class=\"wpb_wrapper\">\n\t\t\t<p><strong>Modern Production Facilities<\/strong><\/p>\n<p>At GP Automatic, we ensure high quality standards in our modern production facilities equipped with advanced technology. Our interior has an efficient workflow, meticulously organized to produce the best products. Our exterior stands out with an environmentally friendly and aesthetic design. Every product produced here is a symbol of quality and durability.<\/p>\n\n\t\t<\/div>\n\t<\/div>\n<\/div><\/div><\/div><\/div><\/div><\/div><\/div><\/div><\/div><\/div><\/div><div class=\"clearfix\"><\/div><div class=\"line-top-right w-680\"><\/div><\/section>\n<\/div>","protected":false},"excerpt":{"rendered":"GP AUTOMATIC HAKKINDA GP Automatic, 30 y\u0131l\u0131 a\u015fk\u0131n tecr\u00fcbesiyle kepenk, panjur ve pergola g\u00f6lgelik sistemleri alan\u0131nda uzmanla\u015fm\u0131\u015f, sekt\u00f6rde \u00f6nc\u00fc firma haline gelmi\u015ftir. M\u00fc\u015fteri memnuniyetini her zaman \u00f6n planda tutan GP Automatic, modern \u00e7\u00f6z\u00fcmler ve y\u00fcksek kalite standartlar\u0131 ile fark yarat\u0131r. \u00dcr\u00fcnlerimiz, dayan\u0131kl\u0131l\u0131\u011f\u0131, uzun \u00f6m\u00fcrl\u00fcl\u00fc\u011f\u00fc ve estetik tasar\u0131m\u0131yla m\u00fc\u015fterilerimize en iyi hizmeti sunmay\u0131 hedefler. Ekibimiz, her [...]","protected":false},"author":1,"featured_media":0,"parent":0,"menu_order":0,"comment_status":"closed","ping_status":"closed","template":"page-templates\/template-fullwidth.php","meta":{"footnotes":""},"class_list":["post-1302","page","type-page","status-publish","hentry"],"yoast_head":"<!-- This site is optimized with the Yoast SEO plugin v27.4 - https:\/\/yoast.com\/product\/yoast-seo-wordpress\/ -->\n<title>KURUMSAL - GP Automatic<\/title>\n<meta name=\"robots\" content=\"index, follow, max-snippet:-1, max-image-preview:large, max-video-preview:-1\" \/>\n<link rel=\"canonical\" href=\"https:\/\/gpautomatic.com\/en\/kurumsal\/\" \/>\n<meta property=\"og:locale\" content=\"en_US\" \/>\n<meta property=\"og:type\" content=\"article\" \/>\n<meta property=\"og:title\" content=\"KURUMSAL - GP Automatic\" \/>\n<meta property=\"og:url\" content=\"https:\/\/gpautomatic.com\/en\/kurumsal\/\" \/>\n<meta property=\"og:site_name\" content=\"GP Automatic\" \/>\n<meta property=\"article:publisher\" content=\"https:\/\/www.facebook.com\/Gp-Automatic-Official-107196874745459\/\" \/>\n<meta property=\"article:modified_time\" content=\"2024-11-12T12:07:56+00:00\" \/>\n<meta name=\"twitter:card\" content=\"summary_large_image\" \/>\n<meta name=\"twitter:label1\" content=\"Est. reading time\" \/>\n\t<meta name=\"twitter:data1\" content=\"3 minutes\" \/>\n<script type=\"application\/ld+json\" class=\"yoast-schema-graph\">{\"@context\":\"https:\\\/\\\/schema.org\",\"@graph\":[{\"@type\":\"WebPage\",\"@id\":\"https:\\\/\\\/gpautomatic.com\\\/kurumsal\\\/\",\"url\":\"https:\\\/\\\/gpautomatic.com\\\/kurumsal\\\/\",\"name\":\"KURUMSAL - GP Automatic\",\"isPartOf\":{\"@id\":\"https:\\\/\\\/gpautomatic.com\\\/#website\"},\"datePublished\":\"2016-11-16T08:00:45+00:00\",\"dateModified\":\"2024-11-12T12:07:56+00:00\",\"breadcrumb\":{\"@id\":\"https:\\\/\\\/gpautomatic.com\\\/kurumsal\\\/#breadcrumb\"},\"inLanguage\":\"en-US\",\"potentialAction\":[{\"@type\":\"ReadAction\",\"target\":[\"https:\\\/\\\/gpautomatic.com\\\/kurumsal\\\/\"]}]},{\"@type\":\"BreadcrumbList\",\"@id\":\"https:\\\/\\\/gpautomatic.com\\\/kurumsal\\\/#breadcrumb\",\"itemListElement\":[{\"@type\":\"ListItem\",\"position\":1,\"name\":\"Anasayfa\",\"item\":\"https:\\\/\\\/gpautomatic.com\\\/\"},{\"@type\":\"ListItem\",\"position\":2,\"name\":\"KURUMSAL\"}]},{\"@type\":\"WebSite\",\"@id\":\"https:\\\/\\\/gpautomatic.com\\\/#website\",\"url\":\"https:\\\/\\\/gpautomatic.com\\\/\",\"name\":\"GP Automatic\",\"description\":\"It Makes Life Easier\",\"publisher\":{\"@id\":\"https:\\\/\\\/gpautomatic.com\\\/#organization\"},\"potentialAction\":[{\"@type\":\"SearchAction\",\"target\":{\"@type\":\"EntryPoint\",\"urlTemplate\":\"https:\\\/\\\/gpautomatic.com\\\/?s={search_term_string}\"},\"query-input\":{\"@type\":\"PropertyValueSpecification\",\"valueRequired\":true,\"valueName\":\"search_term_string\"}}],\"inLanguage\":\"en-US\"},{\"@type\":\"Organization\",\"@id\":\"https:\\\/\\\/gpautomatic.com\\\/#organization\",\"name\":\"Gp Automatic\",\"url\":\"https:\\\/\\\/gpautomatic.com\\\/\",\"logo\":{\"@type\":\"ImageObject\",\"inLanguage\":\"en-US\",\"@id\":\"https:\\\/\\\/gpautomatic.com\\\/#\\\/schema\\\/logo\\\/image\\\/\",\"url\":null,\"contentUrl\":null,\"width\":null,\"height\":null,\"caption\":\"Gp Automatic\"},\"image\":{\"@id\":\"https:\\\/\\\/gpautomatic.com\\\/#\\\/schema\\\/logo\\\/image\\\/\"},\"sameAs\":[\"https:\\\/\\\/www.facebook.com\\\/Gp-Automatic-Official-107196874745459\\\/\",\"https:\\\/\\\/www.instagram.com\\\/gpautomatic\"]}]}<\/script>\n<!-- \/ Yoast SEO plugin. -->","yoast_head_json":{"title":"KURUMSAL - GP Automatic","robots":{"index":"index","follow":"follow","max-snippet":"max-snippet:-1","max-image-preview":"max-image-preview:large","max-video-preview":"max-video-preview:-1"},"canonical":"https:\/\/gpautomatic.com\/en\/kurumsal\/","og_locale":"en_US","og_type":"article","og_title":"KURUMSAL - GP Automatic","og_url":"https:\/\/gpautomatic.com\/en\/kurumsal\/","og_site_name":"GP Automatic","article_publisher":"https:\/\/www.facebook.com\/Gp-Automatic-Official-107196874745459\/","article_modified_time":"2024-11-12T12:07:56+00:00","twitter_card":"summary_large_image","twitter_misc":{"Est. reading time":"3 minutes"},"schema":{"@context":"https:\/\/schema.org","@graph":[{"@type":"WebPage","@id":"https:\/\/gpautomatic.com\/kurumsal\/","url":"https:\/\/gpautomatic.com\/kurumsal\/","name":"KURUMSAL - GP Automatic","isPartOf":{"@id":"https:\/\/gpautomatic.com\/#website"},"datePublished":"2016-11-16T08:00:45+00:00","dateModified":"2024-11-12T12:07:56+00:00","breadcrumb":{"@id":"https:\/\/gpautomatic.com\/kurumsal\/#breadcrumb"},"inLanguage":"en-US","potentialAction":[{"@type":"ReadAction","target":["https:\/\/gpautomatic.com\/kurumsal\/"]}]},{"@type":"BreadcrumbList","@id":"https:\/\/gpautomatic.com\/kurumsal\/#breadcrumb","itemListElement":[{"@type":"ListItem","position":1,"name":"Anasayfa","item":"https:\/\/gpautomatic.com\/"},{"@type":"ListItem","position":2,"name":"KURUMSAL"}]},{"@type":"WebSite","@id":"https:\/\/gpautomatic.com\/#website","url":"https:\/\/gpautomatic.com\/","name":"GP Automatic","description":"It Makes Life Easier","publisher":{"@id":"https:\/\/gpautomatic.com\/#organization"},"potentialAction":[{"@type":"SearchAction","target":{"@type":"EntryPoint","urlTemplate":"https:\/\/gpautomatic.com\/?s={search_term_string}"},"query-input":{"@type":"PropertyValueSpecification","valueRequired":true,"valueName":"search_term_string"}}],"inLanguage":"en-US"},{"@type":"Organization","@id":"https:\/\/gpautomatic.com\/#organization","name":"Auto GP","url":"https:\/\/gpautomatic.com\/","logo":{"@type":"ImageObject","inLanguage":"en-US","@id":"https:\/\/gpautomatic.com\/#\/schema\/logo\/image\/","url":null,"contentUrl":null,"width":null,"height":null,"caption":"Gp Automatic"},"image":{"@id":"https:\/\/gpautomatic.com\/#\/schema\/logo\/image\/"},"sameAs":["https:\/\/www.facebook.com\/Gp-Automatic-Official-107196874745459\/","https:\/\/www.instagram.com\/gpautomatic"]}]}},"_links":{"self":[{"href":"https:\/\/gpautomatic.com\/en\/wp-json\/wp\/v2\/pages\/1302","targetHints":{"allow":["GET"]}}],"collection":[{"href":"https:\/\/gpautomatic.com\/en\/wp-json\/wp\/v2\/pages"}],"about":[{"href":"https:\/\/gpautomatic.com\/en\/wp-json\/wp\/v2\/types\/page"}],"author":[{"embeddable":true,"href":"https:\/\/gpautomatic.com\/en\/wp-json\/wp\/v2\/users\/1"}],"replies":[{"embeddable":true,"href":"https:\/\/gpautomatic.com\/en\/wp-json\/wp\/v2\/comments?post=1302"}],"version-history":[{"count":0,"href":"https:\/\/gpautomatic.com\/en\/wp-json\/wp\/v2\/pages\/1302\/revisions"}],"wp:attachment":[{"href":"https:\/\/gpautomatic.com\/en\/wp-json\/wp\/v2\/media?parent=1302"}],"curies":[{"name":"wp","href":"https:\/\/api.w.org\/{rel}","templated":true}]}}