{"id":2105,"date":"2024-10-13T11:47:52","date_gmt":"2024-10-13T08:47:52","guid":{"rendered":"https:\/\/gpautomatic.com\/?page_id=2105"},"modified":"2024-10-13T12:11:25","modified_gmt":"2024-10-13T09:11:25","slug":"bioklimatik-pergola","status":"publish","type":"page","link":"https:\/\/gpautomatic.com\/en\/bioklimatik-pergola\/","title":{"rendered":"BIOCLIMATIC PERGOLA"},"content":{"rendered":"<div class=\"wpb-content-wrapper\"><section class=\"vc_row wpb_row vc_row-fluid\"><div class=\"container\"><div class=\"row\"><div class=\"wpb_column vc_column_container vc_col-sm-6\"><div class=\"vc_column-inner vc_custom_1728761386125\"><div class=\"wpb_wrapper\">\n\t<div class=\"wpb_text_column wpb_content_element\" >\n\t\t<div class=\"wpb_wrapper\">\n\t\t\t<p><strong>PERFECT HARMONY OF DESIGN and COMFORT<\/strong><\/p>\n<p><strong>What is Bioclimatic Pergola?<\/strong><br \/>\nIt adds value to every space with its aesthetic and functional features. With its long-lasting and environmentally friendly structure, bioclimatic pergola is an ideal solution for outdoor spaces. This system controls sunlight, wind and rainfall thanks to its adjustable slats. It is suitable for use both in gardens and terraces and cafes.<\/p>\n<p><strong>Adjustable Lamellae: <\/strong>Aluminum slats provide light and ventilation control, allowing you to get the desired amount of shade or sun.<\/p>\n<p><strong>Water Drainage System: <\/strong>It has a drainage system that keeps the area dry by effectively draining water during rainfall.<\/p>\n<p><strong>Energy Efficiency: <\/strong>Natural ventilation and solar control saves energy and reduces the need for air conditioning.<\/p>\n<p><strong>Advanced Sensors: <\/strong>Systems that open and close automatically according to weather conditions can be integrated with rain and wind sensors.<\/p>\n<p><strong>Environmentally Friendly: <\/strong>It is produced from materials that do not harm the nature and contributes to energy efficiency.<\/p>\n<p><strong>Aesthetic Value: <\/strong>With its modern design, it adapts to any architecture and can be customized with color and coating options.<\/p>\n<p><strong>Longevity <\/strong>Dayan\u0131kl\u0131 malzemelerden \u00fcretilen pergolalar, uzun \u00f6m\u00fcrl\u00fc bir \u00e7\u00f6z\u00fcm sunar.<\/p>\n<p><strong>Ev Bah\u00e7eleri ve Teraslar: <\/strong>Ideal for those who want to create a cozy and stylish space outdoors.<\/p>\n<p><strong>Restaurants and Cafes: <\/strong>A functional choice that enhances open spaces to increase customer comfort.<\/p>\n\n\t\t<\/div>\n\t<\/div>\n<\/div><\/div><\/div><div class=\"wpb_column vc_column_container vc_col-sm-6\"><div class=\"vc_column-inner\"><div class=\"wpb_wrapper\">\n\t<div  class=\"wpb_single_image wpb_content_element vc_align_left wpb_content_element vc_custom_1728810597125\">\n\t\t\n\t\t<figure class=\"wpb_wrapper vc_figure\">\n\t\t\t<div class=\"vc_single_image-wrapper   vc_box_border_grey\"><img decoding=\"async\" width=\"960\" height=\"600\" data-src=\"https:\/\/gpautomatic.com\/wp-content\/uploads\/2016\/11\/Bioklimatik-4.jpg\" class=\"vc_single_image-img attachment-full lazyload\" alt=\"\" title=\"Bioklimatik-4\" src=\"data:image\/svg+xml;base64,PHN2ZyB3aWR0aD0iMSIgaGVpZ2h0PSIxIiB4bWxucz0iaHR0cDovL3d3dy53My5vcmcvMjAwMC9zdmciPjwvc3ZnPg==\" style=\"--smush-placeholder-width: 960px; --smush-placeholder-aspect-ratio: 960\/600;\" \/><\/div>\n\t\t<\/figure>\n\t<\/div>\n\n\t<div  class=\"wpb_single_image wpb_content_element vc_align_left wpb_content_element vc_custom_1728809215864\">\n\t\t\n\t\t<figure class=\"wpb_wrapper vc_figure\">\n\t\t\t<div class=\"vc_single_image-wrapper   vc_box_border_grey\"><img decoding=\"async\" width=\"960\" height=\"600\" data-src=\"https:\/\/gpautomatic.com\/wp-content\/uploads\/2016\/11\/Bioklimatik-3-1.jpg\" class=\"vc_single_image-img attachment-full lazyload\" alt=\"\" title=\"Bioklimatik-3\" src=\"data:image\/svg+xml;base64,PHN2ZyB3aWR0aD0iMSIgaGVpZ2h0PSIxIiB4bWxucz0iaHR0cDovL3d3dy53My5vcmcvMjAwMC9zdmciPjwvc3ZnPg==\" style=\"--smush-placeholder-width: 960px; --smush-placeholder-aspect-ratio: 960\/600;\" \/><\/div>\n\t\t<\/figure>\n\t<\/div>\n<\/div><\/div><\/div><\/div><\/div><div class=\"clearfix\"><\/div><\/section>\n<\/div>","protected":false},"excerpt":{"rendered":"TASARIM ve KONFORUN M\u00dcKEMMEL UYUMU Bioklimatik Pergola Nedir? Estetik ve fonksiyonel \u00f6zellikleriyle her mekana de\u011fer katar. Uzun \u00f6m\u00fcrl\u00fc ve \u00e7evre dostu yap\u0131s\u0131yla bioklimatik pergola, d\u0131\u015f mekanlar i\u00e7in ideal bir \u00e7\u00f6z\u00fcmd\u00fcr. Bu sistem, ayarlanabilir lamelleri sayesinde g\u00fcne\u015f \u0131\u015f\u0131\u011f\u0131n\u0131, r\u00fczgar\u0131 ve ya\u011f\u0131\u015f\u0131 kontrol eder. Hem bah\u00e7elerde hem de teras ve kafelerde kullan\u0131ma uygundur. Ayarlanabilir Lameller: Al\u00fcminyum lameller [...]","protected":false},"author":1,"featured_media":0,"parent":0,"menu_order":2,"comment_status":"closed","ping_status":"closed","template":"page-templates\/template-fullwidth.php","meta":{"footnotes":""},"class_list":["post-2105","page","type-page","status-publish","hentry"],"yoast_head":"<!-- This site is optimized with the Yoast SEO plugin v27.4 - https:\/\/yoast.com\/product\/yoast-seo-wordpress\/ -->\n<title>B\u0130OKL\u0130MAT\u0130K PERGOLA - GP Automatic<\/title>\n<meta name=\"robots\" content=\"index, follow, max-snippet:-1, max-image-preview:large, max-video-preview:-1\" \/>\n<link rel=\"canonical\" href=\"https:\/\/gpautomatic.com\/en\/bioklimatik-pergola\/\" \/>\n<meta property=\"og:locale\" content=\"en_US\" \/>\n<meta property=\"og:type\" content=\"article\" \/>\n<meta property=\"og:title\" content=\"B\u0130OKL\u0130MAT\u0130K PERGOLA - GP Automatic\" \/>\n<meta property=\"og:url\" content=\"https:\/\/gpautomatic.com\/en\/bioklimatik-pergola\/\" \/>\n<meta property=\"og:site_name\" content=\"GP Automatic\" \/>\n<meta property=\"article:publisher\" content=\"https:\/\/www.facebook.com\/Gp-Automatic-Official-107196874745459\/\" \/>\n<meta property=\"article:modified_time\" content=\"2024-10-13T09:11:25+00:00\" \/>\n<meta name=\"twitter:card\" content=\"summary_large_image\" \/>\n<meta name=\"twitter:label1\" content=\"Est. reading time\" \/>\n\t<meta name=\"twitter:data1\" content=\"2 minutes\" \/>\n<script type=\"application\/ld+json\" class=\"yoast-schema-graph\">{\"@context\":\"https:\\\/\\\/schema.org\",\"@graph\":[{\"@type\":\"WebPage\",\"@id\":\"https:\\\/\\\/gpautomatic.com\\\/bioklimatik-pergola\\\/\",\"url\":\"https:\\\/\\\/gpautomatic.com\\\/bioklimatik-pergola\\\/\",\"name\":\"B\u0130OKL\u0130MAT\u0130K PERGOLA - GP Automatic\",\"isPartOf\":{\"@id\":\"https:\\\/\\\/gpautomatic.com\\\/#website\"},\"datePublished\":\"2024-10-13T08:47:52+00:00\",\"dateModified\":\"2024-10-13T09:11:25+00:00\",\"breadcrumb\":{\"@id\":\"https:\\\/\\\/gpautomatic.com\\\/bioklimatik-pergola\\\/#breadcrumb\"},\"inLanguage\":\"en-US\",\"potentialAction\":[{\"@type\":\"ReadAction\",\"target\":[\"https:\\\/\\\/gpautomatic.com\\\/bioklimatik-pergola\\\/\"]}]},{\"@type\":\"BreadcrumbList\",\"@id\":\"https:\\\/\\\/gpautomatic.com\\\/bioklimatik-pergola\\\/#breadcrumb\",\"itemListElement\":[{\"@type\":\"ListItem\",\"position\":1,\"name\":\"Anasayfa\",\"item\":\"https:\\\/\\\/gpautomatic.com\\\/\"},{\"@type\":\"ListItem\",\"position\":2,\"name\":\"B\u0130OKL\u0130MAT\u0130K PERGOLA\"}]},{\"@type\":\"WebSite\",\"@id\":\"https:\\\/\\\/gpautomatic.com\\\/#website\",\"url\":\"https:\\\/\\\/gpautomatic.com\\\/\",\"name\":\"GP Automatic\",\"description\":\"It Makes Life Easier\",\"publisher\":{\"@id\":\"https:\\\/\\\/gpautomatic.com\\\/#organization\"},\"potentialAction\":[{\"@type\":\"SearchAction\",\"target\":{\"@type\":\"EntryPoint\",\"urlTemplate\":\"https:\\\/\\\/gpautomatic.com\\\/?s={search_term_string}\"},\"query-input\":{\"@type\":\"PropertyValueSpecification\",\"valueRequired\":true,\"valueName\":\"search_term_string\"}}],\"inLanguage\":\"en-US\"},{\"@type\":\"Organization\",\"@id\":\"https:\\\/\\\/gpautomatic.com\\\/#organization\",\"name\":\"Gp Automatic\",\"url\":\"https:\\\/\\\/gpautomatic.com\\\/\",\"logo\":{\"@type\":\"ImageObject\",\"inLanguage\":\"en-US\",\"@id\":\"https:\\\/\\\/gpautomatic.com\\\/#\\\/schema\\\/logo\\\/image\\\/\",\"url\":null,\"contentUrl\":null,\"width\":null,\"height\":null,\"caption\":\"Gp Automatic\"},\"image\":{\"@id\":\"https:\\\/\\\/gpautomatic.com\\\/#\\\/schema\\\/logo\\\/image\\\/\"},\"sameAs\":[\"https:\\\/\\\/www.facebook.com\\\/Gp-Automatic-Official-107196874745459\\\/\",\"https:\\\/\\\/www.instagram.com\\\/gpautomatic\"]}]}<\/script>\n<!-- \/ Yoast SEO plugin. -->","yoast_head_json":{"title":"B\u0130OKL\u0130MAT\u0130K PERGOLA - GP Automatic","robots":{"index":"index","follow":"follow","max-snippet":"max-snippet:-1","max-image-preview":"max-image-preview:large","max-video-preview":"max-video-preview:-1"},"canonical":"https:\/\/gpautomatic.com\/en\/bioklimatik-pergola\/","og_locale":"en_US","og_type":"article","og_title":"B\u0130OKL\u0130MAT\u0130K PERGOLA - GP Automatic","og_url":"https:\/\/gpautomatic.com\/en\/bioklimatik-pergola\/","og_site_name":"GP Automatic","article_publisher":"https:\/\/www.facebook.com\/Gp-Automatic-Official-107196874745459\/","article_modified_time":"2024-10-13T09:11:25+00:00","twitter_card":"summary_large_image","twitter_misc":{"Est. reading time":"2 minutes"},"schema":{"@context":"https:\/\/schema.org","@graph":[{"@type":"WebPage","@id":"https:\/\/gpautomatic.com\/bioklimatik-pergola\/","url":"https:\/\/gpautomatic.com\/bioklimatik-pergola\/","name":"B\u0130OKL\u0130MAT\u0130K PERGOLA - GP Automatic","isPartOf":{"@id":"https:\/\/gpautomatic.com\/#website"},"datePublished":"2024-10-13T08:47:52+00:00","dateModified":"2024-10-13T09:11:25+00:00","breadcrumb":{"@id":"https:\/\/gpautomatic.com\/bioklimatik-pergola\/#breadcrumb"},"inLanguage":"en-US","potentialAction":[{"@type":"ReadAction","target":["https:\/\/gpautomatic.com\/bioklimatik-pergola\/"]}]},{"@type":"BreadcrumbList","@id":"https:\/\/gpautomatic.com\/bioklimatik-pergola\/#breadcrumb","itemListElement":[{"@type":"ListItem","position":1,"name":"Anasayfa","item":"https:\/\/gpautomatic.com\/"},{"@type":"ListItem","position":2,"name":"B\u0130OKL\u0130MAT\u0130K PERGOLA"}]},{"@type":"WebSite","@id":"https:\/\/gpautomatic.com\/#website","url":"https:\/\/gpautomatic.com\/","name":"GP Automatic","description":"It Makes Life Easier","publisher":{"@id":"https:\/\/gpautomatic.com\/#organization"},"potentialAction":[{"@type":"SearchAction","target":{"@type":"EntryPoint","urlTemplate":"https:\/\/gpautomatic.com\/?s={search_term_string}"},"query-input":{"@type":"PropertyValueSpecification","valueRequired":true,"valueName":"search_term_string"}}],"inLanguage":"en-US"},{"@type":"Organization","@id":"https:\/\/gpautomatic.com\/#organization","name":"Auto GP","url":"https:\/\/gpautomatic.com\/","logo":{"@type":"ImageObject","inLanguage":"en-US","@id":"https:\/\/gpautomatic.com\/#\/schema\/logo\/image\/","url":null,"contentUrl":null,"width":null,"height":null,"caption":"Gp Automatic"},"image":{"@id":"https:\/\/gpautomatic.com\/#\/schema\/logo\/image\/"},"sameAs":["https:\/\/www.facebook.com\/Gp-Automatic-Official-107196874745459\/","https:\/\/www.instagram.com\/gpautomatic"]}]}},"_links":{"self":[{"href":"https:\/\/gpautomatic.com\/en\/wp-json\/wp\/v2\/pages\/2105","targetHints":{"allow":["GET"]}}],"collection":[{"href":"https:\/\/gpautomatic.com\/en\/wp-json\/wp\/v2\/pages"}],"about":[{"href":"https:\/\/gpautomatic.com\/en\/wp-json\/wp\/v2\/types\/page"}],"author":[{"embeddable":true,"href":"https:\/\/gpautomatic.com\/en\/wp-json\/wp\/v2\/users\/1"}],"replies":[{"embeddable":true,"href":"https:\/\/gpautomatic.com\/en\/wp-json\/wp\/v2\/comments?post=2105"}],"version-history":[{"count":0,"href":"https:\/\/gpautomatic.com\/en\/wp-json\/wp\/v2\/pages\/2105\/revisions"}],"wp:attachment":[{"href":"https:\/\/gpautomatic.com\/en\/wp-json\/wp\/v2\/media?parent=2105"}],"curies":[{"name":"wp","href":"https:\/\/api.w.org\/{rel}","templated":true}]}}