{"id":2198,"date":"2024-10-28T11:42:18","date_gmt":"2024-10-28T08:42:18","guid":{"rendered":"https:\/\/gpautomatic.com\/?page_id=2198"},"modified":"2024-10-28T12:04:22","modified_gmt":"2024-10-28T09:04:22","slug":"eko-pro-bioklimatik","status":"publish","type":"page","link":"https:\/\/gpautomatic.com\/en\/eko-pro-bioklimatik\/","title":{"rendered":"ECO PRO BIOCLIMATIC"},"content":{"rendered":"<div class=\"wpb-content-wrapper\"><section class=\"vc_row wpb_row vc_row-fluid\"><div class=\"container\"><div class=\"row\"><div class=\"wpb_column vc_column_container vc_col-sm-6\"><div class=\"vc_column-inner vc_custom_1728761386125\"><div class=\"wpb_wrapper\"><h2 style=\"text-align: left\" class=\"vc_custom_heading vc_do_custom_heading vc_custom_1730105257493\" ><strong>ECO PRO BIOCLIMATIC<\/strong><\/h2>\n\t<div class=\"wpb_text_column wpb_content_element vc_custom_1730105470409\" >\n\t\t<div class=\"wpb_wrapper\">\n\t\t\t<p><strong>ECONOMICAL SOLUTIONS FOR EVERY BUDGET<\/strong><\/p>\n<p>Eco Pro Bioclimatic is a sustainable and environmentally friendly building system that meets the needs of modern architecture. The Economical Series offers cost-effective solutions, protecting your budget while increasing energy efficiency. This system saves energy by using natural resources in the most efficient way and makes your living spaces comfortable. Eco Pro Bioclimatic Economic Series is a highly energy efficient and environmentally friendly solution designed for a sustainable future. These systems are an ideal choice for those looking for economical solutions. Choose Eco Pro Bioklimatik to make your modern living spaces more comfortable and environmentally friendly.<\/p>\n<p><strong>Features<\/strong><\/p>\n<p><strong>Energy Efficiency:<\/strong>\u00a0Eko Pro Bioclimatic Economic Series minimizes energy consumption by using renewable energy sources such as solar energy, wind and natural ventilation.<\/p>\n<p><strong>Modular Design:<\/strong>\u00a0Eco Pro Bioclimatic systems can be customized according to different architectural needs. Thanks to its modular structure, it adapts to all kinds of projects.<\/p>\n<p><strong>Konforlu \u0130\u00e7 Mekan:<\/strong>\u00a0Do\u011fal havaland\u0131rma ve g\u00fcne\u015f \u0131\u015f\u0131\u011f\u0131ndan maksimum fayda sa\u011flayarak, i\u00e7 mekan konforunu art\u0131r\u0131r. Bu sistemler, s\u0131cakl\u0131k ve nem dengesini koruyarak sa\u011fl\u0131kl\u0131 bir ya\u015fam alan\u0131 sunar.<\/p>\n<p><strong>Aesthetic Appearance:<\/strong>\u00a0It offers an aesthetic appearance with its modern design. It adapts to any architectural style with different color and coating options.<\/p>\n\n\t\t<\/div>\n\t<\/div>\n<\/div><\/div><\/div><div class=\"wpb_column vc_column_container vc_col-sm-6\"><div class=\"vc_column-inner\"><div class=\"wpb_wrapper\">\n\t<div  class=\"wpb_single_image wpb_content_element vc_align_left wpb_content_element vc_custom_1730104838897\">\n\t\t\n\t\t<figure class=\"wpb_wrapper vc_figure\">\n\t\t\t<div class=\"vc_single_image-wrapper   vc_box_border_grey\"><img decoding=\"async\" width=\"960\" height=\"600\" data-src=\"https:\/\/gpautomatic.com\/wp-content\/uploads\/2024\/09\/Eko-Pro-Bioklimatik_960X600-1.jpg\" class=\"vc_single_image-img attachment-full lazyload\" alt=\"\" title=\"Eko Pro Bioklimatik_960X600-1\" src=\"data:image\/svg+xml;base64,PHN2ZyB3aWR0aD0iMSIgaGVpZ2h0PSIxIiB4bWxucz0iaHR0cDovL3d3dy53My5vcmcvMjAwMC9zdmciPjwvc3ZnPg==\" style=\"--smush-placeholder-width: 960px; --smush-placeholder-aspect-ratio: 960\/600;\" \/><\/div>\n\t\t<\/figure>\n\t<\/div>\n\n\t<div  class=\"wpb_single_image wpb_content_element vc_align_left wpb_content_element vc_custom_1730104925029\">\n\t\t\n\t\t<figure class=\"wpb_wrapper vc_figure\">\n\t\t\t<div class=\"vc_single_image-wrapper   vc_box_border_grey\"><img decoding=\"async\" width=\"960\" height=\"600\" data-src=\"https:\/\/gpautomatic.com\/wp-content\/uploads\/2024\/09\/Eko-Pro-Bioklimatik_960X600-3.jpg\" class=\"vc_single_image-img attachment-full lazyload\" alt=\"\" title=\"Eko Pro Bioklimatik_960X600-3\" src=\"data:image\/svg+xml;base64,PHN2ZyB3aWR0aD0iMSIgaGVpZ2h0PSIxIiB4bWxucz0iaHR0cDovL3d3dy53My5vcmcvMjAwMC9zdmciPjwvc3ZnPg==\" style=\"--smush-placeholder-width: 960px; --smush-placeholder-aspect-ratio: 960\/600;\" \/><\/div>\n\t\t<\/figure>\n\t<\/div>\n<\/div><\/div><\/div><\/div><\/div><div class=\"clearfix\"><\/div><\/section>\n<\/div>","protected":false},"excerpt":{"rendered":"EKO PRO B\u0130OKL\u0130MAT\u0130K HER B\u00dcT\u00c7EYE UYGUN EKONOM\u0130K \u00c7\u00d6Z\u00dcMLER Eko Pro Bioklimatik, modern mimarinin ihtiya\u00e7lar\u0131na cevap veren, s\u00fcrd\u00fcr\u00fclebilir ve \u00e7evre dostu bir yap\u0131 sistemidir. Ekonomik Serisi, maliyet etkin \u00e7\u00f6z\u00fcmler sunarak, enerji verimlili\u011fini art\u0131r\u0131rken b\u00fct\u00e7enizi de korur. Bu sistem, do\u011fal kaynaklar\u0131 en verimli \u015fekilde kullanarak enerji tasarrufu sa\u011flar ve ya\u015fam alanlar\u0131n\u0131z\u0131 konforlu hale getirir. Eko Pro Bioklimatik [...]","protected":false},"author":1,"featured_media":0,"parent":0,"menu_order":0,"comment_status":"closed","ping_status":"closed","template":"page-templates\/template-fullwidth.php","meta":{"footnotes":""},"class_list":["post-2198","page","type-page","status-publish","hentry"],"yoast_head":"<!-- This site is optimized with the Yoast SEO plugin v27.4 - https:\/\/yoast.com\/product\/yoast-seo-wordpress\/ -->\n<title>EKO PRO B\u0130OKL\u0130MAT\u0130K - GP Automatic<\/title>\n<meta name=\"robots\" content=\"index, follow, max-snippet:-1, max-image-preview:large, max-video-preview:-1\" \/>\n<link rel=\"canonical\" href=\"https:\/\/gpautomatic.com\/en\/eko-pro-bioklimatik\/\" \/>\n<meta property=\"og:locale\" content=\"en_US\" \/>\n<meta property=\"og:type\" content=\"article\" \/>\n<meta property=\"og:title\" content=\"EKO PRO B\u0130OKL\u0130MAT\u0130K - GP Automatic\" \/>\n<meta property=\"og:url\" content=\"https:\/\/gpautomatic.com\/en\/eko-pro-bioklimatik\/\" \/>\n<meta property=\"og:site_name\" content=\"GP Automatic\" \/>\n<meta property=\"article:publisher\" content=\"https:\/\/www.facebook.com\/Gp-Automatic-Official-107196874745459\/\" \/>\n<meta property=\"article:modified_time\" content=\"2024-10-28T09:04:22+00:00\" \/>\n<meta name=\"twitter:card\" content=\"summary_large_image\" \/>\n<meta name=\"twitter:label1\" content=\"Est. reading time\" \/>\n\t<meta name=\"twitter:data1\" content=\"2 minutes\" \/>\n<script type=\"application\/ld+json\" class=\"yoast-schema-graph\">{\"@context\":\"https:\\\/\\\/schema.org\",\"@graph\":[{\"@type\":\"WebPage\",\"@id\":\"https:\\\/\\\/gpautomatic.com\\\/eko-pro-bioklimatik\\\/\",\"url\":\"https:\\\/\\\/gpautomatic.com\\\/eko-pro-bioklimatik\\\/\",\"name\":\"EKO PRO B\u0130OKL\u0130MAT\u0130K - GP Automatic\",\"isPartOf\":{\"@id\":\"https:\\\/\\\/gpautomatic.com\\\/#website\"},\"datePublished\":\"2024-10-28T08:42:18+00:00\",\"dateModified\":\"2024-10-28T09:04:22+00:00\",\"breadcrumb\":{\"@id\":\"https:\\\/\\\/gpautomatic.com\\\/eko-pro-bioklimatik\\\/#breadcrumb\"},\"inLanguage\":\"en-US\",\"potentialAction\":[{\"@type\":\"ReadAction\",\"target\":[\"https:\\\/\\\/gpautomatic.com\\\/eko-pro-bioklimatik\\\/\"]}]},{\"@type\":\"BreadcrumbList\",\"@id\":\"https:\\\/\\\/gpautomatic.com\\\/eko-pro-bioklimatik\\\/#breadcrumb\",\"itemListElement\":[{\"@type\":\"ListItem\",\"position\":1,\"name\":\"Anasayfa\",\"item\":\"https:\\\/\\\/gpautomatic.com\\\/\"},{\"@type\":\"ListItem\",\"position\":2,\"name\":\"EKO PRO B\u0130OKL\u0130MAT\u0130K\"}]},{\"@type\":\"WebSite\",\"@id\":\"https:\\\/\\\/gpautomatic.com\\\/#website\",\"url\":\"https:\\\/\\\/gpautomatic.com\\\/\",\"name\":\"GP Automatic\",\"description\":\"It Makes Life Easier\",\"publisher\":{\"@id\":\"https:\\\/\\\/gpautomatic.com\\\/#organization\"},\"potentialAction\":[{\"@type\":\"SearchAction\",\"target\":{\"@type\":\"EntryPoint\",\"urlTemplate\":\"https:\\\/\\\/gpautomatic.com\\\/?s={search_term_string}\"},\"query-input\":{\"@type\":\"PropertyValueSpecification\",\"valueRequired\":true,\"valueName\":\"search_term_string\"}}],\"inLanguage\":\"en-US\"},{\"@type\":\"Organization\",\"@id\":\"https:\\\/\\\/gpautomatic.com\\\/#organization\",\"name\":\"Gp Automatic\",\"url\":\"https:\\\/\\\/gpautomatic.com\\\/\",\"logo\":{\"@type\":\"ImageObject\",\"inLanguage\":\"en-US\",\"@id\":\"https:\\\/\\\/gpautomatic.com\\\/#\\\/schema\\\/logo\\\/image\\\/\",\"url\":null,\"contentUrl\":null,\"width\":null,\"height\":null,\"caption\":\"Gp Automatic\"},\"image\":{\"@id\":\"https:\\\/\\\/gpautomatic.com\\\/#\\\/schema\\\/logo\\\/image\\\/\"},\"sameAs\":[\"https:\\\/\\\/www.facebook.com\\\/Gp-Automatic-Official-107196874745459\\\/\",\"https:\\\/\\\/www.instagram.com\\\/gpautomatic\"]}]}<\/script>\n<!-- \/ Yoast SEO plugin. -->","yoast_head_json":{"title":"EKO PRO B\u0130OKL\u0130MAT\u0130K - GP Automatic","robots":{"index":"index","follow":"follow","max-snippet":"max-snippet:-1","max-image-preview":"max-image-preview:large","max-video-preview":"max-video-preview:-1"},"canonical":"https:\/\/gpautomatic.com\/en\/eko-pro-bioklimatik\/","og_locale":"en_US","og_type":"article","og_title":"EKO PRO B\u0130OKL\u0130MAT\u0130K - GP Automatic","og_url":"https:\/\/gpautomatic.com\/en\/eko-pro-bioklimatik\/","og_site_name":"GP Automatic","article_publisher":"https:\/\/www.facebook.com\/Gp-Automatic-Official-107196874745459\/","article_modified_time":"2024-10-28T09:04:22+00:00","twitter_card":"summary_large_image","twitter_misc":{"Est. reading time":"2 minutes"},"schema":{"@context":"https:\/\/schema.org","@graph":[{"@type":"WebPage","@id":"https:\/\/gpautomatic.com\/eko-pro-bioklimatik\/","url":"https:\/\/gpautomatic.com\/eko-pro-bioklimatik\/","name":"EKO PRO B\u0130OKL\u0130MAT\u0130K - GP Automatic","isPartOf":{"@id":"https:\/\/gpautomatic.com\/#website"},"datePublished":"2024-10-28T08:42:18+00:00","dateModified":"2024-10-28T09:04:22+00:00","breadcrumb":{"@id":"https:\/\/gpautomatic.com\/eko-pro-bioklimatik\/#breadcrumb"},"inLanguage":"en-US","potentialAction":[{"@type":"ReadAction","target":["https:\/\/gpautomatic.com\/eko-pro-bioklimatik\/"]}]},{"@type":"BreadcrumbList","@id":"https:\/\/gpautomatic.com\/eko-pro-bioklimatik\/#breadcrumb","itemListElement":[{"@type":"ListItem","position":1,"name":"Anasayfa","item":"https:\/\/gpautomatic.com\/"},{"@type":"ListItem","position":2,"name":"EKO PRO B\u0130OKL\u0130MAT\u0130K"}]},{"@type":"WebSite","@id":"https:\/\/gpautomatic.com\/#website","url":"https:\/\/gpautomatic.com\/","name":"GP Automatic","description":"It Makes Life Easier","publisher":{"@id":"https:\/\/gpautomatic.com\/#organization"},"potentialAction":[{"@type":"SearchAction","target":{"@type":"EntryPoint","urlTemplate":"https:\/\/gpautomatic.com\/?s={search_term_string}"},"query-input":{"@type":"PropertyValueSpecification","valueRequired":true,"valueName":"search_term_string"}}],"inLanguage":"en-US"},{"@type":"Organization","@id":"https:\/\/gpautomatic.com\/#organization","name":"Auto GP","url":"https:\/\/gpautomatic.com\/","logo":{"@type":"ImageObject","inLanguage":"en-US","@id":"https:\/\/gpautomatic.com\/#\/schema\/logo\/image\/","url":null,"contentUrl":null,"width":null,"height":null,"caption":"Gp Automatic"},"image":{"@id":"https:\/\/gpautomatic.com\/#\/schema\/logo\/image\/"},"sameAs":["https:\/\/www.facebook.com\/Gp-Automatic-Official-107196874745459\/","https:\/\/www.instagram.com\/gpautomatic"]}]}},"_links":{"self":[{"href":"https:\/\/gpautomatic.com\/en\/wp-json\/wp\/v2\/pages\/2198","targetHints":{"allow":["GET"]}}],"collection":[{"href":"https:\/\/gpautomatic.com\/en\/wp-json\/wp\/v2\/pages"}],"about":[{"href":"https:\/\/gpautomatic.com\/en\/wp-json\/wp\/v2\/types\/page"}],"author":[{"embeddable":true,"href":"https:\/\/gpautomatic.com\/en\/wp-json\/wp\/v2\/users\/1"}],"replies":[{"embeddable":true,"href":"https:\/\/gpautomatic.com\/en\/wp-json\/wp\/v2\/comments?post=2198"}],"version-history":[{"count":0,"href":"https:\/\/gpautomatic.com\/en\/wp-json\/wp\/v2\/pages\/2198\/revisions"}],"wp:attachment":[{"href":"https:\/\/gpautomatic.com\/en\/wp-json\/wp\/v2\/media?parent=2198"}],"curies":[{"name":"wp","href":"https:\/\/api.w.org\/{rel}","templated":true}]}}