{"id":2216,"date":"2024-10-28T13:12:30","date_gmt":"2024-10-28T10:12:30","guid":{"rendered":"https:\/\/gpautomatic.com\/?page_id=2216"},"modified":"2024-10-28T13:24:11","modified_gmt":"2024-10-28T10:24:11","slug":"pergola","status":"publish","type":"page","link":"https:\/\/gpautomatic.com\/en\/pergola\/","title":{"rendered":"PERGOLA"},"content":{"rendered":"<div class=\"wpb-content-wrapper\"><section class=\"vc_row wpb_row vc_row-fluid\"><div class=\"container\"><div class=\"row\"><div class=\"wpb_column vc_column_container vc_col-sm-6\"><div class=\"vc_column-inner vc_custom_1728761386125\"><div class=\"wpb_wrapper\"><h2 style=\"text-align: left\" class=\"vc_custom_heading vc_do_custom_heading vc_custom_1730111050578\" ><strong>PERGOLA<\/strong><\/h2>\n\t<div class=\"wpb_text_column wpb_content_element vc_custom_1730111015714\" >\n\t\t<div class=\"wpb_wrapper\">\n\t\t\t<h4><strong>Y\u00dcKSEK PERFORMANSLI EKONOM\u0130K \u00c7\u00d6Z\u00dcM<\/strong><\/h4>\n<div class=\"chat-list relative custom-scrollbar-reset-margin custom-scrollbar custom-scrollbar-hidden pb-9 flex-1 overflow-y-auto\">\n<div class=\"mx-auto max-w-[790px]\">\n<div class=\"message-item-outer relative px-3\" data-id=\"c53bcab2-e9c4-4700-b18e-cb8d7f868dbe\">\n<div class=\"content-area pl-[26px]\">\n<div class=\"message-item select-text relative\">\n<div class=\"message-inner relative\">\n<div class=\"py-[2px]\">\n<div class=\"flex flex-col gap-2\">\n<div class=\"answer-markdown-box overflow-x-auto select-text custom-scrollbar\">\n<div class=\"markdown-body\">\n<p>Pergola, a\u00e7\u0131k havalarda farkl\u0131 kullan\u0131m ama\u00e7lar\u0131na y\u00f6nelik olarak olu\u015fturulmak istenen alanlar\u0131n hava \u015fartlar\u0131na kar\u015f\u0131 korunmas\u0131n\u0131 sa\u011flamak amac\u0131yla geli\u015ftirilmi\u015f bir sistemdir. Sabit pergola sistemlerinin yan\u0131 s\u0131ra, hareketli tavan sistemine sahip pergolalar, a\u00e7\u0131l\u0131p kapanabilme fonksiyonu ile ya\u011fmur ve kar gibi olumsuz hava ko\u015fullar\u0131nda koruma sa\u011flar. Bu sistem, temiz hava ihtiyac\u0131n\u0131 kar\u015f\u0131layabilen fonksiyonel bir d\u0131\u015f mekan \u00fcr\u00fcn\u00fcd\u00fcr. Pergola sistemleri, tek ba\u015f\u0131na sizi \u015fiddetli r\u00fczgar d\u0131\u015f\u0131nda t\u00fcm olumsuz hava ko\u015fullar\u0131na kar\u015f\u0131 korur.<\/p>\n<p>A\u00e7\u0131k alanlar\u0131n kapat\u0131lmas\u0131 amac\u0131yla kullan\u0131lan pergola sistemleri, yar\u0131 a\u00e7\u0131k kapal\u0131 alan olu\u015fturulmak istenen her yerde kullan\u0131labilir. D\u00f6rt mevsim kullan\u0131labilme avantaj\u0131yla, hava \u015fartlar\u0131na kar\u015f\u0131 korundu\u011funuz bir ortamda zaman ge\u00e7irme eylemlerini ger\u00e7ekle\u015ftirmenizi sa\u011flar.<\/p>\n<p>Bir pergola, a\u00e7\u0131k hava ya\u015fam alan\u0131n\u0131za g\u00f6lge ve g\u00f6rsel bir cazibe katacak zarif bir yap\u0131d\u0131r. Geleneksel bir pergola, destek s\u00fctunlar\u0131na ve \u00fcstteki a\u00e7\u0131k \u00e7er\u00e7eveye sahipken, klasik bir pergola al\u00fcminyum malzeme kullan\u0131larak daha modern ve \u015f\u0131k bir tasar\u0131ma d\u00f6n\u00fc\u015febilir. Modern tasar\u0131mlar\u0131yla mek\u00e2na \u015f\u0131kl\u0131k katan al\u00fcminyum profilli blackout kuma\u015f tenteli pergolalar, a\u00e7\u0131k hava ya\u015fam\u0131n\u0131 daha keyifli hale getirmek i\u00e7in tercih edilen bir se\u00e7enektir.<\/p>\n<p><strong>\u00d6zelle\u015ftirme Se\u00e7enekleri:<\/strong>\u00a0Farkl\u0131 renk, malzeme ve tasar\u0131m se\u00e7enekleri ile ki\u015fisel tercihlere g\u00f6re \u00f6zelle\u015ftirilerek kullan\u0131ma sunulabilir.<\/p>\n<p>Pergola sistemleri, hem i\u015flevselli\u011fi hem de esteti\u011fi bir araya getirerek a\u00e7\u0131k alanlar\u0131n\u0131z\u0131 daha kullan\u0131\u015fl\u0131 ve keyifli hale getirir.<\/p>\n<\/div>\n<\/div>\n<\/div>\n<\/div>\n<\/div>\n<\/div>\n<\/div>\n<\/div>\n<\/div>\n<\/div>\n\n\t\t<\/div>\n\t<\/div>\n<\/div><\/div><\/div><div class=\"wpb_column vc_column_container vc_col-sm-6\"><div class=\"vc_column-inner\"><div class=\"wpb_wrapper\">\n\t<div  class=\"wpb_single_image wpb_content_element vc_align_left wpb_content_element vc_custom_1730110429825\">\n\t\t\n\t\t<figure class=\"wpb_wrapper vc_figure\">\n\t\t\t<div class=\"vc_single_image-wrapper   vc_box_border_grey\"><img decoding=\"async\" width=\"960\" height=\"600\" data-src=\"https:\/\/gpautomatic.com\/wp-content\/uploads\/2016\/11\/Pergola_960x600-3.jpg\" class=\"vc_single_image-img attachment-full lazyload\" alt=\"\" title=\"Pergola_960x600-3\" src=\"data:image\/svg+xml;base64,PHN2ZyB3aWR0aD0iMSIgaGVpZ2h0PSIxIiB4bWxucz0iaHR0cDovL3d3dy53My5vcmcvMjAwMC9zdmciPjwvc3ZnPg==\" style=\"--smush-placeholder-width: 960px; --smush-placeholder-aspect-ratio: 960\/600;\" \/><\/div>\n\t\t<\/figure>\n\t<\/div>\n\n\t<div  class=\"wpb_single_image wpb_content_element vc_align_left wpb_content_element vc_custom_1726147705098\">\n\t\t\n\t\t<figure class=\"wpb_wrapper vc_figure\">\n\t\t\t<div class=\"vc_single_image-wrapper   vc_box_border_grey\"><img decoding=\"async\" width=\"960\" height=\"600\" data-src=\"https:\/\/gpautomatic.com\/wp-content\/uploads\/2016\/11\/Pergola_960x600.jpg\" class=\"vc_single_image-img attachment-full lazyload\" alt=\"\" title=\"Pergola_960x600\" src=\"data:image\/svg+xml;base64,PHN2ZyB3aWR0aD0iMSIgaGVpZ2h0PSIxIiB4bWxucz0iaHR0cDovL3d3dy53My5vcmcvMjAwMC9zdmciPjwvc3ZnPg==\" style=\"--smush-placeholder-width: 960px; --smush-placeholder-aspect-ratio: 960\/600;\" \/><\/div>\n\t\t<\/figure>\n\t<\/div>\n<\/div><\/div><\/div><\/div><\/div><div class=\"clearfix\"><\/div><\/section>\n<\/div>","protected":false},"excerpt":{"rendered":"PERGOLA Y\u00dcKSEK PERFORMANSLI EKONOM\u0130K \u00c7\u00d6Z\u00dcM Pergola, a\u00e7\u0131k havalarda farkl\u0131 kullan\u0131m ama\u00e7lar\u0131na y\u00f6nelik olarak olu\u015fturulmak istenen alanlar\u0131n hava \u015fartlar\u0131na kar\u015f\u0131 korunmas\u0131n\u0131 sa\u011flamak amac\u0131yla geli\u015ftirilmi\u015f bir sistemdir. Sabit pergola sistemlerinin yan\u0131 s\u0131ra, hareketli tavan sistemine sahip pergolalar, a\u00e7\u0131l\u0131p kapanabilme fonksiyonu ile ya\u011fmur ve kar gibi olumsuz hava ko\u015fullar\u0131nda koruma sa\u011flar. Bu sistem, temiz hava ihtiyac\u0131n\u0131 kar\u015f\u0131layabilen fonksiyonel [...]","protected":false},"author":1,"featured_media":0,"parent":0,"menu_order":0,"comment_status":"closed","ping_status":"closed","template":"page-templates\/template-fullwidth.php","meta":{"footnotes":""},"class_list":["post-2216","page","type-page","status-publish","hentry"],"yoast_head":"<!-- This site is optimized with the Yoast SEO plugin v27.5 - https:\/\/yoast.com\/product\/yoast-seo-wordpress\/ -->\n<title>PERGOLA - GP Automatic<\/title>\n<meta name=\"robots\" content=\"index, follow, max-snippet:-1, max-image-preview:large, max-video-preview:-1\" \/>\n<link rel=\"canonical\" href=\"https:\/\/gpautomatic.com\/en\/pergola\/\" \/>\n<meta property=\"og:locale\" content=\"en_US\" \/>\n<meta property=\"og:type\" content=\"article\" \/>\n<meta property=\"og:title\" content=\"PERGOLA - GP Automatic\" \/>\n<meta property=\"og:url\" content=\"https:\/\/gpautomatic.com\/en\/pergola\/\" \/>\n<meta property=\"og:site_name\" content=\"GP Automatic\" \/>\n<meta property=\"article:publisher\" content=\"https:\/\/www.facebook.com\/Gp-Automatic-Official-107196874745459\/\" \/>\n<meta property=\"article:modified_time\" content=\"2024-10-28T10:24:11+00:00\" \/>\n<meta name=\"twitter:card\" content=\"summary_large_image\" \/>\n<meta name=\"twitter:label1\" content=\"Est. reading time\" \/>\n\t<meta name=\"twitter:data1\" content=\"2 minutes\" \/>\n<script type=\"application\/ld+json\" class=\"yoast-schema-graph\">{\"@context\":\"https:\\\/\\\/schema.org\",\"@graph\":[{\"@type\":\"WebPage\",\"@id\":\"https:\\\/\\\/gpautomatic.com\\\/pergola\\\/\",\"url\":\"https:\\\/\\\/gpautomatic.com\\\/pergola\\\/\",\"name\":\"PERGOLA - GP Automatic\",\"isPartOf\":{\"@id\":\"https:\\\/\\\/gpautomatic.com\\\/#website\"},\"datePublished\":\"2024-10-28T10:12:30+00:00\",\"dateModified\":\"2024-10-28T10:24:11+00:00\",\"breadcrumb\":{\"@id\":\"https:\\\/\\\/gpautomatic.com\\\/pergola\\\/#breadcrumb\"},\"inLanguage\":\"en-US\",\"potentialAction\":[{\"@type\":\"ReadAction\",\"target\":[\"https:\\\/\\\/gpautomatic.com\\\/pergola\\\/\"]}]},{\"@type\":\"BreadcrumbList\",\"@id\":\"https:\\\/\\\/gpautomatic.com\\\/pergola\\\/#breadcrumb\",\"itemListElement\":[{\"@type\":\"ListItem\",\"position\":1,\"name\":\"Anasayfa\",\"item\":\"https:\\\/\\\/gpautomatic.com\\\/\"},{\"@type\":\"ListItem\",\"position\":2,\"name\":\"PERGOLA\"}]},{\"@type\":\"WebSite\",\"@id\":\"https:\\\/\\\/gpautomatic.com\\\/#website\",\"url\":\"https:\\\/\\\/gpautomatic.com\\\/\",\"name\":\"GP Automatic\",\"description\":\"It Makes Life Easier\",\"publisher\":{\"@id\":\"https:\\\/\\\/gpautomatic.com\\\/#organization\"},\"potentialAction\":[{\"@type\":\"SearchAction\",\"target\":{\"@type\":\"EntryPoint\",\"urlTemplate\":\"https:\\\/\\\/gpautomatic.com\\\/?s={search_term_string}\"},\"query-input\":{\"@type\":\"PropertyValueSpecification\",\"valueRequired\":true,\"valueName\":\"search_term_string\"}}],\"inLanguage\":\"en-US\"},{\"@type\":\"Organization\",\"@id\":\"https:\\\/\\\/gpautomatic.com\\\/#organization\",\"name\":\"Gp Automatic\",\"url\":\"https:\\\/\\\/gpautomatic.com\\\/\",\"logo\":{\"@type\":\"ImageObject\",\"inLanguage\":\"en-US\",\"@id\":\"https:\\\/\\\/gpautomatic.com\\\/#\\\/schema\\\/logo\\\/image\\\/\",\"url\":null,\"contentUrl\":null,\"width\":null,\"height\":null,\"caption\":\"Gp Automatic\"},\"image\":{\"@id\":\"https:\\\/\\\/gpautomatic.com\\\/#\\\/schema\\\/logo\\\/image\\\/\"},\"sameAs\":[\"https:\\\/\\\/www.facebook.com\\\/Gp-Automatic-Official-107196874745459\\\/\",\"https:\\\/\\\/www.instagram.com\\\/gpautomatic\"]}]}<\/script>\n<!-- \/ Yoast SEO plugin. -->","yoast_head_json":{"title":"PERGOLA - GP Automatic","robots":{"index":"index","follow":"follow","max-snippet":"max-snippet:-1","max-image-preview":"max-image-preview:large","max-video-preview":"max-video-preview:-1"},"canonical":"https:\/\/gpautomatic.com\/en\/pergola\/","og_locale":"en_US","og_type":"article","og_title":"PERGOLA - GP Automatic","og_url":"https:\/\/gpautomatic.com\/en\/pergola\/","og_site_name":"GP Automatic","article_publisher":"https:\/\/www.facebook.com\/Gp-Automatic-Official-107196874745459\/","article_modified_time":"2024-10-28T10:24:11+00:00","twitter_card":"summary_large_image","twitter_misc":{"Est. reading time":"2 minutes"},"schema":{"@context":"https:\/\/schema.org","@graph":[{"@type":"WebPage","@id":"https:\/\/gpautomatic.com\/pergola\/","url":"https:\/\/gpautomatic.com\/pergola\/","name":"PERGOLA - GP Automatic","isPartOf":{"@id":"https:\/\/gpautomatic.com\/#website"},"datePublished":"2024-10-28T10:12:30+00:00","dateModified":"2024-10-28T10:24:11+00:00","breadcrumb":{"@id":"https:\/\/gpautomatic.com\/pergola\/#breadcrumb"},"inLanguage":"en-US","potentialAction":[{"@type":"ReadAction","target":["https:\/\/gpautomatic.com\/pergola\/"]}]},{"@type":"BreadcrumbList","@id":"https:\/\/gpautomatic.com\/pergola\/#breadcrumb","itemListElement":[{"@type":"ListItem","position":1,"name":"Anasayfa","item":"https:\/\/gpautomatic.com\/"},{"@type":"ListItem","position":2,"name":"PERGOLA"}]},{"@type":"WebSite","@id":"https:\/\/gpautomatic.com\/#website","url":"https:\/\/gpautomatic.com\/","name":"GP Automatic","description":"It Makes Life Easier","publisher":{"@id":"https:\/\/gpautomatic.com\/#organization"},"potentialAction":[{"@type":"SearchAction","target":{"@type":"EntryPoint","urlTemplate":"https:\/\/gpautomatic.com\/?s={search_term_string}"},"query-input":{"@type":"PropertyValueSpecification","valueRequired":true,"valueName":"search_term_string"}}],"inLanguage":"en-US"},{"@type":"Organization","@id":"https:\/\/gpautomatic.com\/#organization","name":"Auto GP","url":"https:\/\/gpautomatic.com\/","logo":{"@type":"ImageObject","inLanguage":"en-US","@id":"https:\/\/gpautomatic.com\/#\/schema\/logo\/image\/","url":null,"contentUrl":null,"width":null,"height":null,"caption":"Gp Automatic"},"image":{"@id":"https:\/\/gpautomatic.com\/#\/schema\/logo\/image\/"},"sameAs":["https:\/\/www.facebook.com\/Gp-Automatic-Official-107196874745459\/","https:\/\/www.instagram.com\/gpautomatic"]}]}},"_links":{"self":[{"href":"https:\/\/gpautomatic.com\/en\/wp-json\/wp\/v2\/pages\/2216","targetHints":{"allow":["GET"]}}],"collection":[{"href":"https:\/\/gpautomatic.com\/en\/wp-json\/wp\/v2\/pages"}],"about":[{"href":"https:\/\/gpautomatic.com\/en\/wp-json\/wp\/v2\/types\/page"}],"author":[{"embeddable":true,"href":"https:\/\/gpautomatic.com\/en\/wp-json\/wp\/v2\/users\/1"}],"replies":[{"embeddable":true,"href":"https:\/\/gpautomatic.com\/en\/wp-json\/wp\/v2\/comments?post=2216"}],"version-history":[{"count":0,"href":"https:\/\/gpautomatic.com\/en\/wp-json\/wp\/v2\/pages\/2216\/revisions"}],"wp:attachment":[{"href":"https:\/\/gpautomatic.com\/en\/wp-json\/wp\/v2\/media?parent=2216"}],"curies":[{"name":"wp","href":"https:\/\/api.w.org\/{rel}","templated":true}]}}