{"id":2229,"date":"2024-10-28T13:54:50","date_gmt":"2024-10-28T10:54:50","guid":{"rendered":"https:\/\/gpautomatic.com\/?page_id=2229"},"modified":"2024-10-28T13:56:10","modified_gmt":"2024-10-28T10:56:10","slug":"giyotin-cam","status":"publish","type":"page","link":"https:\/\/gpautomatic.com\/en\/giyotin-cam\/","title":{"rendered":"GUILLOTINE GLASS"},"content":{"rendered":"<div class=\"wpb-content-wrapper\"><section class=\"vc_row wpb_row vc_row-fluid\"><div class=\"container\"><div class=\"row\"><div class=\"wpb_column vc_column_container vc_col-sm-6\"><div class=\"vc_column-inner vc_custom_1728761386125\"><div class=\"wpb_wrapper\"><h2 style=\"text-align: left\" class=\"vc_custom_heading vc_do_custom_heading vc_custom_1730112653104\" ><strong>GUILLOTINE GLASS<\/strong><\/h2>\n\t<div class=\"wpb_text_column wpb_content_element vc_custom_1727085099116\" >\n\t\t<div class=\"wpb_wrapper\">\n\t\t\t<h4><strong>PRACTICAL SOLUTIONS FOR YOUR DAILY LIFE<\/strong><\/h4>\n<p><strong>Giyotin Cam Sistemi Nedir?: <\/strong>Guillotine glass is a window system consisting of two or three vertically moving glass sashes. When the upper sash is slid downwards, the lower sash moves upwards and the window opens. One of the biggest advantages of guillotine glass is that it provides ventilation by opening the window halfway. It is also preferred because it facilitates cleaning and maintenance.<\/p>\n<p><strong>Guillotine Glass Features:<\/strong> Double Opening Feature: Guillotine glass has the ability to open from both the top and bottom. This allows you to open the window from both the top and the bottom, allowing more air circulation.<br \/>\n<strong>Easy Cleanability:<\/strong> Guillotine glass is easier to clean with a design that allows easy access to both glass surfaces. This feature makes cleaning<br \/>\nmakes their operations practical.<br \/>\n<strong>Modern and Stylish Design:<\/strong> Usually designed in accordance with modern architecture, guillotine glass offers an aesthetic appearance with its transparent and straight lines.<br \/>\nThis adapts to many different decorative styles.<br \/>\n<strong>Low Maintenance Needs:<\/strong> Because guillotine glass has few moving parts, maintenance is low. This increases long-term durability.<br \/>\n<strong>Sound and Heat Insulation:<\/strong> Quality guillotine glazing systems have sound and thermal insulation properties that help reduce external noise and save energy.<br \/>\n<strong>Durability:<\/strong> Guillotine glass is usually made from durable materials, which ensures a long service life. Most models are resistant to weather conditions and various external influences.<\/p>\n\n\t\t<\/div>\n\t<\/div>\n<\/div><\/div><\/div><div class=\"wpb_column vc_column_container vc_col-sm-6\"><div class=\"vc_column-inner\"><div class=\"wpb_wrapper\">\n\t<div  class=\"wpb_single_image wpb_content_element vc_align_left wpb_content_element vc_custom_1730112966773\">\n\t\t\n\t\t<figure class=\"wpb_wrapper vc_figure\">\n\t\t\t<div class=\"vc_single_image-wrapper   vc_box_border_grey\"><img decoding=\"async\" width=\"960\" height=\"600\" data-src=\"https:\/\/gpautomatic.com\/wp-content\/uploads\/2024\/09\/Giyotin_960X600-2.jpg\" class=\"vc_single_image-img attachment-full lazyload\" alt=\"\" title=\"Giyotin_960X600-2\" src=\"data:image\/svg+xml;base64,PHN2ZyB3aWR0aD0iMSIgaGVpZ2h0PSIxIiB4bWxucz0iaHR0cDovL3d3dy53My5vcmcvMjAwMC9zdmciPjwvc3ZnPg==\" style=\"--smush-placeholder-width: 960px; --smush-placeholder-aspect-ratio: 960\/600;\" \/><\/div>\n\t\t<\/figure>\n\t<\/div>\n\n\t<div  class=\"wpb_single_image wpb_content_element vc_align_left wpb_content_element vc_custom_1730112882404\">\n\t\t\n\t\t<figure class=\"wpb_wrapper vc_figure\">\n\t\t\t<div class=\"vc_single_image-wrapper   vc_box_border_grey\"><img decoding=\"async\" width=\"960\" height=\"600\" data-src=\"https:\/\/gpautomatic.com\/wp-content\/uploads\/2024\/09\/Giyotin_960X600-3.jpg\" class=\"vc_single_image-img attachment-full lazyload\" alt=\"\" title=\"Giyotin_960X600-3\" src=\"data:image\/svg+xml;base64,PHN2ZyB3aWR0aD0iMSIgaGVpZ2h0PSIxIiB4bWxucz0iaHR0cDovL3d3dy53My5vcmcvMjAwMC9zdmciPjwvc3ZnPg==\" style=\"--smush-placeholder-width: 960px; --smush-placeholder-aspect-ratio: 960\/600;\" \/><\/div>\n\t\t<\/figure>\n\t<\/div>\n<\/div><\/div><\/div><\/div><\/div><div class=\"clearfix\"><\/div><\/section>\n<\/div>","protected":false},"excerpt":{"rendered":"G\u0130YOT\u0130N CAM G\u00dcNL\u00dcK HAYATINIZA PRAT\u0130K \u00c7\u00d6Z\u00dcMLER Giyotin Cam Sistemi Nedir?: Giyotin cam, dikey olarak hareket eden iki veya \u00fc\u00e7 cam kanad\u0131ndan olu\u015fan bir pencere sistemidir. Bu cam sistemi, \u00fcst kanat a\u015fa\u011f\u0131 do\u011fru kayd\u0131r\u0131ld\u0131\u011f\u0131nda alt kanat yukar\u0131 do\u011fru hareket eder ve bu sayede pencere a\u00e7\u0131l\u0131r. Giyotin cam\u0131n en b\u00fcy\u00fck avantajlar\u0131ndan biri, pencereyi yar\u0131ya kadar a\u00e7arak havaland\u0131rma [...]","protected":false},"author":1,"featured_media":0,"parent":0,"menu_order":0,"comment_status":"closed","ping_status":"closed","template":"page-templates\/template-fullwidth.php","meta":{"footnotes":""},"class_list":["post-2229","page","type-page","status-publish","hentry"],"yoast_head":"<!-- This site is optimized with the Yoast SEO plugin v27.4 - https:\/\/yoast.com\/product\/yoast-seo-wordpress\/ -->\n<title>G\u0130YOT\u0130N CAM - GP Automatic<\/title>\n<meta name=\"robots\" content=\"index, follow, max-snippet:-1, max-image-preview:large, max-video-preview:-1\" \/>\n<link rel=\"canonical\" href=\"https:\/\/gpautomatic.com\/en\/giyotin-cam\/\" \/>\n<meta property=\"og:locale\" content=\"en_US\" \/>\n<meta property=\"og:type\" content=\"article\" \/>\n<meta property=\"og:title\" content=\"G\u0130YOT\u0130N CAM - GP Automatic\" \/>\n<meta property=\"og:url\" content=\"https:\/\/gpautomatic.com\/en\/giyotin-cam\/\" \/>\n<meta property=\"og:site_name\" content=\"GP Automatic\" \/>\n<meta property=\"article:publisher\" content=\"https:\/\/www.facebook.com\/Gp-Automatic-Official-107196874745459\/\" \/>\n<meta property=\"article:modified_time\" content=\"2024-10-28T10:56:10+00:00\" \/>\n<meta name=\"twitter:card\" content=\"summary_large_image\" \/>\n<meta name=\"twitter:label1\" content=\"Est. reading time\" \/>\n\t<meta name=\"twitter:data1\" content=\"2 minutes\" \/>\n<script type=\"application\/ld+json\" class=\"yoast-schema-graph\">{\"@context\":\"https:\\\/\\\/schema.org\",\"@graph\":[{\"@type\":\"WebPage\",\"@id\":\"https:\\\/\\\/gpautomatic.com\\\/giyotin-cam\\\/\",\"url\":\"https:\\\/\\\/gpautomatic.com\\\/giyotin-cam\\\/\",\"name\":\"G\u0130YOT\u0130N CAM - GP Automatic\",\"isPartOf\":{\"@id\":\"https:\\\/\\\/gpautomatic.com\\\/#website\"},\"datePublished\":\"2024-10-28T10:54:50+00:00\",\"dateModified\":\"2024-10-28T10:56:10+00:00\",\"breadcrumb\":{\"@id\":\"https:\\\/\\\/gpautomatic.com\\\/giyotin-cam\\\/#breadcrumb\"},\"inLanguage\":\"en-US\",\"potentialAction\":[{\"@type\":\"ReadAction\",\"target\":[\"https:\\\/\\\/gpautomatic.com\\\/giyotin-cam\\\/\"]}]},{\"@type\":\"BreadcrumbList\",\"@id\":\"https:\\\/\\\/gpautomatic.com\\\/giyotin-cam\\\/#breadcrumb\",\"itemListElement\":[{\"@type\":\"ListItem\",\"position\":1,\"name\":\"Anasayfa\",\"item\":\"https:\\\/\\\/gpautomatic.com\\\/\"},{\"@type\":\"ListItem\",\"position\":2,\"name\":\"G\u0130YOT\u0130N CAM\"}]},{\"@type\":\"WebSite\",\"@id\":\"https:\\\/\\\/gpautomatic.com\\\/#website\",\"url\":\"https:\\\/\\\/gpautomatic.com\\\/\",\"name\":\"GP Automatic\",\"description\":\"It Makes Life Easier\",\"publisher\":{\"@id\":\"https:\\\/\\\/gpautomatic.com\\\/#organization\"},\"potentialAction\":[{\"@type\":\"SearchAction\",\"target\":{\"@type\":\"EntryPoint\",\"urlTemplate\":\"https:\\\/\\\/gpautomatic.com\\\/?s={search_term_string}\"},\"query-input\":{\"@type\":\"PropertyValueSpecification\",\"valueRequired\":true,\"valueName\":\"search_term_string\"}}],\"inLanguage\":\"en-US\"},{\"@type\":\"Organization\",\"@id\":\"https:\\\/\\\/gpautomatic.com\\\/#organization\",\"name\":\"Gp Automatic\",\"url\":\"https:\\\/\\\/gpautomatic.com\\\/\",\"logo\":{\"@type\":\"ImageObject\",\"inLanguage\":\"en-US\",\"@id\":\"https:\\\/\\\/gpautomatic.com\\\/#\\\/schema\\\/logo\\\/image\\\/\",\"url\":null,\"contentUrl\":null,\"width\":null,\"height\":null,\"caption\":\"Gp Automatic\"},\"image\":{\"@id\":\"https:\\\/\\\/gpautomatic.com\\\/#\\\/schema\\\/logo\\\/image\\\/\"},\"sameAs\":[\"https:\\\/\\\/www.facebook.com\\\/Gp-Automatic-Official-107196874745459\\\/\",\"https:\\\/\\\/www.instagram.com\\\/gpautomatic\"]}]}<\/script>\n<!-- \/ Yoast SEO plugin. -->","yoast_head_json":{"title":"G\u0130YOT\u0130N CAM - GP Automatic","robots":{"index":"index","follow":"follow","max-snippet":"max-snippet:-1","max-image-preview":"max-image-preview:large","max-video-preview":"max-video-preview:-1"},"canonical":"https:\/\/gpautomatic.com\/en\/giyotin-cam\/","og_locale":"en_US","og_type":"article","og_title":"G\u0130YOT\u0130N CAM - GP Automatic","og_url":"https:\/\/gpautomatic.com\/en\/giyotin-cam\/","og_site_name":"GP Automatic","article_publisher":"https:\/\/www.facebook.com\/Gp-Automatic-Official-107196874745459\/","article_modified_time":"2024-10-28T10:56:10+00:00","twitter_card":"summary_large_image","twitter_misc":{"Est. reading time":"2 minutes"},"schema":{"@context":"https:\/\/schema.org","@graph":[{"@type":"WebPage","@id":"https:\/\/gpautomatic.com\/giyotin-cam\/","url":"https:\/\/gpautomatic.com\/giyotin-cam\/","name":"G\u0130YOT\u0130N CAM - GP Automatic","isPartOf":{"@id":"https:\/\/gpautomatic.com\/#website"},"datePublished":"2024-10-28T10:54:50+00:00","dateModified":"2024-10-28T10:56:10+00:00","breadcrumb":{"@id":"https:\/\/gpautomatic.com\/giyotin-cam\/#breadcrumb"},"inLanguage":"en-US","potentialAction":[{"@type":"ReadAction","target":["https:\/\/gpautomatic.com\/giyotin-cam\/"]}]},{"@type":"BreadcrumbList","@id":"https:\/\/gpautomatic.com\/giyotin-cam\/#breadcrumb","itemListElement":[{"@type":"ListItem","position":1,"name":"Anasayfa","item":"https:\/\/gpautomatic.com\/"},{"@type":"ListItem","position":2,"name":"G\u0130YOT\u0130N CAM"}]},{"@type":"WebSite","@id":"https:\/\/gpautomatic.com\/#website","url":"https:\/\/gpautomatic.com\/","name":"GP Automatic","description":"It Makes Life Easier","publisher":{"@id":"https:\/\/gpautomatic.com\/#organization"},"potentialAction":[{"@type":"SearchAction","target":{"@type":"EntryPoint","urlTemplate":"https:\/\/gpautomatic.com\/?s={search_term_string}"},"query-input":{"@type":"PropertyValueSpecification","valueRequired":true,"valueName":"search_term_string"}}],"inLanguage":"en-US"},{"@type":"Organization","@id":"https:\/\/gpautomatic.com\/#organization","name":"Auto GP","url":"https:\/\/gpautomatic.com\/","logo":{"@type":"ImageObject","inLanguage":"en-US","@id":"https:\/\/gpautomatic.com\/#\/schema\/logo\/image\/","url":null,"contentUrl":null,"width":null,"height":null,"caption":"Gp Automatic"},"image":{"@id":"https:\/\/gpautomatic.com\/#\/schema\/logo\/image\/"},"sameAs":["https:\/\/www.facebook.com\/Gp-Automatic-Official-107196874745459\/","https:\/\/www.instagram.com\/gpautomatic"]}]}},"_links":{"self":[{"href":"https:\/\/gpautomatic.com\/en\/wp-json\/wp\/v2\/pages\/2229","targetHints":{"allow":["GET"]}}],"collection":[{"href":"https:\/\/gpautomatic.com\/en\/wp-json\/wp\/v2\/pages"}],"about":[{"href":"https:\/\/gpautomatic.com\/en\/wp-json\/wp\/v2\/types\/page"}],"author":[{"embeddable":true,"href":"https:\/\/gpautomatic.com\/en\/wp-json\/wp\/v2\/users\/1"}],"replies":[{"embeddable":true,"href":"https:\/\/gpautomatic.com\/en\/wp-json\/wp\/v2\/comments?post=2229"}],"version-history":[{"count":0,"href":"https:\/\/gpautomatic.com\/en\/wp-json\/wp\/v2\/pages\/2229\/revisions"}],"wp:attachment":[{"href":"https:\/\/gpautomatic.com\/en\/wp-json\/wp\/v2\/media?parent=2229"}],"curies":[{"name":"wp","href":"https:\/\/api.w.org\/{rel}","templated":true}]}}