{"id":2233,"date":"2024-10-28T14:08:15","date_gmt":"2024-10-28T11:08:15","guid":{"rendered":"https:\/\/gpautomatic.com\/?page_id=2233"},"modified":"2024-10-28T14:24:55","modified_gmt":"2024-10-28T11:24:55","slug":"gp-alushade-jaluzi","status":"publish","type":"page","link":"https:\/\/gpautomatic.com\/en\/gp-alushade-jaluzi\/","title":{"rendered":"GP ALUSHADE JALUZI"},"content":{"rendered":"<div class=\"wpb-content-wrapper\"><section class=\"vc_row wpb_row vc_row-fluid\"><div class=\"container\"><div class=\"row\"><div class=\"wpb_column vc_column_container vc_col-sm-6\"><div class=\"vc_column-inner vc_custom_1728761386125\"><div class=\"wpb_wrapper\"><h2 style=\"text-align: left\" class=\"vc_custom_heading vc_do_custom_heading vc_custom_1730114602598\" ><strong>GP ALUSHADE JALUZI<\/strong><\/h2>\n\t<div class=\"wpb_text_column wpb_content_element\" >\n\t\t<div class=\"wpb_wrapper\">\n\t\t\t<div class=\"clearfix mgt-60\"><\/div>\n<h4 class=\"dark-color\"><strong>ADD VALUE WITH AESTHETIC DESIGN<\/strong><\/h4>\n<div class=\"clearfix mgt-30\">\n<h4 class=\"dark-color\"><strong>What are GP Alushade Blinds?<\/strong><\/h4>\n<\/div>\n<p>It is a type of solar shading system installed on the exterior of a building or structure. This system is used to reduce the temperature inside the building, prevent the sun's rays from entering and at the same time increase the aesthetics of the building. Exterior GP Alushade Curtain systems are generally used in large buildings such as office buildings, hotels, hospitals and similar commercial buildings. It is also a preferred curtain system in some residential buildings. Exterior GP Alushade Blinds systems have a strong skeleton made of aluminum. This frame has a series of slats that can be opened or fixed. The slats reduce the temperature inside the building by blocking the sun's rays and at the same time increase the comfort of the people inside the building by creating a shaded area.<\/p>\n<p>&nbsp;<\/p>\n<h4 class=\"dark-color\"><strong>What are the Advantages?<\/strong><\/h4>\n<div class=\"CbirOcr-TextBox CbirOcr-TextBox_size_0\">Alushade curtain systems are a material that adjusts the amount of excessive solar heat and light in hot time. In this way, it is effective in the comfort and cooling savings of the environment, while there is no need for a separate curtain system indoors. In addition, our exterior GP Alushade curtains are completely resistant to excessive sun exposure, ultraviolet radiation and corrosion.<\/div>\n<div><\/div>\n<div><strong>Visual Aesthetics : <\/strong>Exterior facade Alushade Venetian Blind Systems provide an aesthetic contribution by changing the exterior appearance of the building.<\/div>\n<div><\/div>\n\n\t\t<\/div>\n\t<\/div>\n<\/div><\/div><\/div><div class=\"wpb_column vc_column_container vc_col-sm-6\"><div class=\"vc_column-inner vc_custom_1730113653602\"><div class=\"wpb_wrapper\">\n\t<div  class=\"wpb_single_image wpb_content_element vc_align_left wpb_content_element vc_custom_1726150843013\">\n\t\t\n\t\t<figure class=\"wpb_wrapper vc_figure\">\n\t\t\t<div class=\"vc_single_image-wrapper   vc_box_border_grey\"><img decoding=\"async\" width=\"960\" height=\"600\" data-src=\"https:\/\/gpautomatic.com\/wp-content\/uploads\/2016\/11\/GP-Alushade_960X600-1.jpg\" class=\"vc_single_image-img attachment-full lazyload\" alt=\"\" title=\"GP Alushade_960X600-1\" src=\"data:image\/svg+xml;base64,PHN2ZyB3aWR0aD0iMSIgaGVpZ2h0PSIxIiB4bWxucz0iaHR0cDovL3d3dy53My5vcmcvMjAwMC9zdmciPjwvc3ZnPg==\" style=\"--smush-placeholder-width: 960px; --smush-placeholder-aspect-ratio: 960\/600;\" \/><\/div>\n\t\t<\/figure>\n\t<\/div>\n\n\t<div  class=\"wpb_single_image wpb_content_element vc_align_left wpb_content_element vc_custom_1726150184424\">\n\t\t\n\t\t<figure class=\"wpb_wrapper vc_figure\">\n\t\t\t<div class=\"vc_single_image-wrapper   vc_box_border_grey\"><img decoding=\"async\" width=\"960\" height=\"600\" data-src=\"https:\/\/gpautomatic.com\/wp-content\/uploads\/2016\/11\/GP-Alushade_960X600-2.jpg\" class=\"vc_single_image-img attachment-full lazyload\" alt=\"\" title=\"GP Alushade_960X600-2\" src=\"data:image\/svg+xml;base64,PHN2ZyB3aWR0aD0iMSIgaGVpZ2h0PSIxIiB4bWxucz0iaHR0cDovL3d3dy53My5vcmcvMjAwMC9zdmciPjwvc3ZnPg==\" style=\"--smush-placeholder-width: 960px; --smush-placeholder-aspect-ratio: 960\/600;\" \/><\/div>\n\t\t<\/figure>\n\t<\/div>\n<\/div><\/div><\/div><\/div><\/div><div class=\"clearfix\"><\/div><\/section>\n<\/div>","protected":false},"excerpt":{"rendered":"GP ALUSHADE JALUZI ESTET\u0130K TASARIMI \u0130LE DE\u011eER KATIN GP Alushade Jaluzi Nedir? Bir binan\u0131n veya yap\u0131n\u0131n d\u0131\u015f cephesine monte edilen bir t\u00fcr g\u00fcne\u015f k\u0131r\u0131c\u0131 sistemdir. Bu sistem bina i\u00e7indeki s\u0131cakl\u0131\u011f\u0131 d\u00fc\u015f\u00fcrmek, g\u00fcne\u015f \u0131\u015f\u0131nlar\u0131n\u0131n i\u00e7eri girmesini engellemek ve ayn\u0131 zamanda binan\u0131n esteti\u011fini artt\u0131rmak i\u00e7in kullan\u0131l\u0131r. D\u0131\u015f Cephe GP Alushade Perde sistemleri genellikle ofis binalar\u0131, oteller, hastaneler [...]","protected":false},"author":1,"featured_media":0,"parent":0,"menu_order":0,"comment_status":"closed","ping_status":"closed","template":"page-templates\/template-fullwidth.php","meta":{"footnotes":""},"class_list":["post-2233","page","type-page","status-publish","hentry"],"yoast_head":"<!-- This site is optimized with the Yoast SEO plugin v27.4 - https:\/\/yoast.com\/product\/yoast-seo-wordpress\/ -->\n<title>GP ALUSHADE JALUZ\u0130 - GP Automatic<\/title>\n<meta name=\"robots\" content=\"index, follow, max-snippet:-1, max-image-preview:large, max-video-preview:-1\" \/>\n<link rel=\"canonical\" href=\"https:\/\/gpautomatic.com\/en\/gp-alushade-jaluzi\/\" \/>\n<meta property=\"og:locale\" content=\"en_US\" \/>\n<meta property=\"og:type\" content=\"article\" \/>\n<meta property=\"og:title\" content=\"GP ALUSHADE JALUZ\u0130 - GP Automatic\" \/>\n<meta property=\"og:url\" content=\"https:\/\/gpautomatic.com\/en\/gp-alushade-jaluzi\/\" \/>\n<meta property=\"og:site_name\" content=\"GP Automatic\" \/>\n<meta property=\"article:publisher\" content=\"https:\/\/www.facebook.com\/Gp-Automatic-Official-107196874745459\/\" \/>\n<meta property=\"article:modified_time\" content=\"2024-10-28T11:24:55+00:00\" \/>\n<meta name=\"twitter:card\" content=\"summary_large_image\" \/>\n<meta name=\"twitter:label1\" content=\"Est. reading time\" \/>\n\t<meta name=\"twitter:data1\" content=\"2 minutes\" \/>\n<script type=\"application\/ld+json\" class=\"yoast-schema-graph\">{\"@context\":\"https:\\\/\\\/schema.org\",\"@graph\":[{\"@type\":\"WebPage\",\"@id\":\"https:\\\/\\\/gpautomatic.com\\\/gp-alushade-jaluzi\\\/\",\"url\":\"https:\\\/\\\/gpautomatic.com\\\/gp-alushade-jaluzi\\\/\",\"name\":\"GP ALUSHADE JALUZ\u0130 - GP Automatic\",\"isPartOf\":{\"@id\":\"https:\\\/\\\/gpautomatic.com\\\/#website\"},\"datePublished\":\"2024-10-28T11:08:15+00:00\",\"dateModified\":\"2024-10-28T11:24:55+00:00\",\"breadcrumb\":{\"@id\":\"https:\\\/\\\/gpautomatic.com\\\/gp-alushade-jaluzi\\\/#breadcrumb\"},\"inLanguage\":\"en-US\",\"potentialAction\":[{\"@type\":\"ReadAction\",\"target\":[\"https:\\\/\\\/gpautomatic.com\\\/gp-alushade-jaluzi\\\/\"]}]},{\"@type\":\"BreadcrumbList\",\"@id\":\"https:\\\/\\\/gpautomatic.com\\\/gp-alushade-jaluzi\\\/#breadcrumb\",\"itemListElement\":[{\"@type\":\"ListItem\",\"position\":1,\"name\":\"Anasayfa\",\"item\":\"https:\\\/\\\/gpautomatic.com\\\/\"},{\"@type\":\"ListItem\",\"position\":2,\"name\":\"GP ALUSHADE JALUZ\u0130\"}]},{\"@type\":\"WebSite\",\"@id\":\"https:\\\/\\\/gpautomatic.com\\\/#website\",\"url\":\"https:\\\/\\\/gpautomatic.com\\\/\",\"name\":\"GP Automatic\",\"description\":\"It Makes Life Easier\",\"publisher\":{\"@id\":\"https:\\\/\\\/gpautomatic.com\\\/#organization\"},\"potentialAction\":[{\"@type\":\"SearchAction\",\"target\":{\"@type\":\"EntryPoint\",\"urlTemplate\":\"https:\\\/\\\/gpautomatic.com\\\/?s={search_term_string}\"},\"query-input\":{\"@type\":\"PropertyValueSpecification\",\"valueRequired\":true,\"valueName\":\"search_term_string\"}}],\"inLanguage\":\"en-US\"},{\"@type\":\"Organization\",\"@id\":\"https:\\\/\\\/gpautomatic.com\\\/#organization\",\"name\":\"Gp Automatic\",\"url\":\"https:\\\/\\\/gpautomatic.com\\\/\",\"logo\":{\"@type\":\"ImageObject\",\"inLanguage\":\"en-US\",\"@id\":\"https:\\\/\\\/gpautomatic.com\\\/#\\\/schema\\\/logo\\\/image\\\/\",\"url\":null,\"contentUrl\":null,\"width\":null,\"height\":null,\"caption\":\"Gp Automatic\"},\"image\":{\"@id\":\"https:\\\/\\\/gpautomatic.com\\\/#\\\/schema\\\/logo\\\/image\\\/\"},\"sameAs\":[\"https:\\\/\\\/www.facebook.com\\\/Gp-Automatic-Official-107196874745459\\\/\",\"https:\\\/\\\/www.instagram.com\\\/gpautomatic\"]}]}<\/script>\n<!-- \/ Yoast SEO plugin. -->","yoast_head_json":{"title":"GP ALUSHADE JALUZ\u0130 - GP Automatic","robots":{"index":"index","follow":"follow","max-snippet":"max-snippet:-1","max-image-preview":"max-image-preview:large","max-video-preview":"max-video-preview:-1"},"canonical":"https:\/\/gpautomatic.com\/en\/gp-alushade-jaluzi\/","og_locale":"en_US","og_type":"article","og_title":"GP ALUSHADE JALUZ\u0130 - GP Automatic","og_url":"https:\/\/gpautomatic.com\/en\/gp-alushade-jaluzi\/","og_site_name":"GP Automatic","article_publisher":"https:\/\/www.facebook.com\/Gp-Automatic-Official-107196874745459\/","article_modified_time":"2024-10-28T11:24:55+00:00","twitter_card":"summary_large_image","twitter_misc":{"Est. reading time":"2 minutes"},"schema":{"@context":"https:\/\/schema.org","@graph":[{"@type":"WebPage","@id":"https:\/\/gpautomatic.com\/gp-alushade-jaluzi\/","url":"https:\/\/gpautomatic.com\/gp-alushade-jaluzi\/","name":"GP ALUSHADE JALUZ\u0130 - GP Automatic","isPartOf":{"@id":"https:\/\/gpautomatic.com\/#website"},"datePublished":"2024-10-28T11:08:15+00:00","dateModified":"2024-10-28T11:24:55+00:00","breadcrumb":{"@id":"https:\/\/gpautomatic.com\/gp-alushade-jaluzi\/#breadcrumb"},"inLanguage":"en-US","potentialAction":[{"@type":"ReadAction","target":["https:\/\/gpautomatic.com\/gp-alushade-jaluzi\/"]}]},{"@type":"BreadcrumbList","@id":"https:\/\/gpautomatic.com\/gp-alushade-jaluzi\/#breadcrumb","itemListElement":[{"@type":"ListItem","position":1,"name":"Anasayfa","item":"https:\/\/gpautomatic.com\/"},{"@type":"ListItem","position":2,"name":"GP ALUSHADE JALUZ\u0130"}]},{"@type":"WebSite","@id":"https:\/\/gpautomatic.com\/#website","url":"https:\/\/gpautomatic.com\/","name":"GP Automatic","description":"It Makes Life Easier","publisher":{"@id":"https:\/\/gpautomatic.com\/#organization"},"potentialAction":[{"@type":"SearchAction","target":{"@type":"EntryPoint","urlTemplate":"https:\/\/gpautomatic.com\/?s={search_term_string}"},"query-input":{"@type":"PropertyValueSpecification","valueRequired":true,"valueName":"search_term_string"}}],"inLanguage":"en-US"},{"@type":"Organization","@id":"https:\/\/gpautomatic.com\/#organization","name":"Auto GP","url":"https:\/\/gpautomatic.com\/","logo":{"@type":"ImageObject","inLanguage":"en-US","@id":"https:\/\/gpautomatic.com\/#\/schema\/logo\/image\/","url":null,"contentUrl":null,"width":null,"height":null,"caption":"Gp Automatic"},"image":{"@id":"https:\/\/gpautomatic.com\/#\/schema\/logo\/image\/"},"sameAs":["https:\/\/www.facebook.com\/Gp-Automatic-Official-107196874745459\/","https:\/\/www.instagram.com\/gpautomatic"]}]}},"_links":{"self":[{"href":"https:\/\/gpautomatic.com\/en\/wp-json\/wp\/v2\/pages\/2233","targetHints":{"allow":["GET"]}}],"collection":[{"href":"https:\/\/gpautomatic.com\/en\/wp-json\/wp\/v2\/pages"}],"about":[{"href":"https:\/\/gpautomatic.com\/en\/wp-json\/wp\/v2\/types\/page"}],"author":[{"embeddable":true,"href":"https:\/\/gpautomatic.com\/en\/wp-json\/wp\/v2\/users\/1"}],"replies":[{"embeddable":true,"href":"https:\/\/gpautomatic.com\/en\/wp-json\/wp\/v2\/comments?post=2233"}],"version-history":[{"count":0,"href":"https:\/\/gpautomatic.com\/en\/wp-json\/wp\/v2\/pages\/2233\/revisions"}],"wp:attachment":[{"href":"https:\/\/gpautomatic.com\/en\/wp-json\/wp\/v2\/media?parent=2233"}],"curies":[{"name":"wp","href":"https:\/\/api.w.org\/{rel}","templated":true}]}}