{"id":2243,"date":"2024-10-28T14:32:15","date_gmt":"2024-10-28T11:32:15","guid":{"rendered":"https:\/\/gpautomatic.com\/?page_id=2243"},"modified":"2024-10-28T14:36:33","modified_gmt":"2024-10-28T11:36:33","slug":"kis-bahcesi","status":"publish","type":"page","link":"https:\/\/gpautomatic.com\/en\/kis-bahcesi\/","title":{"rendered":"WINTER GARDEN"},"content":{"rendered":"<div class=\"wpb-content-wrapper\"><section class=\"vc_row wpb_row vc_row-fluid\"><div class=\"container\"><div class=\"row\"><div class=\"wpb_column vc_column_container vc_col-sm-6\"><div class=\"vc_column-inner vc_custom_1728761386125\"><div class=\"wpb_wrapper\"><h2 style=\"text-align: left\" class=\"vc_custom_heading vc_do_custom_heading vc_custom_1730115199109\" ><strong>WINTER GARDEN<\/strong><\/h2>\n\t<div class=\"wpb_text_column wpb_content_element\" >\n\t\t<div class=\"wpb_wrapper\">\n\t\t\t<h4><\/h4>\n<h4 class=\"dark-color\"><strong>EXPERIENCE THE BEAUTY OF WINTER IN YOUR GARDEN<\/strong><\/h4>\n<p>Winter gardens are wonderful places that not only offer a pleasant living space without losing touch with nature in cold and rainy weather conditions, but also provide an aesthetic appearance. They are often preferred especially in houses with gardens or in attics and terraces despite the restrictions of city life. These areas, which have attracted attention in Turkey in recent years with the feeling of spaciousness and tranquility they create, carry not only aesthetic but also functional value.<\/p>\n<p>Winter gardens are equipped with advanced heating, insulation and shading systems. These features are designed to provide users with a comfortable and pleasant environment throughout the year. From the warm days of spring to the cold and dark evenings of winter, winter gardens offer a space filled with natural light in all seasons, allowing you to add life to your home. They can also be adorned with botanical plants and flowers, helping you create a personal paradise.<\/p>\n<p>A well-designed conservatory not only combines with natural landscapes, but is also integrated into the interior decoration, offering both a functional and aesthetic experience.<\/p>\n<h4 class=\"dark-color\"><strong>Experience Nature in All Seasons<\/strong><\/h4>\n<p>Winter gardens are the perfect option for those who like to be at one with nature and feel the warmth of the sun in winter. However, there are some factors to consider when designing a winter garden. Climate conditions, your personal budget and visual aesthetic preferences can directly affect the functionality and design of your winter garden.<\/p>\n\n\t\t<\/div>\n\t<\/div>\n<\/div><\/div><\/div><div class=\"wpb_column vc_column_container vc_col-sm-6\"><div class=\"vc_column-inner vc_custom_1730113653602\"><div class=\"wpb_wrapper\">\n\t<div  class=\"wpb_single_image wpb_content_element vc_align_left wpb_content_element vc_custom_1730115103925\">\n\t\t\n\t\t<figure class=\"wpb_wrapper vc_figure\">\n\t\t\t<div class=\"vc_single_image-wrapper   vc_box_border_grey\"><img decoding=\"async\" width=\"960\" height=\"600\" data-src=\"https:\/\/gpautomatic.com\/wp-content\/uploads\/2016\/11\/kis-Bahcesi_960X600-3.jpg\" class=\"vc_single_image-img attachment-full lazyload\" alt=\"\" title=\"k\u0131\u015f Bah\u00e7esi_960X600-3\" src=\"data:image\/svg+xml;base64,PHN2ZyB3aWR0aD0iMSIgaGVpZ2h0PSIxIiB4bWxucz0iaHR0cDovL3d3dy53My5vcmcvMjAwMC9zdmciPjwvc3ZnPg==\" style=\"--smush-placeholder-width: 960px; --smush-placeholder-aspect-ratio: 960\/600;\" \/><\/div>\n\t\t<\/figure>\n\t<\/div>\n\n\t<div  class=\"wpb_single_image wpb_content_element vc_align_left wpb_content_element vc_custom_1726136457998\">\n\t\t\n\t\t<figure class=\"wpb_wrapper vc_figure\">\n\t\t\t<div class=\"vc_single_image-wrapper   vc_box_border_grey\"><img decoding=\"async\" width=\"960\" height=\"600\" data-src=\"https:\/\/gpautomatic.com\/wp-content\/uploads\/2016\/11\/kis-Bahcesi_960X600.jpg\" class=\"vc_single_image-img attachment-full lazyload\" alt=\"\" title=\"k\u0131\u015f Bah\u00e7esi_960X600\" src=\"data:image\/svg+xml;base64,PHN2ZyB3aWR0aD0iMSIgaGVpZ2h0PSIxIiB4bWxucz0iaHR0cDovL3d3dy53My5vcmcvMjAwMC9zdmciPjwvc3ZnPg==\" style=\"--smush-placeholder-width: 960px; --smush-placeholder-aspect-ratio: 960\/600;\" \/><\/div>\n\t\t<\/figure>\n\t<\/div>\n<\/div><\/div><\/div><\/div><\/div><div class=\"clearfix\"><\/div><\/section>\n<\/div>","protected":false},"excerpt":{"rendered":"KI\u015e BAH\u00c7ES\u0130 KI\u015eIN G\u00dcZELL\u0130KLER\u0130N\u0130 BAH\u00c7EN\u0130ZDE YA\u015eAYIN K\u0131\u015f bah\u00e7eleri, so\u011fuk ve ya\u011f\u0131\u015fl\u0131 hava ko\u015fullar\u0131nda do\u011fayla ba\u011flant\u0131y\u0131 koparmadan keyifli bir ya\u015fam alan\u0131 sunman\u0131n yan\u0131 s\u0131ra, estetik bir g\u00f6r\u00fcn\u00fcm de kazand\u0131ran harika mekanlard\u0131r. \u00d6zellikle bah\u00e7eli evlerde veya \u015fehir ya\u015fam\u0131n\u0131n sundu\u011fu k\u0131s\u0131tlamalara ra\u011fmen \u00e7at\u0131 katlar\u0131 ve teraslarda s\u0131kl\u0131kla tercih edilmektedir. Son y\u0131llarda T\u00fcrkiye\u2019de yaratt\u0131\u011f\u0131 ferahl\u0131k ve huzur hissi ile [...]","protected":false},"author":1,"featured_media":0,"parent":0,"menu_order":0,"comment_status":"closed","ping_status":"closed","template":"page-templates\/template-fullwidth.php","meta":{"footnotes":""},"class_list":["post-2243","page","type-page","status-publish","hentry"],"yoast_head":"<!-- This site is optimized with the Yoast SEO plugin v27.4 - https:\/\/yoast.com\/product\/yoast-seo-wordpress\/ -->\n<title>KI\u015e BAH\u00c7ES\u0130 - GP Automatic<\/title>\n<meta name=\"robots\" content=\"index, follow, max-snippet:-1, max-image-preview:large, max-video-preview:-1\" \/>\n<link rel=\"canonical\" href=\"https:\/\/gpautomatic.com\/en\/kis-bahcesi\/\" \/>\n<meta property=\"og:locale\" content=\"en_US\" \/>\n<meta property=\"og:type\" content=\"article\" \/>\n<meta property=\"og:title\" content=\"KI\u015e BAH\u00c7ES\u0130 - GP Automatic\" \/>\n<meta property=\"og:url\" content=\"https:\/\/gpautomatic.com\/en\/kis-bahcesi\/\" \/>\n<meta property=\"og:site_name\" content=\"GP Automatic\" \/>\n<meta property=\"article:publisher\" content=\"https:\/\/www.facebook.com\/Gp-Automatic-Official-107196874745459\/\" \/>\n<meta property=\"article:modified_time\" content=\"2024-10-28T11:36:33+00:00\" \/>\n<meta name=\"twitter:card\" content=\"summary_large_image\" \/>\n<meta name=\"twitter:label1\" content=\"Est. reading time\" \/>\n\t<meta name=\"twitter:data1\" content=\"2 minutes\" \/>\n<script type=\"application\/ld+json\" class=\"yoast-schema-graph\">{\"@context\":\"https:\\\/\\\/schema.org\",\"@graph\":[{\"@type\":\"WebPage\",\"@id\":\"https:\\\/\\\/gpautomatic.com\\\/kis-bahcesi\\\/\",\"url\":\"https:\\\/\\\/gpautomatic.com\\\/kis-bahcesi\\\/\",\"name\":\"KI\u015e BAH\u00c7ES\u0130 - GP Automatic\",\"isPartOf\":{\"@id\":\"https:\\\/\\\/gpautomatic.com\\\/#website\"},\"datePublished\":\"2024-10-28T11:32:15+00:00\",\"dateModified\":\"2024-10-28T11:36:33+00:00\",\"breadcrumb\":{\"@id\":\"https:\\\/\\\/gpautomatic.com\\\/kis-bahcesi\\\/#breadcrumb\"},\"inLanguage\":\"en-US\",\"potentialAction\":[{\"@type\":\"ReadAction\",\"target\":[\"https:\\\/\\\/gpautomatic.com\\\/kis-bahcesi\\\/\"]}]},{\"@type\":\"BreadcrumbList\",\"@id\":\"https:\\\/\\\/gpautomatic.com\\\/kis-bahcesi\\\/#breadcrumb\",\"itemListElement\":[{\"@type\":\"ListItem\",\"position\":1,\"name\":\"Anasayfa\",\"item\":\"https:\\\/\\\/gpautomatic.com\\\/\"},{\"@type\":\"ListItem\",\"position\":2,\"name\":\"KI\u015e BAH\u00c7ES\u0130\"}]},{\"@type\":\"WebSite\",\"@id\":\"https:\\\/\\\/gpautomatic.com\\\/#website\",\"url\":\"https:\\\/\\\/gpautomatic.com\\\/\",\"name\":\"GP Automatic\",\"description\":\"It Makes Life Easier\",\"publisher\":{\"@id\":\"https:\\\/\\\/gpautomatic.com\\\/#organization\"},\"potentialAction\":[{\"@type\":\"SearchAction\",\"target\":{\"@type\":\"EntryPoint\",\"urlTemplate\":\"https:\\\/\\\/gpautomatic.com\\\/?s={search_term_string}\"},\"query-input\":{\"@type\":\"PropertyValueSpecification\",\"valueRequired\":true,\"valueName\":\"search_term_string\"}}],\"inLanguage\":\"en-US\"},{\"@type\":\"Organization\",\"@id\":\"https:\\\/\\\/gpautomatic.com\\\/#organization\",\"name\":\"Gp Automatic\",\"url\":\"https:\\\/\\\/gpautomatic.com\\\/\",\"logo\":{\"@type\":\"ImageObject\",\"inLanguage\":\"en-US\",\"@id\":\"https:\\\/\\\/gpautomatic.com\\\/#\\\/schema\\\/logo\\\/image\\\/\",\"url\":null,\"contentUrl\":null,\"width\":null,\"height\":null,\"caption\":\"Gp Automatic\"},\"image\":{\"@id\":\"https:\\\/\\\/gpautomatic.com\\\/#\\\/schema\\\/logo\\\/image\\\/\"},\"sameAs\":[\"https:\\\/\\\/www.facebook.com\\\/Gp-Automatic-Official-107196874745459\\\/\",\"https:\\\/\\\/www.instagram.com\\\/gpautomatic\"]}]}<\/script>\n<!-- \/ Yoast SEO plugin. -->","yoast_head_json":{"title":"KI\u015e BAH\u00c7ES\u0130 - GP Automatic","robots":{"index":"index","follow":"follow","max-snippet":"max-snippet:-1","max-image-preview":"max-image-preview:large","max-video-preview":"max-video-preview:-1"},"canonical":"https:\/\/gpautomatic.com\/en\/kis-bahcesi\/","og_locale":"en_US","og_type":"article","og_title":"KI\u015e BAH\u00c7ES\u0130 - GP Automatic","og_url":"https:\/\/gpautomatic.com\/en\/kis-bahcesi\/","og_site_name":"GP Automatic","article_publisher":"https:\/\/www.facebook.com\/Gp-Automatic-Official-107196874745459\/","article_modified_time":"2024-10-28T11:36:33+00:00","twitter_card":"summary_large_image","twitter_misc":{"Est. reading time":"2 minutes"},"schema":{"@context":"https:\/\/schema.org","@graph":[{"@type":"WebPage","@id":"https:\/\/gpautomatic.com\/kis-bahcesi\/","url":"https:\/\/gpautomatic.com\/kis-bahcesi\/","name":"KI\u015e BAH\u00c7ES\u0130 - GP Automatic","isPartOf":{"@id":"https:\/\/gpautomatic.com\/#website"},"datePublished":"2024-10-28T11:32:15+00:00","dateModified":"2024-10-28T11:36:33+00:00","breadcrumb":{"@id":"https:\/\/gpautomatic.com\/kis-bahcesi\/#breadcrumb"},"inLanguage":"en-US","potentialAction":[{"@type":"ReadAction","target":["https:\/\/gpautomatic.com\/kis-bahcesi\/"]}]},{"@type":"BreadcrumbList","@id":"https:\/\/gpautomatic.com\/kis-bahcesi\/#breadcrumb","itemListElement":[{"@type":"ListItem","position":1,"name":"Anasayfa","item":"https:\/\/gpautomatic.com\/"},{"@type":"ListItem","position":2,"name":"KI\u015e BAH\u00c7ES\u0130"}]},{"@type":"WebSite","@id":"https:\/\/gpautomatic.com\/#website","url":"https:\/\/gpautomatic.com\/","name":"GP Automatic","description":"It Makes Life Easier","publisher":{"@id":"https:\/\/gpautomatic.com\/#organization"},"potentialAction":[{"@type":"SearchAction","target":{"@type":"EntryPoint","urlTemplate":"https:\/\/gpautomatic.com\/?s={search_term_string}"},"query-input":{"@type":"PropertyValueSpecification","valueRequired":true,"valueName":"search_term_string"}}],"inLanguage":"en-US"},{"@type":"Organization","@id":"https:\/\/gpautomatic.com\/#organization","name":"Auto GP","url":"https:\/\/gpautomatic.com\/","logo":{"@type":"ImageObject","inLanguage":"en-US","@id":"https:\/\/gpautomatic.com\/#\/schema\/logo\/image\/","url":null,"contentUrl":null,"width":null,"height":null,"caption":"Gp Automatic"},"image":{"@id":"https:\/\/gpautomatic.com\/#\/schema\/logo\/image\/"},"sameAs":["https:\/\/www.facebook.com\/Gp-Automatic-Official-107196874745459\/","https:\/\/www.instagram.com\/gpautomatic"]}]}},"_links":{"self":[{"href":"https:\/\/gpautomatic.com\/en\/wp-json\/wp\/v2\/pages\/2243","targetHints":{"allow":["GET"]}}],"collection":[{"href":"https:\/\/gpautomatic.com\/en\/wp-json\/wp\/v2\/pages"}],"about":[{"href":"https:\/\/gpautomatic.com\/en\/wp-json\/wp\/v2\/types\/page"}],"author":[{"embeddable":true,"href":"https:\/\/gpautomatic.com\/en\/wp-json\/wp\/v2\/users\/1"}],"replies":[{"embeddable":true,"href":"https:\/\/gpautomatic.com\/en\/wp-json\/wp\/v2\/comments?post=2243"}],"version-history":[{"count":0,"href":"https:\/\/gpautomatic.com\/en\/wp-json\/wp\/v2\/pages\/2243\/revisions"}],"wp:attachment":[{"href":"https:\/\/gpautomatic.com\/en\/wp-json\/wp\/v2\/media?parent=2243"}],"curies":[{"name":"wp","href":"https:\/\/api.w.org\/{rel}","templated":true}]}}