{"id":2247,"date":"2024-10-28T14:40:38","date_gmt":"2024-10-28T11:40:38","guid":{"rendered":"https:\/\/gpautomatic.com\/?page_id=2247"},"modified":"2024-10-28T14:47:19","modified_gmt":"2024-10-28T11:47:19","slug":"seksiyonel-kapilar","status":"publish","type":"page","link":"https:\/\/gpautomatic.com\/en\/seksiyonel-kapilar\/","title":{"rendered":"SECTIONAL DOORS"},"content":{"rendered":"<div class=\"wpb-content-wrapper\"><section class=\"vc_row wpb_row vc_row-fluid\"><div class=\"container\"><div class=\"row\"><div class=\"wpb_column vc_column_container vc_col-sm-6\"><div class=\"vc_column-inner vc_custom_1728761386125\"><div class=\"wpb_wrapper\"><h2 style=\"text-align: left\" class=\"vc_custom_heading vc_do_custom_heading vc_custom_1730115581536\" ><strong>SECTIONAL DOORS<\/strong><\/h2>\n\t<div class=\"wpb_text_column wpb_content_element vc_custom_1730115944527\" >\n\t\t<div class=\"wpb_wrapper\">\n\t\t\t<h4><strong>G\u00dcVENL\u0130\u011e\u0130 VE \u015eIKLI\u011eI B\u0130R ARADA SUNAN KAPILAR!<\/strong><\/h4>\n<p>Full view door is among the most preferred models of sectional door models and is a type of door that highlights your structures by providing high-level visuality.<br \/>\nIt is used as normal bearing, high bearing or vertical bearing according to the beam section of the area to be applied.<br \/>\nkullan\u0131lmaktad\u0131r.<\/p>\n<p>Tam g\u00f6r\u00fcn\u00fc\u015fl\u00fc kap\u0131lar\u0131n profil kal\u0131nl\u0131klar\u0131 kullan\u0131lan b\u00f6l\u00fcmlere g\u00f6re de\u011fi\u015fmektedir ve \u00f6zel olarak birbirine uyumlu olarak dizayn edilmi\u015ftir,<br \/>\ngenellikle 3 mm pleksiglass camlar kullan\u0131lmaktad\u0131r, ihtiyaca g\u00f6re isi caml\u0131 \u00e7ift cam modeli de kullan\u0131labilir. Farkl\u0131 yap\u0131larda, kap\u0131lar\u0131m\u0131z\u0131n<br \/>\nmaksimum uyumu yakalamas\u0131 i\u00e7in temperli veya lamine cam se\u00e7enekleri de uygulanabilir. Tam g\u00f6r\u00fcn\u00fc\u015fl\u00fc kap\u0131lar standart kontrol \u00fcniteli ve uzaktan kumandal\u0131 olarak da uygulanabilir. Tam g\u00f6r\u00fcn\u00fc\u015fl\u00fc kap\u0131lar opto lazer ve kablosuz pn\u00f6matik alt emniyet sistemi \u00f6zelli\u011fi sayesinde herhangi bir nesnenin \u00fczerine de\u011fmesi durumunda kap\u0131n\u0131n geri a\u00e7\u0131lmas\u0131n\u0131 sa\u011flar.<\/p>\n<p><strong>Ayna G\u00f6r\u00fcn\u00fc\u015fl\u00fc Kap\u0131lar:<\/strong> Ultra Modern ayna g\u00f6r\u00fcn\u00fc\u015fl\u00fc kap\u0131lar prestijli binalar i\u00e7in modern mimariye uygun, g\u00f6z al\u0131c\u0131 kap\u0131 \u00e7\u00f6z\u00fcmleridir. Reflekte ve temperli camlar sayesinde kal\u0131c\u0131 y\u00fczey korumas\u0131 ile g\u00fcvenlik sa\u011flanmaktad\u0131r. Ayna g\u00f6r\u00fcn\u00fc\u015fl\u00fc kap\u0131lar ihtiyaca g\u00f6re garaj kap\u0131s\u0131 modeli olarak da uygulanabilir.<\/p>\n<p><strong>Areas of Use:<\/strong> Ara\u00e7 Bak\u0131m Servisi Kap\u0131s\u0131 \/ Oto Galeri Kap\u0131s\u0131 \/ Showroom Ma\u011faza Kap\u0131s\u0131<\/p>\n\n\t\t<\/div>\n\t<\/div>\n<\/div><\/div><\/div><div class=\"wpb_column vc_column_container vc_col-sm-6\"><div class=\"vc_column-inner vc_custom_1730113653602\"><div class=\"wpb_wrapper\">\n\t<div  class=\"wpb_single_image wpb_content_element vc_align_left wpb_content_element vc_custom_1730115990619\">\n\t\t\n\t\t<figure class=\"wpb_wrapper vc_figure\">\n\t\t\t<div class=\"vc_single_image-wrapper   vc_box_border_grey\"><img decoding=\"async\" width=\"960\" height=\"600\" data-src=\"https:\/\/gpautomatic.com\/wp-content\/uploads\/2024\/09\/Seksiyonel-Kapi_960X600-1.jpg\" class=\"vc_single_image-img attachment-full lazyload\" alt=\"\" title=\"Seksiyonel Kap\u0131_960X600-1\" src=\"data:image\/svg+xml;base64,PHN2ZyB3aWR0aD0iMSIgaGVpZ2h0PSIxIiB4bWxucz0iaHR0cDovL3d3dy53My5vcmcvMjAwMC9zdmciPjwvc3ZnPg==\" style=\"--smush-placeholder-width: 960px; --smush-placeholder-aspect-ratio: 960\/600;\" \/><\/div>\n\t\t<\/figure>\n\t<\/div>\n\n\t<div  class=\"wpb_single_image wpb_content_element vc_align_left wpb_content_element vc_custom_1727086739495\">\n\t\t\n\t\t<figure class=\"wpb_wrapper vc_figure\">\n\t\t\t<div class=\"vc_single_image-wrapper   vc_box_border_grey\"><img decoding=\"async\" width=\"960\" height=\"600\" data-src=\"https:\/\/gpautomatic.com\/wp-content\/uploads\/2024\/09\/Seksiyonel_960X600-2.jpg\" class=\"vc_single_image-img attachment-full lazyload\" alt=\"\" title=\"Seksiyonel_960X600-2\" src=\"data:image\/svg+xml;base64,PHN2ZyB3aWR0aD0iMSIgaGVpZ2h0PSIxIiB4bWxucz0iaHR0cDovL3d3dy53My5vcmcvMjAwMC9zdmciPjwvc3ZnPg==\" style=\"--smush-placeholder-width: 960px; --smush-placeholder-aspect-ratio: 960\/600;\" \/><\/div>\n\t\t<\/figure>\n\t<\/div>\n<\/div><\/div><\/div><\/div><\/div><div class=\"clearfix\"><\/div><\/section>\n<\/div>","protected":false},"excerpt":{"rendered":"SEKS\u0130YONEL KAPILAR G\u00dcVENL\u0130\u011e\u0130 VE \u015eIKLI\u011eI B\u0130R ARADA SUNAN KAPILAR! Tam g\u00f6r\u00fcn\u00fc\u015fl\u00fc kap\u0131 , seksiyonel kap\u0131 modellerinden en \u00e7ok tercih edilen modelleri aras\u0131ndad\u0131r ve \u00fcst d\u00fczey g\u00f6rsellik sa\u011flayarak yap\u0131lar\u0131n\u0131z\u0131 \u00f6n plana \u00e7\u0131karan kap\u0131 \u00e7e\u015fididir. Uygulanacak alan\u0131n kiri\u015f b\u00f6l\u00fcm\u00fcne g\u00f6re normal yataklama, y\u00fcksek yataklama veya dikey yataklama olarak kullan\u0131lmaktad\u0131r. Tam g\u00f6r\u00fcn\u00fc\u015fl\u00fc kap\u0131lar\u0131n profil kal\u0131nl\u0131klar\u0131 kullan\u0131lan b\u00f6l\u00fcmlere g\u00f6re [...]","protected":false},"author":1,"featured_media":0,"parent":0,"menu_order":0,"comment_status":"closed","ping_status":"closed","template":"page-templates\/template-fullwidth.php","meta":{"footnotes":""},"class_list":["post-2247","page","type-page","status-publish","hentry"],"yoast_head":"<!-- This site is optimized with the Yoast SEO plugin v27.4 - https:\/\/yoast.com\/product\/yoast-seo-wordpress\/ -->\n<title>SEKS\u0130YONEL KAPILAR - GP Automatic<\/title>\n<meta name=\"robots\" content=\"index, follow, max-snippet:-1, max-image-preview:large, max-video-preview:-1\" \/>\n<link rel=\"canonical\" href=\"https:\/\/gpautomatic.com\/en\/seksiyonel-kapilar\/\" \/>\n<meta property=\"og:locale\" content=\"en_US\" \/>\n<meta property=\"og:type\" content=\"article\" \/>\n<meta property=\"og:title\" content=\"SEKS\u0130YONEL KAPILAR - GP Automatic\" \/>\n<meta property=\"og:url\" content=\"https:\/\/gpautomatic.com\/en\/seksiyonel-kapilar\/\" \/>\n<meta property=\"og:site_name\" content=\"GP Automatic\" \/>\n<meta property=\"article:publisher\" content=\"https:\/\/www.facebook.com\/Gp-Automatic-Official-107196874745459\/\" \/>\n<meta property=\"article:modified_time\" content=\"2024-10-28T11:47:19+00:00\" \/>\n<meta name=\"twitter:card\" content=\"summary_large_image\" \/>\n<meta name=\"twitter:label1\" content=\"Est. reading time\" \/>\n\t<meta name=\"twitter:data1\" content=\"2 minutes\" \/>\n<script type=\"application\/ld+json\" class=\"yoast-schema-graph\">{\"@context\":\"https:\\\/\\\/schema.org\",\"@graph\":[{\"@type\":\"WebPage\",\"@id\":\"https:\\\/\\\/gpautomatic.com\\\/seksiyonel-kapilar\\\/\",\"url\":\"https:\\\/\\\/gpautomatic.com\\\/seksiyonel-kapilar\\\/\",\"name\":\"SEKS\u0130YONEL KAPILAR - GP Automatic\",\"isPartOf\":{\"@id\":\"https:\\\/\\\/gpautomatic.com\\\/#website\"},\"datePublished\":\"2024-10-28T11:40:38+00:00\",\"dateModified\":\"2024-10-28T11:47:19+00:00\",\"breadcrumb\":{\"@id\":\"https:\\\/\\\/gpautomatic.com\\\/seksiyonel-kapilar\\\/#breadcrumb\"},\"inLanguage\":\"en-US\",\"potentialAction\":[{\"@type\":\"ReadAction\",\"target\":[\"https:\\\/\\\/gpautomatic.com\\\/seksiyonel-kapilar\\\/\"]}]},{\"@type\":\"BreadcrumbList\",\"@id\":\"https:\\\/\\\/gpautomatic.com\\\/seksiyonel-kapilar\\\/#breadcrumb\",\"itemListElement\":[{\"@type\":\"ListItem\",\"position\":1,\"name\":\"Anasayfa\",\"item\":\"https:\\\/\\\/gpautomatic.com\\\/\"},{\"@type\":\"ListItem\",\"position\":2,\"name\":\"SEKS\u0130YONEL KAPILAR\"}]},{\"@type\":\"WebSite\",\"@id\":\"https:\\\/\\\/gpautomatic.com\\\/#website\",\"url\":\"https:\\\/\\\/gpautomatic.com\\\/\",\"name\":\"GP Automatic\",\"description\":\"It Makes Life Easier\",\"publisher\":{\"@id\":\"https:\\\/\\\/gpautomatic.com\\\/#organization\"},\"potentialAction\":[{\"@type\":\"SearchAction\",\"target\":{\"@type\":\"EntryPoint\",\"urlTemplate\":\"https:\\\/\\\/gpautomatic.com\\\/?s={search_term_string}\"},\"query-input\":{\"@type\":\"PropertyValueSpecification\",\"valueRequired\":true,\"valueName\":\"search_term_string\"}}],\"inLanguage\":\"en-US\"},{\"@type\":\"Organization\",\"@id\":\"https:\\\/\\\/gpautomatic.com\\\/#organization\",\"name\":\"Gp Automatic\",\"url\":\"https:\\\/\\\/gpautomatic.com\\\/\",\"logo\":{\"@type\":\"ImageObject\",\"inLanguage\":\"en-US\",\"@id\":\"https:\\\/\\\/gpautomatic.com\\\/#\\\/schema\\\/logo\\\/image\\\/\",\"url\":null,\"contentUrl\":null,\"width\":null,\"height\":null,\"caption\":\"Gp Automatic\"},\"image\":{\"@id\":\"https:\\\/\\\/gpautomatic.com\\\/#\\\/schema\\\/logo\\\/image\\\/\"},\"sameAs\":[\"https:\\\/\\\/www.facebook.com\\\/Gp-Automatic-Official-107196874745459\\\/\",\"https:\\\/\\\/www.instagram.com\\\/gpautomatic\"]}]}<\/script>\n<!-- \/ Yoast SEO plugin. -->","yoast_head_json":{"title":"SEKS\u0130YONEL KAPILAR - GP Automatic","robots":{"index":"index","follow":"follow","max-snippet":"max-snippet:-1","max-image-preview":"max-image-preview:large","max-video-preview":"max-video-preview:-1"},"canonical":"https:\/\/gpautomatic.com\/en\/seksiyonel-kapilar\/","og_locale":"en_US","og_type":"article","og_title":"SEKS\u0130YONEL KAPILAR - GP Automatic","og_url":"https:\/\/gpautomatic.com\/en\/seksiyonel-kapilar\/","og_site_name":"GP Automatic","article_publisher":"https:\/\/www.facebook.com\/Gp-Automatic-Official-107196874745459\/","article_modified_time":"2024-10-28T11:47:19+00:00","twitter_card":"summary_large_image","twitter_misc":{"Est. reading time":"2 minutes"},"schema":{"@context":"https:\/\/schema.org","@graph":[{"@type":"WebPage","@id":"https:\/\/gpautomatic.com\/seksiyonel-kapilar\/","url":"https:\/\/gpautomatic.com\/seksiyonel-kapilar\/","name":"SEKS\u0130YONEL KAPILAR - GP Automatic","isPartOf":{"@id":"https:\/\/gpautomatic.com\/#website"},"datePublished":"2024-10-28T11:40:38+00:00","dateModified":"2024-10-28T11:47:19+00:00","breadcrumb":{"@id":"https:\/\/gpautomatic.com\/seksiyonel-kapilar\/#breadcrumb"},"inLanguage":"en-US","potentialAction":[{"@type":"ReadAction","target":["https:\/\/gpautomatic.com\/seksiyonel-kapilar\/"]}]},{"@type":"BreadcrumbList","@id":"https:\/\/gpautomatic.com\/seksiyonel-kapilar\/#breadcrumb","itemListElement":[{"@type":"ListItem","position":1,"name":"Anasayfa","item":"https:\/\/gpautomatic.com\/"},{"@type":"ListItem","position":2,"name":"SEKS\u0130YONEL KAPILAR"}]},{"@type":"WebSite","@id":"https:\/\/gpautomatic.com\/#website","url":"https:\/\/gpautomatic.com\/","name":"GP Automatic","description":"It Makes Life Easier","publisher":{"@id":"https:\/\/gpautomatic.com\/#organization"},"potentialAction":[{"@type":"SearchAction","target":{"@type":"EntryPoint","urlTemplate":"https:\/\/gpautomatic.com\/?s={search_term_string}"},"query-input":{"@type":"PropertyValueSpecification","valueRequired":true,"valueName":"search_term_string"}}],"inLanguage":"en-US"},{"@type":"Organization","@id":"https:\/\/gpautomatic.com\/#organization","name":"Auto GP","url":"https:\/\/gpautomatic.com\/","logo":{"@type":"ImageObject","inLanguage":"en-US","@id":"https:\/\/gpautomatic.com\/#\/schema\/logo\/image\/","url":null,"contentUrl":null,"width":null,"height":null,"caption":"Gp Automatic"},"image":{"@id":"https:\/\/gpautomatic.com\/#\/schema\/logo\/image\/"},"sameAs":["https:\/\/www.facebook.com\/Gp-Automatic-Official-107196874745459\/","https:\/\/www.instagram.com\/gpautomatic"]}]}},"_links":{"self":[{"href":"https:\/\/gpautomatic.com\/en\/wp-json\/wp\/v2\/pages\/2247","targetHints":{"allow":["GET"]}}],"collection":[{"href":"https:\/\/gpautomatic.com\/en\/wp-json\/wp\/v2\/pages"}],"about":[{"href":"https:\/\/gpautomatic.com\/en\/wp-json\/wp\/v2\/types\/page"}],"author":[{"embeddable":true,"href":"https:\/\/gpautomatic.com\/en\/wp-json\/wp\/v2\/users\/1"}],"replies":[{"embeddable":true,"href":"https:\/\/gpautomatic.com\/en\/wp-json\/wp\/v2\/comments?post=2247"}],"version-history":[{"count":0,"href":"https:\/\/gpautomatic.com\/en\/wp-json\/wp\/v2\/pages\/2247\/revisions"}],"wp:attachment":[{"href":"https:\/\/gpautomatic.com\/en\/wp-json\/wp\/v2\/media?parent=2247"}],"curies":[{"name":"wp","href":"https:\/\/api.w.org\/{rel}","templated":true}]}}