{"id":2254,"date":"2024-10-28T14:53:11","date_gmt":"2024-10-28T11:53:11","guid":{"rendered":"https:\/\/gpautomatic.com\/?page_id=2254"},"modified":"2024-10-28T14:54:09","modified_gmt":"2024-10-28T11:54:09","slug":"ruzgar-kirici","status":"publish","type":"page","link":"https:\/\/gpautomatic.com\/en\/ruzgar-kirici\/","title":{"rendered":"WIND BREAKER"},"content":{"rendered":"<div class=\"wpb-content-wrapper\"><section class=\"vc_row wpb_row vc_row-fluid\"><div class=\"container\"><div class=\"row\"><div class=\"wpb_column vc_column_container vc_col-sm-6\"><div class=\"vc_column-inner vc_custom_1728761386125\"><div class=\"wpb_wrapper\"><h2 style=\"text-align: left\" class=\"vc_custom_heading vc_do_custom_heading vc_custom_1730116425130\" ><strong>WIND BREAKER<\/strong><\/h2>\n\t<div class=\"wpb_text_column wpb_content_element vc_custom_1730116447035\" >\n\t\t<div class=\"wpb_wrapper\">\n\t\t\t<h4><strong>PRACTICAL | ECONOMICAL | FUNCTIONAL<\/strong><\/h4>\n<p><strong>Areas of Use:<\/strong> Wind Breaker Wind Breaker (Manual Guillotine) Systems are easy-to-use, comfortable, economical and practical solutions designed to provide wind and sound insulation in areas such as cafes,<br \/>\nbistros, restaurants, terraces, swimming pools, balcony railings without interrupting nature.<br \/>\nWind Breaker Wind Breaker Systems are supported with special shock absorber lifting systems to ensure a comfortable and convenient use.<br \/>\n8 mm Tempered, 4 mm Tempered + 1.52 Laminated + 4 mm Tempered and 10 mm Tempered glass safety glass systems with three glass configurations are produced and used according to the desired color options. The systems are produced in maximum 1800 x 1850 mm dimensions designed by taking the seating areas as an example.<\/p>\n<p><strong>Wind Breakers<\/strong>come up with a wide range of uses. They offer an effective solution in many areas from open-air meetings to concerts, cocktails to poolside parties, hookah cafes to building entrances, stadium surroundings to hospital gardens.<br \/>\nEating al fresco can be an enjoyable activity, but the discomfort caused by the wind can spoil the enjoyment. Small problems, starting with napkins flying, can be solved with windbreakers. Thanks to their transparent structure, they minimize the impact of the wind without interrupting the view. These features make them especially preferred in many areas, from shopping mall parking lots to open-air restaurants.<\/p>\n\n\t\t<\/div>\n\t<\/div>\n<\/div><\/div><\/div><div class=\"wpb_column vc_column_container vc_col-sm-6\"><div class=\"vc_column-inner vc_custom_1730113653602\"><div class=\"wpb_wrapper\">\n\t<div  class=\"wpb_single_image wpb_content_element vc_align_left wpb_content_element vc_custom_1727097993807\">\n\t\t\n\t\t<figure class=\"wpb_wrapper vc_figure\">\n\t\t\t<div class=\"vc_single_image-wrapper   vc_box_border_grey\"><img decoding=\"async\" width=\"960\" height=\"600\" data-src=\"https:\/\/gpautomatic.com\/wp-content\/uploads\/2024\/09\/Ruzgar-Kirici_960X600-1.jpg\" class=\"vc_single_image-img attachment-full lazyload\" alt=\"wind breaker\" title=\"R\u00fczgar K\u0131r\u0131c\u0131_960X600-1\" src=\"data:image\/svg+xml;base64,PHN2ZyB3aWR0aD0iMSIgaGVpZ2h0PSIxIiB4bWxucz0iaHR0cDovL3d3dy53My5vcmcvMjAwMC9zdmciPjwvc3ZnPg==\" style=\"--smush-placeholder-width: 960px; --smush-placeholder-aspect-ratio: 960\/600;\" \/><\/div>\n\t\t<\/figure>\n\t<\/div>\n\n\t<div  class=\"wpb_single_image wpb_content_element vc_align_left wpb_content_element vc_custom_1727098035053\">\n\t\t\n\t\t<figure class=\"wpb_wrapper vc_figure\">\n\t\t\t<div class=\"vc_single_image-wrapper   vc_box_border_grey\"><img decoding=\"async\" width=\"960\" height=\"600\" data-src=\"https:\/\/gpautomatic.com\/wp-content\/uploads\/2024\/09\/Ruzgar-Kirici_960X600-2.jpg\" class=\"vc_single_image-img attachment-full lazyload\" alt=\"R\u00dcZGAR KES\u0130C\u0130\" title=\"R\u00fczgar K\u0131r\u0131c\u0131_960X600-2\" src=\"data:image\/svg+xml;base64,PHN2ZyB3aWR0aD0iMSIgaGVpZ2h0PSIxIiB4bWxucz0iaHR0cDovL3d3dy53My5vcmcvMjAwMC9zdmciPjwvc3ZnPg==\" style=\"--smush-placeholder-width: 960px; --smush-placeholder-aspect-ratio: 960\/600;\" \/><\/div>\n\t\t<\/figure>\n\t<\/div>\n<\/div><\/div><\/div><\/div><\/div><div class=\"clearfix\"><\/div><\/section>\n<\/div>","protected":false},"excerpt":{"rendered":"R\u00dcZGAR KIRICI PRAT\u0130K | EKONOM\u0130K | FONKS\u0130YONEL Kullan\u0131m Alanlar\u0131: Wind Breaker R\u00fczgar K\u0131r\u0131c\u0131 (Manuel Giyotin) Sistemleri cafe, bistro, restoran, teras, y\u00fczme havuzu, balkon k\u00fcpe\u015fteleri gibi alanlarda do\u011fay\u0131 b\u00f6lmeden r\u00fczgar ve ses izolasyonu sa\u011flamak i\u00e7in tasarlanm\u0131\u015f, kullan\u0131m\u0131 kolay, konforlu, ekonomik ve pratik \u00e7\u00f6z\u00fcmlerdir. Wind Breaker R\u00fczgar K\u0131r\u0131c\u0131 Sistemlerde konforlu ve rahat bir kullan\u0131m sa\u011flanmas\u0131 i\u00e7in i\u00e7in [...]","protected":false},"author":1,"featured_media":0,"parent":0,"menu_order":0,"comment_status":"closed","ping_status":"closed","template":"page-templates\/template-fullwidth.php","meta":{"footnotes":""},"class_list":["post-2254","page","type-page","status-publish","hentry"],"yoast_head":"<!-- This site is optimized with the Yoast SEO plugin v27.4 - https:\/\/yoast.com\/product\/yoast-seo-wordpress\/ -->\n<title>R\u00dcZGAR KIRICI - GP Automatic<\/title>\n<meta name=\"robots\" content=\"index, follow, max-snippet:-1, max-image-preview:large, max-video-preview:-1\" \/>\n<link rel=\"canonical\" href=\"https:\/\/gpautomatic.com\/en\/ruzgar-kirici\/\" \/>\n<meta property=\"og:locale\" content=\"en_US\" \/>\n<meta property=\"og:type\" content=\"article\" \/>\n<meta property=\"og:title\" content=\"R\u00dcZGAR KIRICI - GP Automatic\" \/>\n<meta property=\"og:url\" content=\"https:\/\/gpautomatic.com\/en\/ruzgar-kirici\/\" \/>\n<meta property=\"og:site_name\" content=\"GP Automatic\" \/>\n<meta property=\"article:publisher\" content=\"https:\/\/www.facebook.com\/Gp-Automatic-Official-107196874745459\/\" \/>\n<meta property=\"article:modified_time\" content=\"2024-10-28T11:54:09+00:00\" \/>\n<meta name=\"twitter:card\" content=\"summary_large_image\" \/>\n<meta name=\"twitter:label1\" content=\"Est. reading time\" \/>\n\t<meta name=\"twitter:data1\" content=\"2 minutes\" \/>\n<script type=\"application\/ld+json\" class=\"yoast-schema-graph\">{\"@context\":\"https:\\\/\\\/schema.org\",\"@graph\":[{\"@type\":\"WebPage\",\"@id\":\"https:\\\/\\\/gpautomatic.com\\\/ruzgar-kirici\\\/\",\"url\":\"https:\\\/\\\/gpautomatic.com\\\/ruzgar-kirici\\\/\",\"name\":\"R\u00dcZGAR KIRICI - GP Automatic\",\"isPartOf\":{\"@id\":\"https:\\\/\\\/gpautomatic.com\\\/#website\"},\"datePublished\":\"2024-10-28T11:53:11+00:00\",\"dateModified\":\"2024-10-28T11:54:09+00:00\",\"breadcrumb\":{\"@id\":\"https:\\\/\\\/gpautomatic.com\\\/ruzgar-kirici\\\/#breadcrumb\"},\"inLanguage\":\"en-US\",\"potentialAction\":[{\"@type\":\"ReadAction\",\"target\":[\"https:\\\/\\\/gpautomatic.com\\\/ruzgar-kirici\\\/\"]}]},{\"@type\":\"BreadcrumbList\",\"@id\":\"https:\\\/\\\/gpautomatic.com\\\/ruzgar-kirici\\\/#breadcrumb\",\"itemListElement\":[{\"@type\":\"ListItem\",\"position\":1,\"name\":\"Anasayfa\",\"item\":\"https:\\\/\\\/gpautomatic.com\\\/\"},{\"@type\":\"ListItem\",\"position\":2,\"name\":\"R\u00dcZGAR KIRICI\"}]},{\"@type\":\"WebSite\",\"@id\":\"https:\\\/\\\/gpautomatic.com\\\/#website\",\"url\":\"https:\\\/\\\/gpautomatic.com\\\/\",\"name\":\"GP Automatic\",\"description\":\"It Makes Life Easier\",\"publisher\":{\"@id\":\"https:\\\/\\\/gpautomatic.com\\\/#organization\"},\"potentialAction\":[{\"@type\":\"SearchAction\",\"target\":{\"@type\":\"EntryPoint\",\"urlTemplate\":\"https:\\\/\\\/gpautomatic.com\\\/?s={search_term_string}\"},\"query-input\":{\"@type\":\"PropertyValueSpecification\",\"valueRequired\":true,\"valueName\":\"search_term_string\"}}],\"inLanguage\":\"en-US\"},{\"@type\":\"Organization\",\"@id\":\"https:\\\/\\\/gpautomatic.com\\\/#organization\",\"name\":\"Gp Automatic\",\"url\":\"https:\\\/\\\/gpautomatic.com\\\/\",\"logo\":{\"@type\":\"ImageObject\",\"inLanguage\":\"en-US\",\"@id\":\"https:\\\/\\\/gpautomatic.com\\\/#\\\/schema\\\/logo\\\/image\\\/\",\"url\":null,\"contentUrl\":null,\"width\":null,\"height\":null,\"caption\":\"Gp Automatic\"},\"image\":{\"@id\":\"https:\\\/\\\/gpautomatic.com\\\/#\\\/schema\\\/logo\\\/image\\\/\"},\"sameAs\":[\"https:\\\/\\\/www.facebook.com\\\/Gp-Automatic-Official-107196874745459\\\/\",\"https:\\\/\\\/www.instagram.com\\\/gpautomatic\"]}]}<\/script>\n<!-- \/ Yoast SEO plugin. -->","yoast_head_json":{"title":"R\u00dcZGAR KIRICI - GP Automatic","robots":{"index":"index","follow":"follow","max-snippet":"max-snippet:-1","max-image-preview":"max-image-preview:large","max-video-preview":"max-video-preview:-1"},"canonical":"https:\/\/gpautomatic.com\/en\/ruzgar-kirici\/","og_locale":"en_US","og_type":"article","og_title":"R\u00dcZGAR KIRICI - GP Automatic","og_url":"https:\/\/gpautomatic.com\/en\/ruzgar-kirici\/","og_site_name":"GP Automatic","article_publisher":"https:\/\/www.facebook.com\/Gp-Automatic-Official-107196874745459\/","article_modified_time":"2024-10-28T11:54:09+00:00","twitter_card":"summary_large_image","twitter_misc":{"Est. reading time":"2 minutes"},"schema":{"@context":"https:\/\/schema.org","@graph":[{"@type":"WebPage","@id":"https:\/\/gpautomatic.com\/ruzgar-kirici\/","url":"https:\/\/gpautomatic.com\/ruzgar-kirici\/","name":"R\u00dcZGAR KIRICI - GP Automatic","isPartOf":{"@id":"https:\/\/gpautomatic.com\/#website"},"datePublished":"2024-10-28T11:53:11+00:00","dateModified":"2024-10-28T11:54:09+00:00","breadcrumb":{"@id":"https:\/\/gpautomatic.com\/ruzgar-kirici\/#breadcrumb"},"inLanguage":"en-US","potentialAction":[{"@type":"ReadAction","target":["https:\/\/gpautomatic.com\/ruzgar-kirici\/"]}]},{"@type":"BreadcrumbList","@id":"https:\/\/gpautomatic.com\/ruzgar-kirici\/#breadcrumb","itemListElement":[{"@type":"ListItem","position":1,"name":"Anasayfa","item":"https:\/\/gpautomatic.com\/"},{"@type":"ListItem","position":2,"name":"R\u00dcZGAR KIRICI"}]},{"@type":"WebSite","@id":"https:\/\/gpautomatic.com\/#website","url":"https:\/\/gpautomatic.com\/","name":"GP Automatic","description":"It Makes Life Easier","publisher":{"@id":"https:\/\/gpautomatic.com\/#organization"},"potentialAction":[{"@type":"SearchAction","target":{"@type":"EntryPoint","urlTemplate":"https:\/\/gpautomatic.com\/?s={search_term_string}"},"query-input":{"@type":"PropertyValueSpecification","valueRequired":true,"valueName":"search_term_string"}}],"inLanguage":"en-US"},{"@type":"Organization","@id":"https:\/\/gpautomatic.com\/#organization","name":"Auto GP","url":"https:\/\/gpautomatic.com\/","logo":{"@type":"ImageObject","inLanguage":"en-US","@id":"https:\/\/gpautomatic.com\/#\/schema\/logo\/image\/","url":null,"contentUrl":null,"width":null,"height":null,"caption":"Gp Automatic"},"image":{"@id":"https:\/\/gpautomatic.com\/#\/schema\/logo\/image\/"},"sameAs":["https:\/\/www.facebook.com\/Gp-Automatic-Official-107196874745459\/","https:\/\/www.instagram.com\/gpautomatic"]}]}},"_links":{"self":[{"href":"https:\/\/gpautomatic.com\/en\/wp-json\/wp\/v2\/pages\/2254","targetHints":{"allow":["GET"]}}],"collection":[{"href":"https:\/\/gpautomatic.com\/en\/wp-json\/wp\/v2\/pages"}],"about":[{"href":"https:\/\/gpautomatic.com\/en\/wp-json\/wp\/v2\/types\/page"}],"author":[{"embeddable":true,"href":"https:\/\/gpautomatic.com\/en\/wp-json\/wp\/v2\/users\/1"}],"replies":[{"embeddable":true,"href":"https:\/\/gpautomatic.com\/en\/wp-json\/wp\/v2\/comments?post=2254"}],"version-history":[{"count":0,"href":"https:\/\/gpautomatic.com\/en\/wp-json\/wp\/v2\/pages\/2254\/revisions"}],"wp:attachment":[{"href":"https:\/\/gpautomatic.com\/en\/wp-json\/wp\/v2\/media?parent=2254"}],"curies":[{"name":"wp","href":"https:\/\/api.w.org\/{rel}","templated":true}]}}