{"id":2268,"date":"2024-10-28T15:47:17","date_gmt":"2024-10-28T12:47:17","guid":{"rendered":"https:\/\/gpautomatic.com\/?page_id=2268"},"modified":"2024-10-28T15:48:23","modified_gmt":"2024-10-28T12:48:23","slug":"teleskopik-surgulu-cam","status":"publish","type":"page","link":"https:\/\/gpautomatic.com\/en\/teleskopik-surgulu-cam\/","title":{"rendered":"TELESCOPIC SLIDING GLASS"},"content":{"rendered":"<div class=\"wpb-content-wrapper\"><section class=\"vc_row wpb_row vc_row-fluid\"><div class=\"container\"><div class=\"row\"><div class=\"wpb_column vc_column_container vc_col-sm-6\"><div class=\"vc_column-inner vc_custom_1728761386125\"><div class=\"wpb_wrapper\"><h2 style=\"text-align: left\" class=\"vc_custom_heading vc_do_custom_heading vc_custom_1730119545585\" ><strong>TELESCOPIC SLIDING GLASS<\/strong><\/h2>\n\t<div class=\"wpb_text_column wpb_content_element vc_custom_1727100949560\" >\n\t\t<div class=\"wpb_wrapper\">\n\t\t\t<h4><strong>WE OFFER MODERN AND COMFORTABLE SOLUTIONS<br \/>\n<\/strong><\/h4>\n<p>Telescopic sliding automatic sensor windows have a technology that enables the automatic opening and closing of large glass panes, usually used in buildings. This system detects the approach of people with the help of a sensor and allows the window to open automatically. This technology provides energy savings and comfort by automatically opening and closing the glass panels used in buildings.<\/p>\n<p><strong>Motion Sensors:<\/strong> These sensors detect when people approach and automatically open the window.<\/p>\n<p><strong>Automatic shutdown:<\/strong> The window can close automatically when people move away.<\/p>\n<p><strong>Safety sensors:<\/strong> The system detects obstacles and prevents the window from closing, ensuring safety.<\/p>\n<p><strong>Remote control<\/strong> Some sliding glass systems with sensors can be controlled by remote control.<\/p>\n<p><strong>Weather resistance:<\/strong> Some sensor glass systems are resistant to rain, wind and other weather conditions.<\/p>\n<p>Sensor sliding glass systems are commonly used in hotels, shopping centers, office buildings and other commercial buildings. These systems allow users to reduce operating costs by saving energy while increasing comfort. They also enhance the aesthetics of spaces by offering a modern look.<\/p>\n\n\t\t<\/div>\n\t<\/div>\n<\/div><\/div><\/div><div class=\"wpb_column vc_column_container vc_col-sm-6\"><div class=\"vc_column-inner vc_custom_1730113653602\"><div class=\"wpb_wrapper\">\n\t<div  class=\"wpb_single_image wpb_content_element vc_align_left wpb_content_element vc_custom_1730119701094\">\n\t\t\n\t\t<figure class=\"wpb_wrapper vc_figure\">\n\t\t\t<div class=\"vc_single_image-wrapper   vc_box_border_grey\"><img decoding=\"async\" width=\"960\" height=\"600\" data-src=\"https:\/\/gpautomatic.com\/wp-content\/uploads\/2024\/09\/telekopik-surgulu-cam_960X600-1.jpg\" class=\"vc_single_image-img attachment-full lazyload\" alt=\"\" title=\"telekopik s\u00fcrg\u00fcl\u00fc cam_960X600-1\" src=\"data:image\/svg+xml;base64,PHN2ZyB3aWR0aD0iMSIgaGVpZ2h0PSIxIiB4bWxucz0iaHR0cDovL3d3dy53My5vcmcvMjAwMC9zdmciPjwvc3ZnPg==\" style=\"--smush-placeholder-width: 960px; --smush-placeholder-aspect-ratio: 960\/600;\" \/><\/div>\n\t\t<\/figure>\n\t<\/div>\n\n\t<div  class=\"wpb_single_image wpb_content_element vc_align_left wpb_content_element vc_custom_1727100493580\">\n\t\t\n\t\t<figure class=\"wpb_wrapper vc_figure\">\n\t\t\t<div class=\"vc_single_image-wrapper   vc_box_border_grey\"><img decoding=\"async\" width=\"960\" height=\"600\" data-src=\"https:\/\/gpautomatic.com\/wp-content\/uploads\/2024\/09\/telekopik-surgulu-cam_960X600-2.jpg\" class=\"vc_single_image-img attachment-full lazyload\" alt=\"otomatik s\u00fcrme cam\" title=\"telekopik s\u00fcrg\u00fcl\u00fc cam_960X600-2\" src=\"data:image\/svg+xml;base64,PHN2ZyB3aWR0aD0iMSIgaGVpZ2h0PSIxIiB4bWxucz0iaHR0cDovL3d3dy53My5vcmcvMjAwMC9zdmciPjwvc3ZnPg==\" style=\"--smush-placeholder-width: 960px; --smush-placeholder-aspect-ratio: 960\/600;\" \/><\/div>\n\t\t<\/figure>\n\t<\/div>\n<\/div><\/div><\/div><\/div><\/div><div class=\"clearfix\"><\/div><\/section>\n<\/div>","protected":false},"excerpt":{"rendered":"TELESKOP\u0130K S\u00dcRG\u00dcL\u00dc CAM MODERN VE KONFORLU \u00c7\u00d6Z\u00dcMLER SUNUYORUZ Teleskopik s\u00fcrg\u00fcl\u00fc otomatik sens\u00f6rl\u00fc pencereler, genellikle binalarda kullan\u0131lan b\u00fcy\u00fck cam panellerin otomatik olarak a\u00e7\u0131l\u0131p kapanmas\u0131n\u0131 sa\u011flayan bir teknolojiye sahiptir. Bu sistem bir sens\u00f6r yard\u0131m\u0131yla insanlar\u0131n yakla\u015ft\u0131\u011f\u0131n\u0131 alg\u0131lar ve cam\u0131n otomatik olarak a\u00e7\u0131lmas\u0131n\u0131 sa\u011flar. Bu teknoloji, binalarda kullan\u0131lan cam panellerin otomatik olarak a\u00e7\u0131l\u0131p kapanmas\u0131n\u0131 sa\u011flayarak enerji tasarrufu ve [...]","protected":false},"author":1,"featured_media":0,"parent":0,"menu_order":0,"comment_status":"closed","ping_status":"closed","template":"page-templates\/template-fullwidth.php","meta":{"footnotes":""},"class_list":["post-2268","page","type-page","status-publish","hentry"],"yoast_head":"<!-- This site is optimized with the Yoast SEO plugin v27.4 - https:\/\/yoast.com\/product\/yoast-seo-wordpress\/ -->\n<title>TELESKOP\u0130K S\u00dcRG\u00dcL\u00dc CAM - GP Automatic<\/title>\n<meta name=\"robots\" content=\"index, follow, max-snippet:-1, max-image-preview:large, max-video-preview:-1\" \/>\n<link rel=\"canonical\" href=\"https:\/\/gpautomatic.com\/en\/teleskopik-surgulu-cam\/\" \/>\n<meta property=\"og:locale\" content=\"en_US\" \/>\n<meta property=\"og:type\" content=\"article\" \/>\n<meta property=\"og:title\" content=\"TELESKOP\u0130K S\u00dcRG\u00dcL\u00dc CAM - GP Automatic\" \/>\n<meta property=\"og:url\" content=\"https:\/\/gpautomatic.com\/en\/teleskopik-surgulu-cam\/\" \/>\n<meta property=\"og:site_name\" content=\"GP Automatic\" \/>\n<meta property=\"article:publisher\" content=\"https:\/\/www.facebook.com\/Gp-Automatic-Official-107196874745459\/\" \/>\n<meta property=\"article:modified_time\" content=\"2024-10-28T12:48:23+00:00\" \/>\n<meta name=\"twitter:card\" content=\"summary_large_image\" \/>\n<meta name=\"twitter:label1\" content=\"Est. reading time\" \/>\n\t<meta name=\"twitter:data1\" content=\"2 minutes\" \/>\n<script type=\"application\/ld+json\" class=\"yoast-schema-graph\">{\"@context\":\"https:\\\/\\\/schema.org\",\"@graph\":[{\"@type\":\"WebPage\",\"@id\":\"https:\\\/\\\/gpautomatic.com\\\/teleskopik-surgulu-cam\\\/\",\"url\":\"https:\\\/\\\/gpautomatic.com\\\/teleskopik-surgulu-cam\\\/\",\"name\":\"TELESKOP\u0130K S\u00dcRG\u00dcL\u00dc CAM - GP Automatic\",\"isPartOf\":{\"@id\":\"https:\\\/\\\/gpautomatic.com\\\/#website\"},\"datePublished\":\"2024-10-28T12:47:17+00:00\",\"dateModified\":\"2024-10-28T12:48:23+00:00\",\"breadcrumb\":{\"@id\":\"https:\\\/\\\/gpautomatic.com\\\/teleskopik-surgulu-cam\\\/#breadcrumb\"},\"inLanguage\":\"en-US\",\"potentialAction\":[{\"@type\":\"ReadAction\",\"target\":[\"https:\\\/\\\/gpautomatic.com\\\/teleskopik-surgulu-cam\\\/\"]}]},{\"@type\":\"BreadcrumbList\",\"@id\":\"https:\\\/\\\/gpautomatic.com\\\/teleskopik-surgulu-cam\\\/#breadcrumb\",\"itemListElement\":[{\"@type\":\"ListItem\",\"position\":1,\"name\":\"Anasayfa\",\"item\":\"https:\\\/\\\/gpautomatic.com\\\/\"},{\"@type\":\"ListItem\",\"position\":2,\"name\":\"TELESKOP\u0130K S\u00dcRG\u00dcL\u00dc CAM\"}]},{\"@type\":\"WebSite\",\"@id\":\"https:\\\/\\\/gpautomatic.com\\\/#website\",\"url\":\"https:\\\/\\\/gpautomatic.com\\\/\",\"name\":\"GP Automatic\",\"description\":\"It Makes Life Easier\",\"publisher\":{\"@id\":\"https:\\\/\\\/gpautomatic.com\\\/#organization\"},\"potentialAction\":[{\"@type\":\"SearchAction\",\"target\":{\"@type\":\"EntryPoint\",\"urlTemplate\":\"https:\\\/\\\/gpautomatic.com\\\/?s={search_term_string}\"},\"query-input\":{\"@type\":\"PropertyValueSpecification\",\"valueRequired\":true,\"valueName\":\"search_term_string\"}}],\"inLanguage\":\"en-US\"},{\"@type\":\"Organization\",\"@id\":\"https:\\\/\\\/gpautomatic.com\\\/#organization\",\"name\":\"Gp Automatic\",\"url\":\"https:\\\/\\\/gpautomatic.com\\\/\",\"logo\":{\"@type\":\"ImageObject\",\"inLanguage\":\"en-US\",\"@id\":\"https:\\\/\\\/gpautomatic.com\\\/#\\\/schema\\\/logo\\\/image\\\/\",\"url\":null,\"contentUrl\":null,\"width\":null,\"height\":null,\"caption\":\"Gp Automatic\"},\"image\":{\"@id\":\"https:\\\/\\\/gpautomatic.com\\\/#\\\/schema\\\/logo\\\/image\\\/\"},\"sameAs\":[\"https:\\\/\\\/www.facebook.com\\\/Gp-Automatic-Official-107196874745459\\\/\",\"https:\\\/\\\/www.instagram.com\\\/gpautomatic\"]}]}<\/script>\n<!-- \/ Yoast SEO plugin. -->","yoast_head_json":{"title":"TELESKOP\u0130K S\u00dcRG\u00dcL\u00dc CAM - GP Automatic","robots":{"index":"index","follow":"follow","max-snippet":"max-snippet:-1","max-image-preview":"max-image-preview:large","max-video-preview":"max-video-preview:-1"},"canonical":"https:\/\/gpautomatic.com\/en\/teleskopik-surgulu-cam\/","og_locale":"en_US","og_type":"article","og_title":"TELESKOP\u0130K S\u00dcRG\u00dcL\u00dc CAM - GP Automatic","og_url":"https:\/\/gpautomatic.com\/en\/teleskopik-surgulu-cam\/","og_site_name":"GP Automatic","article_publisher":"https:\/\/www.facebook.com\/Gp-Automatic-Official-107196874745459\/","article_modified_time":"2024-10-28T12:48:23+00:00","twitter_card":"summary_large_image","twitter_misc":{"Est. reading time":"2 minutes"},"schema":{"@context":"https:\/\/schema.org","@graph":[{"@type":"WebPage","@id":"https:\/\/gpautomatic.com\/teleskopik-surgulu-cam\/","url":"https:\/\/gpautomatic.com\/teleskopik-surgulu-cam\/","name":"TELESKOP\u0130K S\u00dcRG\u00dcL\u00dc CAM - GP Automatic","isPartOf":{"@id":"https:\/\/gpautomatic.com\/#website"},"datePublished":"2024-10-28T12:47:17+00:00","dateModified":"2024-10-28T12:48:23+00:00","breadcrumb":{"@id":"https:\/\/gpautomatic.com\/teleskopik-surgulu-cam\/#breadcrumb"},"inLanguage":"en-US","potentialAction":[{"@type":"ReadAction","target":["https:\/\/gpautomatic.com\/teleskopik-surgulu-cam\/"]}]},{"@type":"BreadcrumbList","@id":"https:\/\/gpautomatic.com\/teleskopik-surgulu-cam\/#breadcrumb","itemListElement":[{"@type":"ListItem","position":1,"name":"Anasayfa","item":"https:\/\/gpautomatic.com\/"},{"@type":"ListItem","position":2,"name":"TELESKOP\u0130K S\u00dcRG\u00dcL\u00dc CAM"}]},{"@type":"WebSite","@id":"https:\/\/gpautomatic.com\/#website","url":"https:\/\/gpautomatic.com\/","name":"GP Automatic","description":"It Makes Life Easier","publisher":{"@id":"https:\/\/gpautomatic.com\/#organization"},"potentialAction":[{"@type":"SearchAction","target":{"@type":"EntryPoint","urlTemplate":"https:\/\/gpautomatic.com\/?s={search_term_string}"},"query-input":{"@type":"PropertyValueSpecification","valueRequired":true,"valueName":"search_term_string"}}],"inLanguage":"en-US"},{"@type":"Organization","@id":"https:\/\/gpautomatic.com\/#organization","name":"Auto GP","url":"https:\/\/gpautomatic.com\/","logo":{"@type":"ImageObject","inLanguage":"en-US","@id":"https:\/\/gpautomatic.com\/#\/schema\/logo\/image\/","url":null,"contentUrl":null,"width":null,"height":null,"caption":"Gp Automatic"},"image":{"@id":"https:\/\/gpautomatic.com\/#\/schema\/logo\/image\/"},"sameAs":["https:\/\/www.facebook.com\/Gp-Automatic-Official-107196874745459\/","https:\/\/www.instagram.com\/gpautomatic"]}]}},"_links":{"self":[{"href":"https:\/\/gpautomatic.com\/en\/wp-json\/wp\/v2\/pages\/2268","targetHints":{"allow":["GET"]}}],"collection":[{"href":"https:\/\/gpautomatic.com\/en\/wp-json\/wp\/v2\/pages"}],"about":[{"href":"https:\/\/gpautomatic.com\/en\/wp-json\/wp\/v2\/types\/page"}],"author":[{"embeddable":true,"href":"https:\/\/gpautomatic.com\/en\/wp-json\/wp\/v2\/users\/1"}],"replies":[{"embeddable":true,"href":"https:\/\/gpautomatic.com\/en\/wp-json\/wp\/v2\/comments?post=2268"}],"version-history":[{"count":0,"href":"https:\/\/gpautomatic.com\/en\/wp-json\/wp\/v2\/pages\/2268\/revisions"}],"wp:attachment":[{"href":"https:\/\/gpautomatic.com\/en\/wp-json\/wp\/v2\/media?parent=2268"}],"curies":[{"name":"wp","href":"https:\/\/api.w.org\/{rel}","templated":true}]}}