{"id":2271,"date":"2024-10-28T16:04:15","date_gmt":"2024-10-28T13:04:15","guid":{"rendered":"https:\/\/gpautomatic.com\/?page_id=2271"},"modified":"2024-10-28T16:05:19","modified_gmt":"2024-10-28T13:05:19","slug":"bahce-cit-sistemleri","status":"publish","type":"page","link":"https:\/\/gpautomatic.com\/en\/bahce-cit-sistemleri\/","title":{"rendered":"GARDEN FENCE SYSTEMS"},"content":{"rendered":"<div class=\"wpb-content-wrapper\"><section class=\"vc_row wpb_row vc_row-fluid\"><div class=\"container\"><div class=\"row\"><div class=\"wpb_column vc_column_container vc_col-sm-6\"><div class=\"vc_column-inner vc_custom_1728761386125\"><div class=\"wpb_wrapper\"><h2 style=\"text-align: left\" class=\"vc_custom_heading vc_do_custom_heading vc_custom_1730120407104\" ><strong>GARDEN FENCE SYSTEMS<\/strong><\/h2>\n\t<div class=\"wpb_text_column wpb_content_element vc_custom_1730120692548\" >\n\t\t<div class=\"wpb_wrapper\">\n\t\t\t<h4><strong>KEEP YOUR GARDEN AS SAFE AS YOUR HOME!<\/strong><\/h4>\n<p>Garden Fence Systems provide an aesthetic and modern touch for the living space of your garden. In order to create the living space of your dreams, it is carefully designed to offer you the most suitable designs for your architectural line.<\/p>\n<p>Garden Fence Systems provide an aesthetic and modern touch for the living space of your garden. In order to create the living space of your dreams, it is carefully designed to offer you the most suitable designs for your architectural line.<\/p>\n<p><strong>The Advantages of Our Garden Fence Systems:<\/strong><\/p>\n<p>Garden fences not only provide protection against external threats, but are also important as aesthetic elements that increase the value of your garden. With our different color, texture and style alternatives, we offer you the opportunity to shape your garden in a unique way according to your personal taste. Our modern designs create a harmonious look with any architectural structure, while taking environmental aesthetics into consideration.<\/p>\n<p>Made of durable materials, our fences minimize maintenance needs by providing long-lasting use. In this way, you can spend more time in your garden spending pleasant moments with your loved ones. In line with our understanding of sustainability, we also contribute to nature by using environmentally friendly materials.<\/p>\n\n\t\t<\/div>\n\t<\/div>\n<\/div><\/div><\/div><div class=\"wpb_column vc_column_container vc_col-sm-6\"><div class=\"vc_column-inner vc_custom_1730113653602\"><div class=\"wpb_wrapper\">\n\t<div  class=\"wpb_single_image wpb_content_element vc_align_left wpb_content_element vc_custom_1730120717353\">\n\t\t\n\t\t<figure class=\"wpb_wrapper vc_figure\">\n\t\t\t<div class=\"vc_single_image-wrapper   vc_box_border_grey\"><img decoding=\"async\" width=\"960\" height=\"600\" data-src=\"https:\/\/gpautomatic.com\/wp-content\/uploads\/2024\/09\/Bahce-cit_960X600-1.jpg\" class=\"vc_single_image-img attachment-full lazyload\" alt=\"\" title=\"Bah\u00e7e \u00e7it_960X600-1\" src=\"data:image\/svg+xml;base64,PHN2ZyB3aWR0aD0iMSIgaGVpZ2h0PSIxIiB4bWxucz0iaHR0cDovL3d3dy53My5vcmcvMjAwMC9zdmciPjwvc3ZnPg==\" style=\"--smush-placeholder-width: 960px; --smush-placeholder-aspect-ratio: 960\/600;\" \/><\/div>\n\t\t<\/figure>\n\t<\/div>\n\n\t<div  class=\"wpb_single_image wpb_content_element vc_align_left wpb_content_element vc_custom_1727101921639\">\n\t\t\n\t\t<figure class=\"wpb_wrapper vc_figure\">\n\t\t\t<div class=\"vc_single_image-wrapper   vc_box_border_grey\"><img decoding=\"async\" width=\"960\" height=\"600\" data-src=\"https:\/\/gpautomatic.com\/wp-content\/uploads\/2024\/09\/Bahce-cit_960X600-2.jpg\" class=\"vc_single_image-img attachment-full lazyload\" alt=\"bah\u00e7e \u00e7it sistemi\" title=\"Bah\u00e7e \u00e7it_960X600-2\" src=\"data:image\/svg+xml;base64,PHN2ZyB3aWR0aD0iMSIgaGVpZ2h0PSIxIiB4bWxucz0iaHR0cDovL3d3dy53My5vcmcvMjAwMC9zdmciPjwvc3ZnPg==\" style=\"--smush-placeholder-width: 960px; --smush-placeholder-aspect-ratio: 960\/600;\" \/><\/div>\n\t\t<\/figure>\n\t<\/div>\n<\/div><\/div><\/div><\/div><\/div><div class=\"clearfix\"><\/div><\/section>\n<\/div>","protected":false},"excerpt":{"rendered":"BAH\u00c7E \u00c7\u0130T S\u0130STEMLER\u0130 BAH\u00c7EN\u0130Z\u0130 EV\u0130N\u0130Z KADAR G\u00dcVENL\u0130 TUTUN! Bah\u00e7e \u00c7it Sistemleri, bah\u00e7enizin ya\u015fam alan\u0131 i\u00e7in estetik ve modern bir dokunu\u015f sa\u011flar. Hayallerinizdeki ya\u015fam alan\u0131n\u0131 olu\u015fturmak amac\u0131yla, mimari \u00e7izginize en uygun tasar\u0131mlar\u0131 sizlere sunmak i\u00e7in \u00f6zenle tasarlanmaktad\u0131r. Bah\u00e7e \u00c7it Sistemlerimiz, sevgi ve huzur dolu zamanlar ge\u00e7irdi\u011finiz bah\u00e7eniz i\u00e7in en estetik ve modern modellerle donat\u0131lm\u0131\u015ft\u0131r. Sevdiklerinizle birlikte [...]","protected":false},"author":1,"featured_media":0,"parent":0,"menu_order":0,"comment_status":"closed","ping_status":"closed","template":"page-templates\/template-fullwidth.php","meta":{"footnotes":""},"class_list":["post-2271","page","type-page","status-publish","hentry"],"yoast_head":"<!-- This site is optimized with the Yoast SEO plugin v27.4 - https:\/\/yoast.com\/product\/yoast-seo-wordpress\/ -->\n<title>BAH\u00c7E \u00c7\u0130T S\u0130STEMLER\u0130 - GP Automatic<\/title>\n<meta name=\"robots\" content=\"index, follow, max-snippet:-1, max-image-preview:large, max-video-preview:-1\" \/>\n<link rel=\"canonical\" href=\"https:\/\/gpautomatic.com\/en\/bahce-cit-sistemleri\/\" \/>\n<meta property=\"og:locale\" content=\"en_US\" \/>\n<meta property=\"og:type\" content=\"article\" \/>\n<meta property=\"og:title\" content=\"BAH\u00c7E \u00c7\u0130T S\u0130STEMLER\u0130 - GP Automatic\" \/>\n<meta property=\"og:url\" content=\"https:\/\/gpautomatic.com\/en\/bahce-cit-sistemleri\/\" \/>\n<meta property=\"og:site_name\" content=\"GP Automatic\" \/>\n<meta property=\"article:publisher\" content=\"https:\/\/www.facebook.com\/Gp-Automatic-Official-107196874745459\/\" \/>\n<meta property=\"article:modified_time\" content=\"2024-10-28T13:05:19+00:00\" \/>\n<meta name=\"twitter:card\" content=\"summary_large_image\" \/>\n<meta name=\"twitter:label1\" content=\"Est. reading time\" \/>\n\t<meta name=\"twitter:data1\" content=\"2 minutes\" \/>\n<script type=\"application\/ld+json\" class=\"yoast-schema-graph\">{\"@context\":\"https:\\\/\\\/schema.org\",\"@graph\":[{\"@type\":\"WebPage\",\"@id\":\"https:\\\/\\\/gpautomatic.com\\\/bahce-cit-sistemleri\\\/\",\"url\":\"https:\\\/\\\/gpautomatic.com\\\/bahce-cit-sistemleri\\\/\",\"name\":\"BAH\u00c7E \u00c7\u0130T S\u0130STEMLER\u0130 - GP Automatic\",\"isPartOf\":{\"@id\":\"https:\\\/\\\/gpautomatic.com\\\/#website\"},\"datePublished\":\"2024-10-28T13:04:15+00:00\",\"dateModified\":\"2024-10-28T13:05:19+00:00\",\"breadcrumb\":{\"@id\":\"https:\\\/\\\/gpautomatic.com\\\/bahce-cit-sistemleri\\\/#breadcrumb\"},\"inLanguage\":\"en-US\",\"potentialAction\":[{\"@type\":\"ReadAction\",\"target\":[\"https:\\\/\\\/gpautomatic.com\\\/bahce-cit-sistemleri\\\/\"]}]},{\"@type\":\"BreadcrumbList\",\"@id\":\"https:\\\/\\\/gpautomatic.com\\\/bahce-cit-sistemleri\\\/#breadcrumb\",\"itemListElement\":[{\"@type\":\"ListItem\",\"position\":1,\"name\":\"Anasayfa\",\"item\":\"https:\\\/\\\/gpautomatic.com\\\/\"},{\"@type\":\"ListItem\",\"position\":2,\"name\":\"BAH\u00c7E \u00c7\u0130T S\u0130STEMLER\u0130\"}]},{\"@type\":\"WebSite\",\"@id\":\"https:\\\/\\\/gpautomatic.com\\\/#website\",\"url\":\"https:\\\/\\\/gpautomatic.com\\\/\",\"name\":\"GP Automatic\",\"description\":\"It Makes Life Easier\",\"publisher\":{\"@id\":\"https:\\\/\\\/gpautomatic.com\\\/#organization\"},\"potentialAction\":[{\"@type\":\"SearchAction\",\"target\":{\"@type\":\"EntryPoint\",\"urlTemplate\":\"https:\\\/\\\/gpautomatic.com\\\/?s={search_term_string}\"},\"query-input\":{\"@type\":\"PropertyValueSpecification\",\"valueRequired\":true,\"valueName\":\"search_term_string\"}}],\"inLanguage\":\"en-US\"},{\"@type\":\"Organization\",\"@id\":\"https:\\\/\\\/gpautomatic.com\\\/#organization\",\"name\":\"Gp Automatic\",\"url\":\"https:\\\/\\\/gpautomatic.com\\\/\",\"logo\":{\"@type\":\"ImageObject\",\"inLanguage\":\"en-US\",\"@id\":\"https:\\\/\\\/gpautomatic.com\\\/#\\\/schema\\\/logo\\\/image\\\/\",\"url\":null,\"contentUrl\":null,\"width\":null,\"height\":null,\"caption\":\"Gp Automatic\"},\"image\":{\"@id\":\"https:\\\/\\\/gpautomatic.com\\\/#\\\/schema\\\/logo\\\/image\\\/\"},\"sameAs\":[\"https:\\\/\\\/www.facebook.com\\\/Gp-Automatic-Official-107196874745459\\\/\",\"https:\\\/\\\/www.instagram.com\\\/gpautomatic\"]}]}<\/script>\n<!-- \/ Yoast SEO plugin. -->","yoast_head_json":{"title":"BAH\u00c7E \u00c7\u0130T S\u0130STEMLER\u0130 - GP Automatic","robots":{"index":"index","follow":"follow","max-snippet":"max-snippet:-1","max-image-preview":"max-image-preview:large","max-video-preview":"max-video-preview:-1"},"canonical":"https:\/\/gpautomatic.com\/en\/bahce-cit-sistemleri\/","og_locale":"en_US","og_type":"article","og_title":"BAH\u00c7E \u00c7\u0130T S\u0130STEMLER\u0130 - GP Automatic","og_url":"https:\/\/gpautomatic.com\/en\/bahce-cit-sistemleri\/","og_site_name":"GP Automatic","article_publisher":"https:\/\/www.facebook.com\/Gp-Automatic-Official-107196874745459\/","article_modified_time":"2024-10-28T13:05:19+00:00","twitter_card":"summary_large_image","twitter_misc":{"Est. reading time":"2 minutes"},"schema":{"@context":"https:\/\/schema.org","@graph":[{"@type":"WebPage","@id":"https:\/\/gpautomatic.com\/bahce-cit-sistemleri\/","url":"https:\/\/gpautomatic.com\/bahce-cit-sistemleri\/","name":"BAH\u00c7E \u00c7\u0130T S\u0130STEMLER\u0130 - GP Automatic","isPartOf":{"@id":"https:\/\/gpautomatic.com\/#website"},"datePublished":"2024-10-28T13:04:15+00:00","dateModified":"2024-10-28T13:05:19+00:00","breadcrumb":{"@id":"https:\/\/gpautomatic.com\/bahce-cit-sistemleri\/#breadcrumb"},"inLanguage":"en-US","potentialAction":[{"@type":"ReadAction","target":["https:\/\/gpautomatic.com\/bahce-cit-sistemleri\/"]}]},{"@type":"BreadcrumbList","@id":"https:\/\/gpautomatic.com\/bahce-cit-sistemleri\/#breadcrumb","itemListElement":[{"@type":"ListItem","position":1,"name":"Anasayfa","item":"https:\/\/gpautomatic.com\/"},{"@type":"ListItem","position":2,"name":"BAH\u00c7E \u00c7\u0130T S\u0130STEMLER\u0130"}]},{"@type":"WebSite","@id":"https:\/\/gpautomatic.com\/#website","url":"https:\/\/gpautomatic.com\/","name":"GP Automatic","description":"It Makes Life Easier","publisher":{"@id":"https:\/\/gpautomatic.com\/#organization"},"potentialAction":[{"@type":"SearchAction","target":{"@type":"EntryPoint","urlTemplate":"https:\/\/gpautomatic.com\/?s={search_term_string}"},"query-input":{"@type":"PropertyValueSpecification","valueRequired":true,"valueName":"search_term_string"}}],"inLanguage":"en-US"},{"@type":"Organization","@id":"https:\/\/gpautomatic.com\/#organization","name":"Auto GP","url":"https:\/\/gpautomatic.com\/","logo":{"@type":"ImageObject","inLanguage":"en-US","@id":"https:\/\/gpautomatic.com\/#\/schema\/logo\/image\/","url":null,"contentUrl":null,"width":null,"height":null,"caption":"Gp Automatic"},"image":{"@id":"https:\/\/gpautomatic.com\/#\/schema\/logo\/image\/"},"sameAs":["https:\/\/www.facebook.com\/Gp-Automatic-Official-107196874745459\/","https:\/\/www.instagram.com\/gpautomatic"]}]}},"_links":{"self":[{"href":"https:\/\/gpautomatic.com\/en\/wp-json\/wp\/v2\/pages\/2271","targetHints":{"allow":["GET"]}}],"collection":[{"href":"https:\/\/gpautomatic.com\/en\/wp-json\/wp\/v2\/pages"}],"about":[{"href":"https:\/\/gpautomatic.com\/en\/wp-json\/wp\/v2\/types\/page"}],"author":[{"embeddable":true,"href":"https:\/\/gpautomatic.com\/en\/wp-json\/wp\/v2\/users\/1"}],"replies":[{"embeddable":true,"href":"https:\/\/gpautomatic.com\/en\/wp-json\/wp\/v2\/comments?post=2271"}],"version-history":[{"count":0,"href":"https:\/\/gpautomatic.com\/en\/wp-json\/wp\/v2\/pages\/2271\/revisions"}],"wp:attachment":[{"href":"https:\/\/gpautomatic.com\/en\/wp-json\/wp\/v2\/media?parent=2271"}],"curies":[{"name":"wp","href":"https:\/\/api.w.org\/{rel}","templated":true}]}}