{"id":2275,"date":"2024-10-28T16:09:36","date_gmt":"2024-10-28T13:09:36","guid":{"rendered":"https:\/\/gpautomatic.com\/?page_id=2275"},"modified":"2024-10-28T16:11:13","modified_gmt":"2024-10-28T13:11:13","slug":"gp-bungalow","status":"publish","type":"page","link":"https:\/\/gpautomatic.com\/en\/gp-bungalow\/","title":{"rendered":"GP BUNGALOW"},"content":{"rendered":"<div class=\"wpb-content-wrapper\"><section class=\"vc_row wpb_row vc_row-fluid\"><div class=\"container\"><div class=\"row\"><div class=\"wpb_column vc_column_container vc_col-sm-6\"><div class=\"vc_column-inner vc_custom_1728761386125\"><div class=\"wpb_wrapper\"><h2 style=\"text-align: left\" class=\"vc_custom_heading vc_do_custom_heading vc_custom_1730120866285\" ><strong>GP BUNGALOW<\/strong><\/h2>\n\t<div class=\"wpb_text_column wpb_content_element vc_custom_1730121039532\" >\n\t\t<div class=\"wpb_wrapper\">\n\t\t\t<h4><strong>HOW ABOUT FINDING PEACE IN THE SILENCE OF NATURE?<\/strong><\/h4>\n<div class=\"CbirOcr-TextBox CbirOcr-TextBox_size_0\"><strong>GP Bungalow,<\/strong> is a luxury accommodation option made of glass with a modern design. The property has the necessary equipment to meet your needs, such as a fully equipped kitchen, comfortable beds and a spacious living area. Also, the glass roof of the entire bungalow allows natural light to flood in, allowing you to enjoy the surrounding natural views. Furthermore, it is built using eco-friendly materials and equipped with energy-efficient heating systems. GP Bungalow offers an unforgettable experience for those looking for sustainable and eco-friendly accommodation options.<\/div>\n<div><\/div>\n<p><strong>What are the Features of GP Bungalow?<\/strong><\/p>\n<div class=\"CbirOcr-TextBox CbirOcr-TextBox_size_0\"><strong>Spectacular views:<\/strong><\/div>\n<div class=\"CbirOcr-TextBox CbirOcr-TextBox_size_0\">GP Bungalows are a perfect option for those who want to watch the natural beauty. With a full glass ceiling, you can see in every direction.<\/div>\n<div><\/div>\n<div class=\"CbirOcr-TextBox CbirOcr-TextBox_size_0\"><strong>A comfortable and luxurious experience:<\/strong><\/div>\n<div class=\"CbirOcr-TextBox CbirOcr-TextBox_size_0\">GP Bungalow is designed in line with the requirements ready to meet all your needs. All the equipment inside will provide you with the best service, a comfortable and pleasant stay.<\/div>\n<div><\/div>\n<div class=\"CbirOcr-TextBox CbirOcr-TextBox_size_0\"><strong>Unique design:<\/strong><\/div>\n<div class=\"CbirOcr-TextBox CbirOcr-TextBox_size_0\">GP Bungalow has a unique design. It has a modern and stylish look. GP Bungalow offers an unforgettable experience every time.<\/div>\n<div class=\"CbirOcr-TextBox CbirOcr-TextBox_size_0\">It is the perfect option for those looking for a comfortable and luxurious vacation. A unique design for those who want to enjoy the natural landscapes, be and remain environmentally conscious.<\/div>\n\n\t\t<\/div>\n\t<\/div>\n<\/div><\/div><\/div><div class=\"wpb_column vc_column_container vc_col-sm-6\"><div class=\"vc_column-inner vc_custom_1730113653602\"><div class=\"wpb_wrapper\">\n\t<div  class=\"wpb_single_image wpb_content_element vc_align_left wpb_content_element vc_custom_1730121070666\">\n\t\t\n\t\t<figure class=\"wpb_wrapper vc_figure\">\n\t\t\t<div class=\"vc_single_image-wrapper   vc_box_border_grey\"><img decoding=\"async\" width=\"960\" height=\"600\" data-src=\"https:\/\/gpautomatic.com\/wp-content\/uploads\/2024\/09\/GP-Bungalow_960X600-3.jpg\" class=\"vc_single_image-img attachment-full lazyload\" alt=\"\" title=\"GP Bungalow_960X600-3\" src=\"data:image\/svg+xml;base64,PHN2ZyB3aWR0aD0iMSIgaGVpZ2h0PSIxIiB4bWxucz0iaHR0cDovL3d3dy53My5vcmcvMjAwMC9zdmciPjwvc3ZnPg==\" style=\"--smush-placeholder-width: 960px; --smush-placeholder-aspect-ratio: 960\/600;\" \/><\/div>\n\t\t<\/figure>\n\t<\/div>\n\n\t<div  class=\"wpb_single_image wpb_content_element vc_align_left wpb_content_element vc_custom_1727448535885\">\n\t\t\n\t\t<figure class=\"wpb_wrapper vc_figure\">\n\t\t\t<div class=\"vc_single_image-wrapper   vc_box_border_grey\"><img decoding=\"async\" width=\"960\" height=\"600\" data-src=\"https:\/\/gpautomatic.com\/wp-content\/uploads\/2024\/09\/GP-Bungalow_960X600-2.jpg\" class=\"vc_single_image-img attachment-full lazyload\" alt=\"\" title=\"GP Bungalow_960X600-2\" src=\"data:image\/svg+xml;base64,PHN2ZyB3aWR0aD0iMSIgaGVpZ2h0PSIxIiB4bWxucz0iaHR0cDovL3d3dy53My5vcmcvMjAwMC9zdmciPjwvc3ZnPg==\" style=\"--smush-placeholder-width: 960px; --smush-placeholder-aspect-ratio: 960\/600;\" \/><\/div>\n\t\t<\/figure>\n\t<\/div>\n<\/div><\/div><\/div><\/div><\/div><div class=\"clearfix\"><\/div><\/section>\n<\/div>","protected":false},"excerpt":{"rendered":"GP BUNGALOW DO\u011eANIN SESS\u0130ZL\u0130\u011e\u0130NDE HUZUR BULMAYA NE DERS\u0130N? GP Bungalow, modern bir tasar\u0131ma sahip camdan yap\u0131lm\u0131\u015f l\u00fcks bir konaklama se\u00e7ene\u011fidir. Tesis, tam donan\u0131ml\u0131 bir mutfak, konforlu yataklar ve geni\u015f bir oturma alan\u0131 gibi ihtiya\u00e7lar\u0131n\u0131z\u0131 kar\u015f\u0131lamak i\u00e7in gerekli ekipmanlara sahiptir. Ayr\u0131ca, t\u00fcm bungalovun \u00e7at\u0131s\u0131n\u0131n cam olmas\u0131, do\u011fal \u0131\u015f\u0131\u011f\u0131n i\u00e7eriye yay\u0131lmas\u0131n\u0131 sa\u011flayarak \u00e7evredeki do\u011fal manzaralar\u0131n keyfini \u00e7\u0131karman\u0131z\u0131 [...]","protected":false},"author":1,"featured_media":0,"parent":0,"menu_order":0,"comment_status":"closed","ping_status":"closed","template":"page-templates\/template-fullwidth.php","meta":{"footnotes":""},"class_list":["post-2275","page","type-page","status-publish","hentry"],"yoast_head":"<!-- This site is optimized with the Yoast SEO plugin v27.4 - https:\/\/yoast.com\/product\/yoast-seo-wordpress\/ -->\n<title>GP BUNGALOW - GP Automatic<\/title>\n<meta name=\"robots\" content=\"index, follow, max-snippet:-1, max-image-preview:large, max-video-preview:-1\" \/>\n<link rel=\"canonical\" href=\"https:\/\/gpautomatic.com\/en\/gp-bungalow\/\" \/>\n<meta property=\"og:locale\" content=\"en_US\" \/>\n<meta property=\"og:type\" content=\"article\" \/>\n<meta property=\"og:title\" content=\"GP BUNGALOW - GP Automatic\" \/>\n<meta property=\"og:url\" content=\"https:\/\/gpautomatic.com\/en\/gp-bungalow\/\" \/>\n<meta property=\"og:site_name\" content=\"GP Automatic\" \/>\n<meta property=\"article:publisher\" content=\"https:\/\/www.facebook.com\/Gp-Automatic-Official-107196874745459\/\" \/>\n<meta property=\"article:modified_time\" content=\"2024-10-28T13:11:13+00:00\" \/>\n<meta name=\"twitter:card\" content=\"summary_large_image\" \/>\n<meta name=\"twitter:label1\" content=\"Est. reading time\" \/>\n\t<meta name=\"twitter:data1\" content=\"2 minutes\" \/>\n<script type=\"application\/ld+json\" class=\"yoast-schema-graph\">{\"@context\":\"https:\\\/\\\/schema.org\",\"@graph\":[{\"@type\":\"WebPage\",\"@id\":\"https:\\\/\\\/gpautomatic.com\\\/gp-bungalow\\\/\",\"url\":\"https:\\\/\\\/gpautomatic.com\\\/gp-bungalow\\\/\",\"name\":\"GP BUNGALOW - GP Automatic\",\"isPartOf\":{\"@id\":\"https:\\\/\\\/gpautomatic.com\\\/#website\"},\"datePublished\":\"2024-10-28T13:09:36+00:00\",\"dateModified\":\"2024-10-28T13:11:13+00:00\",\"breadcrumb\":{\"@id\":\"https:\\\/\\\/gpautomatic.com\\\/gp-bungalow\\\/#breadcrumb\"},\"inLanguage\":\"en-US\",\"potentialAction\":[{\"@type\":\"ReadAction\",\"target\":[\"https:\\\/\\\/gpautomatic.com\\\/gp-bungalow\\\/\"]}]},{\"@type\":\"BreadcrumbList\",\"@id\":\"https:\\\/\\\/gpautomatic.com\\\/gp-bungalow\\\/#breadcrumb\",\"itemListElement\":[{\"@type\":\"ListItem\",\"position\":1,\"name\":\"Anasayfa\",\"item\":\"https:\\\/\\\/gpautomatic.com\\\/\"},{\"@type\":\"ListItem\",\"position\":2,\"name\":\"GP BUNGALOW\"}]},{\"@type\":\"WebSite\",\"@id\":\"https:\\\/\\\/gpautomatic.com\\\/#website\",\"url\":\"https:\\\/\\\/gpautomatic.com\\\/\",\"name\":\"GP Automatic\",\"description\":\"It Makes Life Easier\",\"publisher\":{\"@id\":\"https:\\\/\\\/gpautomatic.com\\\/#organization\"},\"potentialAction\":[{\"@type\":\"SearchAction\",\"target\":{\"@type\":\"EntryPoint\",\"urlTemplate\":\"https:\\\/\\\/gpautomatic.com\\\/?s={search_term_string}\"},\"query-input\":{\"@type\":\"PropertyValueSpecification\",\"valueRequired\":true,\"valueName\":\"search_term_string\"}}],\"inLanguage\":\"en-US\"},{\"@type\":\"Organization\",\"@id\":\"https:\\\/\\\/gpautomatic.com\\\/#organization\",\"name\":\"Gp Automatic\",\"url\":\"https:\\\/\\\/gpautomatic.com\\\/\",\"logo\":{\"@type\":\"ImageObject\",\"inLanguage\":\"en-US\",\"@id\":\"https:\\\/\\\/gpautomatic.com\\\/#\\\/schema\\\/logo\\\/image\\\/\",\"url\":null,\"contentUrl\":null,\"width\":null,\"height\":null,\"caption\":\"Gp Automatic\"},\"image\":{\"@id\":\"https:\\\/\\\/gpautomatic.com\\\/#\\\/schema\\\/logo\\\/image\\\/\"},\"sameAs\":[\"https:\\\/\\\/www.facebook.com\\\/Gp-Automatic-Official-107196874745459\\\/\",\"https:\\\/\\\/www.instagram.com\\\/gpautomatic\"]}]}<\/script>\n<!-- \/ Yoast SEO plugin. -->","yoast_head_json":{"title":"GP BUNGALOW - GP Automatic","robots":{"index":"index","follow":"follow","max-snippet":"max-snippet:-1","max-image-preview":"max-image-preview:large","max-video-preview":"max-video-preview:-1"},"canonical":"https:\/\/gpautomatic.com\/en\/gp-bungalow\/","og_locale":"en_US","og_type":"article","og_title":"GP BUNGALOW - GP Automatic","og_url":"https:\/\/gpautomatic.com\/en\/gp-bungalow\/","og_site_name":"GP Automatic","article_publisher":"https:\/\/www.facebook.com\/Gp-Automatic-Official-107196874745459\/","article_modified_time":"2024-10-28T13:11:13+00:00","twitter_card":"summary_large_image","twitter_misc":{"Est. reading time":"2 minutes"},"schema":{"@context":"https:\/\/schema.org","@graph":[{"@type":"WebPage","@id":"https:\/\/gpautomatic.com\/gp-bungalow\/","url":"https:\/\/gpautomatic.com\/gp-bungalow\/","name":"GP BUNGALOW - GP Automatic","isPartOf":{"@id":"https:\/\/gpautomatic.com\/#website"},"datePublished":"2024-10-28T13:09:36+00:00","dateModified":"2024-10-28T13:11:13+00:00","breadcrumb":{"@id":"https:\/\/gpautomatic.com\/gp-bungalow\/#breadcrumb"},"inLanguage":"en-US","potentialAction":[{"@type":"ReadAction","target":["https:\/\/gpautomatic.com\/gp-bungalow\/"]}]},{"@type":"BreadcrumbList","@id":"https:\/\/gpautomatic.com\/gp-bungalow\/#breadcrumb","itemListElement":[{"@type":"ListItem","position":1,"name":"Anasayfa","item":"https:\/\/gpautomatic.com\/"},{"@type":"ListItem","position":2,"name":"GP BUNGALOW"}]},{"@type":"WebSite","@id":"https:\/\/gpautomatic.com\/#website","url":"https:\/\/gpautomatic.com\/","name":"GP Automatic","description":"It Makes Life Easier","publisher":{"@id":"https:\/\/gpautomatic.com\/#organization"},"potentialAction":[{"@type":"SearchAction","target":{"@type":"EntryPoint","urlTemplate":"https:\/\/gpautomatic.com\/?s={search_term_string}"},"query-input":{"@type":"PropertyValueSpecification","valueRequired":true,"valueName":"search_term_string"}}],"inLanguage":"en-US"},{"@type":"Organization","@id":"https:\/\/gpautomatic.com\/#organization","name":"Auto GP","url":"https:\/\/gpautomatic.com\/","logo":{"@type":"ImageObject","inLanguage":"en-US","@id":"https:\/\/gpautomatic.com\/#\/schema\/logo\/image\/","url":null,"contentUrl":null,"width":null,"height":null,"caption":"Gp Automatic"},"image":{"@id":"https:\/\/gpautomatic.com\/#\/schema\/logo\/image\/"},"sameAs":["https:\/\/www.facebook.com\/Gp-Automatic-Official-107196874745459\/","https:\/\/www.instagram.com\/gpautomatic"]}]}},"_links":{"self":[{"href":"https:\/\/gpautomatic.com\/en\/wp-json\/wp\/v2\/pages\/2275","targetHints":{"allow":["GET"]}}],"collection":[{"href":"https:\/\/gpautomatic.com\/en\/wp-json\/wp\/v2\/pages"}],"about":[{"href":"https:\/\/gpautomatic.com\/en\/wp-json\/wp\/v2\/types\/page"}],"author":[{"embeddable":true,"href":"https:\/\/gpautomatic.com\/en\/wp-json\/wp\/v2\/users\/1"}],"replies":[{"embeddable":true,"href":"https:\/\/gpautomatic.com\/en\/wp-json\/wp\/v2\/comments?post=2275"}],"version-history":[{"count":0,"href":"https:\/\/gpautomatic.com\/en\/wp-json\/wp\/v2\/pages\/2275\/revisions"}],"wp:attachment":[{"href":"https:\/\/gpautomatic.com\/en\/wp-json\/wp\/v2\/media?parent=2275"}],"curies":[{"name":"wp","href":"https:\/\/api.w.org\/{rel}","templated":true}]}}