{"id":2566,"date":"2025-02-25T13:49:24","date_gmt":"2025-02-25T10:49:24","guid":{"rendered":"https:\/\/gpautomatic.com\/?page_id=2566"},"modified":"2025-02-25T15:36:05","modified_gmt":"2025-02-25T12:36:05","slug":"solidplus","status":"publish","type":"page","link":"https:\/\/gpautomatic.com\/en\/solidplus\/","title":{"rendered":"SOLIDPLUS"},"content":{"rendered":"<div class=\"wpb-content-wrapper\"><section class=\"vc_row wpb_row vc_row-fluid\"><div class=\"container\"><div class=\"row\"><div class=\"wpb_column vc_column_container vc_col-sm-6\"><div class=\"vc_column-inner vc_custom_1740481564528\"><div class=\"wpb_wrapper\">\n\t<div class=\"wpb_text_column wpb_content_element vc_custom_1740481507654\" >\n\t\t<div class=\"wpb_wrapper\">\n\t\t\t<h4 class=\"dark-color\"><strong>THE NEW DEFINITION OF LUXURY \u201cSOLIDPLUS\u201d<\/strong><\/h4>\n<p><strong>What is SolidPlus?<\/strong>\u00a0 It is the shutter and shutter system of the future where transparency, durability and innovative design come together. Made of transparent solid carbon material, SolidPlus has an aesthetic appearance and superior performance in line with modern architecture. It is quieter, more durable and more functional compared to traditional systems. Thanks to the special scissor system used on the sides, the moving panels can be fully closed, half opened or fully opened, providing maximum flexibility to the user and providing a natural coolness by providing fresh air flow on hot summer days.<\/p>\n<p>Whether it's a home, office or commercial space, SolidPlus fits perfectly into every space, providing both protection and aesthetic appeal. With its next generation technology and durability, SolidPlus is more than just an ordinary closing system, it is an architectural solution that adds value to your living spaces.<\/p>\n<p><strong>SolidPlus,<\/strong> l\u00fcks ve konforu bir arada sunan modern bir kapama sistemidir. \u015eeffaf solid karbon malzemeden \u00fcretilen bu e\u015fsiz tasar\u0131m, estetik g\u00f6r\u00fcn\u00fcm\u00fcyle mek\u00e2nlar\u0131n\u0131za de\u011fer katar. Geli\u015fmi\u015f makas sistemiyle i\u015flevselli\u011fi ve zarafeti bir araya getiren SolidPlus, konforu yeniden tan\u0131ml\u0131yor.<\/p>\n<p><strong>PREMIUM KAL\u0130TE VE DAYANIKLILIK <\/strong><\/p>\n<p><strong>SolidPlus,<\/strong> is a premium closure system with its durability and aesthetic design. Thanks to its transparent panels, it prioritizes both visuality and light transmission. Offering superior performance in all seasons with its bioclimatic features, SolidPlus is not only a product, but also a representative of a quality lifestyle.<\/p>\n<p><strong>MODERN AESTHETICS AND EASE OF USE<\/strong><\/p>\n<p><strong>SolidPlus,<\/strong> adapts to every space with its aesthetic design. Transparent panels with minimalist and modern lines attract attention both functionally and visually. With its ergonomic design, it adds comfort to your daily life. SolidPlus is designed to increase the elegance and functionality of your spaces.<\/p>\n\n\t\t<\/div>\n\t<\/div>\n<\/div><\/div><\/div><div class=\"wpb_column vc_column_container vc_col-sm-6\"><div class=\"vc_column-inner\"><div class=\"wpb_wrapper\">\n\t<div  class=\"wpb_single_image wpb_content_element vc_align_left wpb_content_element vc_custom_1740481438260\">\n\t\t\n\t\t<figure class=\"wpb_wrapper vc_figure\">\n\t\t\t<div class=\"vc_single_image-wrapper   vc_box_border_grey\"><img decoding=\"async\" width=\"901\" height=\"601\" data-src=\"https:\/\/gpautomatic.com\/wp-content\/uploads\/2025\/02\/SolidPlus_900x600_d.jpg\" class=\"vc_single_image-img attachment-full lazyload\" alt=\"\" title=\"SolidPlus_900x600_d\" data-srcset=\"https:\/\/gpautomatic.com\/wp-content\/uploads\/2025\/02\/SolidPlus_900x600_d.jpg 901w, https:\/\/gpautomatic.com\/wp-content\/uploads\/2025\/02\/SolidPlus_900x600_d-300x200.jpg 300w, https:\/\/gpautomatic.com\/wp-content\/uploads\/2025\/02\/SolidPlus_900x600_d-768x512.jpg 768w, https:\/\/gpautomatic.com\/wp-content\/uploads\/2025\/02\/SolidPlus_900x600_d-18x12.jpg 18w\" data-sizes=\"(max-width: 901px) 100vw, 901px\" src=\"data:image\/svg+xml;base64,PHN2ZyB3aWR0aD0iMSIgaGVpZ2h0PSIxIiB4bWxucz0iaHR0cDovL3d3dy53My5vcmcvMjAwMC9zdmciPjwvc3ZnPg==\" style=\"--smush-placeholder-width: 901px; --smush-placeholder-aspect-ratio: 901\/601;\" \/><\/div>\n\t\t<\/figure>\n\t<\/div>\n\n\t<div  class=\"wpb_single_image wpb_content_element vc_align_left wpb_content_element vc_custom_1740479730833\">\n\t\t\n\t\t<figure class=\"wpb_wrapper vc_figure\">\n\t\t\t<div class=\"vc_single_image-wrapper   vc_box_border_grey\"><img decoding=\"async\" width=\"901\" height=\"601\" data-src=\"https:\/\/gpautomatic.com\/wp-content\/uploads\/2025\/02\/SolidPlus_900x600_a.jpg\" class=\"vc_single_image-img attachment-full lazyload\" alt=\"\" title=\"SolidPlus_900x600_a\" data-srcset=\"https:\/\/gpautomatic.com\/wp-content\/uploads\/2025\/02\/SolidPlus_900x600_a.jpg 901w, https:\/\/gpautomatic.com\/wp-content\/uploads\/2025\/02\/SolidPlus_900x600_a-300x200.jpg 300w, https:\/\/gpautomatic.com\/wp-content\/uploads\/2025\/02\/SolidPlus_900x600_a-768x512.jpg 768w, https:\/\/gpautomatic.com\/wp-content\/uploads\/2025\/02\/SolidPlus_900x600_a-18x12.jpg 18w\" data-sizes=\"(max-width: 901px) 100vw, 901px\" src=\"data:image\/svg+xml;base64,PHN2ZyB3aWR0aD0iMSIgaGVpZ2h0PSIxIiB4bWxucz0iaHR0cDovL3d3dy53My5vcmcvMjAwMC9zdmciPjwvc3ZnPg==\" style=\"--smush-placeholder-width: 901px; --smush-placeholder-aspect-ratio: 901\/601;\" \/><\/div>\n\t\t<\/figure>\n\t<\/div>\n<\/div><\/div><\/div><\/div><\/div><div class=\"clearfix\"><\/div><\/section>\n<\/div>","protected":false},"excerpt":{"rendered":"L\u00dcKS\u00dcN YEN\u0130 TANIMI \"SOLIDPLUS\" SolidPlus Nedir?\u00a0 \u015eeffafl\u0131k, dayan\u0131kl\u0131l\u0131k ve yenilik\u00e7i tasar\u0131m\u0131n bir araya geldi\u011fi, gelece\u011fin kepenk ve panjur sistemidir. \u015eeffaf solid karbon malzemeden \u00fcretilmi\u015f olan SolidPlus, modern mimari anlay\u0131\u015f\u0131na uygun, estetik bir g\u00f6r\u00fcn\u00fcme ve \u00fcst\u00fcn performansa sahiptir. Geleneksel sistemlere k\u0131yasla daha sessiz, daha dayan\u0131kl\u0131 ve daha i\u015flevseldir. Yanlarda kullan\u0131lan \u00f6zel makas sistemi sayesinde hareket eden [...]","protected":false},"author":1,"featured_media":0,"parent":0,"menu_order":0,"comment_status":"closed","ping_status":"closed","template":"page-templates\/template-fullwidth.php","meta":{"footnotes":""},"class_list":["post-2566","page","type-page","status-publish","hentry"],"yoast_head":"<!-- This site is optimized with the Yoast SEO plugin v27.4 - https:\/\/yoast.com\/product\/yoast-seo-wordpress\/ -->\n<title>SOLIDPLUS - GP Automatic<\/title>\n<meta name=\"description\" content=\"SolidPlus \u015eeffaf Panjur, tam a\u00e7\u0131l\u0131r ve yar\u0131m a\u00e7\u0131l\u0131r \u00f6zellikleriyle kullan\u0131c\u0131ya maksimum esneklik ve Sa\u011flaml\u0131k sa\u011flar, premium kalite ve dayan\u0131kl\u0131l\u0131kla l\u00fcks ya\u015fam alanlar\u0131 i\u00e7in tasarland\u0131. \u015eeffaf karbon malzeme ile estetik g\u00f6r\u00fcn\u00fcm! Do\u011fal hava ak\u0131\u015f\u0131 i\u00e7in ideal \u00e7\u00f6z\u00fcm!\" \/>\n<meta name=\"robots\" content=\"index, follow, max-snippet:-1, max-image-preview:large, max-video-preview:-1\" \/>\n<link rel=\"canonical\" href=\"https:\/\/gpautomatic.com\/en\/solidplus\/\" \/>\n<meta property=\"og:locale\" content=\"en_US\" \/>\n<meta property=\"og:type\" content=\"article\" \/>\n<meta property=\"og:title\" content=\"SOLIDPLUS - GP Automatic\" \/>\n<meta property=\"og:description\" content=\"SolidPlus \u015eeffaf Panjur, tam a\u00e7\u0131l\u0131r ve yar\u0131m a\u00e7\u0131l\u0131r \u00f6zellikleriyle kullan\u0131c\u0131ya maksimum esneklik ve Sa\u011flaml\u0131k sa\u011flar, premium kalite ve dayan\u0131kl\u0131l\u0131kla l\u00fcks ya\u015fam alanlar\u0131 i\u00e7in tasarland\u0131. \u015eeffaf karbon malzeme ile estetik g\u00f6r\u00fcn\u00fcm! Do\u011fal hava ak\u0131\u015f\u0131 i\u00e7in ideal \u00e7\u00f6z\u00fcm!\" \/>\n<meta property=\"og:url\" content=\"https:\/\/gpautomatic.com\/en\/solidplus\/\" \/>\n<meta property=\"og:site_name\" content=\"GP Automatic\" \/>\n<meta property=\"article:publisher\" content=\"https:\/\/www.facebook.com\/Gp-Automatic-Official-107196874745459\/\" \/>\n<meta property=\"article:modified_time\" content=\"2025-02-25T12:36:05+00:00\" \/>\n<meta name=\"twitter:card\" content=\"summary_large_image\" \/>\n<meta name=\"twitter:label1\" content=\"Est. reading time\" \/>\n\t<meta name=\"twitter:data1\" content=\"3 minutes\" \/>\n<script type=\"application\/ld+json\" class=\"yoast-schema-graph\">{\"@context\":\"https:\\\/\\\/schema.org\",\"@graph\":[{\"@type\":\"WebPage\",\"@id\":\"https:\\\/\\\/gpautomatic.com\\\/solidplus\\\/\",\"url\":\"https:\\\/\\\/gpautomatic.com\\\/solidplus\\\/\",\"name\":\"SOLIDPLUS - GP Automatic\",\"isPartOf\":{\"@id\":\"https:\\\/\\\/gpautomatic.com\\\/#website\"},\"datePublished\":\"2025-02-25T10:49:24+00:00\",\"dateModified\":\"2025-02-25T12:36:05+00:00\",\"description\":\"SolidPlus \u015eeffaf Panjur, tam a\u00e7\u0131l\u0131r ve yar\u0131m a\u00e7\u0131l\u0131r \u00f6zellikleriyle kullan\u0131c\u0131ya maksimum esneklik ve Sa\u011flaml\u0131k sa\u011flar, premium kalite ve dayan\u0131kl\u0131l\u0131kla l\u00fcks ya\u015fam alanlar\u0131 i\u00e7in tasarland\u0131. \u015eeffaf karbon malzeme ile estetik g\u00f6r\u00fcn\u00fcm! Do\u011fal hava ak\u0131\u015f\u0131 i\u00e7in ideal \u00e7\u00f6z\u00fcm!\",\"breadcrumb\":{\"@id\":\"https:\\\/\\\/gpautomatic.com\\\/solidplus\\\/#breadcrumb\"},\"inLanguage\":\"en-US\",\"potentialAction\":[{\"@type\":\"ReadAction\",\"target\":[\"https:\\\/\\\/gpautomatic.com\\\/solidplus\\\/\"]}]},{\"@type\":\"BreadcrumbList\",\"@id\":\"https:\\\/\\\/gpautomatic.com\\\/solidplus\\\/#breadcrumb\",\"itemListElement\":[{\"@type\":\"ListItem\",\"position\":1,\"name\":\"Anasayfa\",\"item\":\"https:\\\/\\\/gpautomatic.com\\\/\"},{\"@type\":\"ListItem\",\"position\":2,\"name\":\"SOLIDPLUS\"}]},{\"@type\":\"WebSite\",\"@id\":\"https:\\\/\\\/gpautomatic.com\\\/#website\",\"url\":\"https:\\\/\\\/gpautomatic.com\\\/\",\"name\":\"GP Automatic\",\"description\":\"It Makes Life Easier\",\"publisher\":{\"@id\":\"https:\\\/\\\/gpautomatic.com\\\/#organization\"},\"potentialAction\":[{\"@type\":\"SearchAction\",\"target\":{\"@type\":\"EntryPoint\",\"urlTemplate\":\"https:\\\/\\\/gpautomatic.com\\\/?s={search_term_string}\"},\"query-input\":{\"@type\":\"PropertyValueSpecification\",\"valueRequired\":true,\"valueName\":\"search_term_string\"}}],\"inLanguage\":\"en-US\"},{\"@type\":\"Organization\",\"@id\":\"https:\\\/\\\/gpautomatic.com\\\/#organization\",\"name\":\"Gp Automatic\",\"url\":\"https:\\\/\\\/gpautomatic.com\\\/\",\"logo\":{\"@type\":\"ImageObject\",\"inLanguage\":\"en-US\",\"@id\":\"https:\\\/\\\/gpautomatic.com\\\/#\\\/schema\\\/logo\\\/image\\\/\",\"url\":null,\"contentUrl\":null,\"width\":null,\"height\":null,\"caption\":\"Gp Automatic\"},\"image\":{\"@id\":\"https:\\\/\\\/gpautomatic.com\\\/#\\\/schema\\\/logo\\\/image\\\/\"},\"sameAs\":[\"https:\\\/\\\/www.facebook.com\\\/Gp-Automatic-Official-107196874745459\\\/\",\"https:\\\/\\\/www.instagram.com\\\/gpautomatic\"]}]}<\/script>\n<!-- \/ Yoast SEO plugin. -->","yoast_head_json":{"title":"SOLIDPLUS - GP Automatic","description":"SolidPlus \u015eeffaf Panjur, tam a\u00e7\u0131l\u0131r ve yar\u0131m a\u00e7\u0131l\u0131r \u00f6zellikleriyle kullan\u0131c\u0131ya maksimum esneklik ve Sa\u011flaml\u0131k sa\u011flar, premium kalite ve dayan\u0131kl\u0131l\u0131kla l\u00fcks ya\u015fam alanlar\u0131 i\u00e7in tasarland\u0131. \u015eeffaf karbon malzeme ile estetik g\u00f6r\u00fcn\u00fcm! Do\u011fal hava ak\u0131\u015f\u0131 i\u00e7in ideal \u00e7\u00f6z\u00fcm!","robots":{"index":"index","follow":"follow","max-snippet":"max-snippet:-1","max-image-preview":"max-image-preview:large","max-video-preview":"max-video-preview:-1"},"canonical":"https:\/\/gpautomatic.com\/en\/solidplus\/","og_locale":"en_US","og_type":"article","og_title":"SOLIDPLUS - GP Automatic","og_description":"SolidPlus \u015eeffaf Panjur, tam a\u00e7\u0131l\u0131r ve yar\u0131m a\u00e7\u0131l\u0131r \u00f6zellikleriyle kullan\u0131c\u0131ya maksimum esneklik ve Sa\u011flaml\u0131k sa\u011flar, premium kalite ve dayan\u0131kl\u0131l\u0131kla l\u00fcks ya\u015fam alanlar\u0131 i\u00e7in tasarland\u0131. \u015eeffaf karbon malzeme ile estetik g\u00f6r\u00fcn\u00fcm! Do\u011fal hava ak\u0131\u015f\u0131 i\u00e7in ideal \u00e7\u00f6z\u00fcm!","og_url":"https:\/\/gpautomatic.com\/en\/solidplus\/","og_site_name":"GP Automatic","article_publisher":"https:\/\/www.facebook.com\/Gp-Automatic-Official-107196874745459\/","article_modified_time":"2025-02-25T12:36:05+00:00","twitter_card":"summary_large_image","twitter_misc":{"Est. reading time":"3 minutes"},"schema":{"@context":"https:\/\/schema.org","@graph":[{"@type":"WebPage","@id":"https:\/\/gpautomatic.com\/solidplus\/","url":"https:\/\/gpautomatic.com\/solidplus\/","name":"SOLIDPLUS - GP Automatic","isPartOf":{"@id":"https:\/\/gpautomatic.com\/#website"},"datePublished":"2025-02-25T10:49:24+00:00","dateModified":"2025-02-25T12:36:05+00:00","description":"SolidPlus \u015eeffaf Panjur, tam a\u00e7\u0131l\u0131r ve yar\u0131m a\u00e7\u0131l\u0131r \u00f6zellikleriyle kullan\u0131c\u0131ya maksimum esneklik ve Sa\u011flaml\u0131k sa\u011flar, premium kalite ve dayan\u0131kl\u0131l\u0131kla l\u00fcks ya\u015fam alanlar\u0131 i\u00e7in tasarland\u0131. \u015eeffaf karbon malzeme ile estetik g\u00f6r\u00fcn\u00fcm! Do\u011fal hava ak\u0131\u015f\u0131 i\u00e7in ideal \u00e7\u00f6z\u00fcm!","breadcrumb":{"@id":"https:\/\/gpautomatic.com\/solidplus\/#breadcrumb"},"inLanguage":"en-US","potentialAction":[{"@type":"ReadAction","target":["https:\/\/gpautomatic.com\/solidplus\/"]}]},{"@type":"BreadcrumbList","@id":"https:\/\/gpautomatic.com\/solidplus\/#breadcrumb","itemListElement":[{"@type":"ListItem","position":1,"name":"Anasayfa","item":"https:\/\/gpautomatic.com\/"},{"@type":"ListItem","position":2,"name":"SOLIDPLUS"}]},{"@type":"WebSite","@id":"https:\/\/gpautomatic.com\/#website","url":"https:\/\/gpautomatic.com\/","name":"GP Automatic","description":"It Makes Life Easier","publisher":{"@id":"https:\/\/gpautomatic.com\/#organization"},"potentialAction":[{"@type":"SearchAction","target":{"@type":"EntryPoint","urlTemplate":"https:\/\/gpautomatic.com\/?s={search_term_string}"},"query-input":{"@type":"PropertyValueSpecification","valueRequired":true,"valueName":"search_term_string"}}],"inLanguage":"en-US"},{"@type":"Organization","@id":"https:\/\/gpautomatic.com\/#organization","name":"Auto GP","url":"https:\/\/gpautomatic.com\/","logo":{"@type":"ImageObject","inLanguage":"en-US","@id":"https:\/\/gpautomatic.com\/#\/schema\/logo\/image\/","url":null,"contentUrl":null,"width":null,"height":null,"caption":"Gp Automatic"},"image":{"@id":"https:\/\/gpautomatic.com\/#\/schema\/logo\/image\/"},"sameAs":["https:\/\/www.facebook.com\/Gp-Automatic-Official-107196874745459\/","https:\/\/www.instagram.com\/gpautomatic"]}]}},"_links":{"self":[{"href":"https:\/\/gpautomatic.com\/en\/wp-json\/wp\/v2\/pages\/2566","targetHints":{"allow":["GET"]}}],"collection":[{"href":"https:\/\/gpautomatic.com\/en\/wp-json\/wp\/v2\/pages"}],"about":[{"href":"https:\/\/gpautomatic.com\/en\/wp-json\/wp\/v2\/types\/page"}],"author":[{"embeddable":true,"href":"https:\/\/gpautomatic.com\/en\/wp-json\/wp\/v2\/users\/1"}],"replies":[{"embeddable":true,"href":"https:\/\/gpautomatic.com\/en\/wp-json\/wp\/v2\/comments?post=2566"}],"version-history":[{"count":9,"href":"https:\/\/gpautomatic.com\/en\/wp-json\/wp\/v2\/pages\/2566\/revisions"}],"predecessor-version":[{"id":2580,"href":"https:\/\/gpautomatic.com\/en\/wp-json\/wp\/v2\/pages\/2566\/revisions\/2580"}],"wp:attachment":[{"href":"https:\/\/gpautomatic.com\/en\/wp-json\/wp\/v2\/media?parent=2566"}],"curies":[{"name":"wp","href":"https:\/\/api.w.org\/{rel}","templated":true}]}}